{"id":11182,"date":"2024-09-21T15:14:42","date_gmt":"2024-09-21T15:14:42","guid":{"rendered":"https:\/\/clinicdpc.lt\/about-us\/"},"modified":"2025-02-19T10:29:20","modified_gmt":"2025-02-19T08:29:20","slug":"about-us","status":"publish","type":"page","link":"https:\/\/clinicdpc.lt\/en\/about-us\/","title":{"rendered":"About us"},"content":{"rendered":"\t\t<div data-elementor-type=\"wp-page\" data-elementor-id=\"11182\" class=\"elementor elementor-11182 elementor-11134\" data-elementor-post-type=\"page\">\n\t\t\t\t<div class=\"elementor-element elementor-element-2ac27af e-flex e-con-boxed e-con e-parent\" data-id=\"2ac27af\" data-element_type=\"container\" data-e-type=\"container\">\n\t\t\t\t\t<div class=\"e-con-inner\">\n\t\t\t\t<div class=\"elementor-element elementor-element-ea01979 elementor-widget elementor-widget-video\" data-id=\"ea01979\" data-element_type=\"widget\" data-e-type=\"widget\" data-settings=\"{&quot;youtube_url&quot;:&quot;https:\\\/\\\/www.youtube.com\\\/watch?v=28GYlVmUE9k&quot;,&quot;video_type&quot;:&quot;youtube&quot;,&quot;controls&quot;:&quot;yes&quot;}\" data-widget_type=\"video.default\">\n\t\t\t\t<div class=\"elementor-widget-container\">\n\t\t\t\t\t\t\t<div class=\"elementor-wrapper elementor-open-inline\">\n\t\t\t<div class=\"elementor-video\"><\/div>\t\t<\/div>\n\t\t\t\t\t\t<\/div>\n\t\t\t\t<\/div>\n\t\t\t\t\t<\/div>\n\t\t\t\t<\/div>\n\t\t<div class=\"elementor-element elementor-element-5553505 e-flex e-con-boxed e-con e-parent\" data-id=\"5553505\" data-element_type=\"container\" data-e-type=\"container\">\n\t\t\t\t\t<div class=\"e-con-inner\">\n\t\t\t\t<div class=\"elementor-element elementor-element-329ea66 elementor-widget-divider--view-line elementor-widget elementor-widget-divider\" data-id=\"329ea66\" data-element_type=\"widget\" data-e-type=\"widget\" data-widget_type=\"divider.default\">\n\t\t\t\t<div class=\"elementor-widget-container\">\n\t\t\t\t\t\t\t<div class=\"elementor-divider\">\n\t\t\t<span class=\"elementor-divider-separator\">\n\t\t\t\t\t\t<\/span>\n\t\t<\/div>\n\t\t\t\t\t\t<\/div>\n\t\t\t\t<\/div>\n\t\t\t\t\t<\/div>\n\t\t\t\t<\/div>\n\t\t<div class=\"elementor-element elementor-element-230e08b e-flex e-con-boxed e-con e-parent\" data-id=\"230e08b\" data-element_type=\"container\" data-e-type=\"container\">\n\t\t\t\t\t<div class=\"e-con-inner\">\n\t\t\t\t<div class=\"elementor-element elementor-element-e0b2c2b elementor-widget elementor-widget-heading\" data-id=\"e0b2c2b\" data-element_type=\"widget\" data-e-type=\"widget\" data-widget_type=\"heading.default\">\n\t\t\t\t<div class=\"elementor-widget-container\">\n\t\t\t\t\t<h1 class=\"elementor-heading-title elementor-size-default\">Who are we?<\/h1>\t\t\t\t<\/div>\n\t\t\t\t<\/div>\n\t\t\t\t<div class=\"elementor-element elementor-element-6565b2e elementor-widget elementor-widget-text-editor\" data-id=\"6565b2e\" data-element_type=\"widget\" data-e-type=\"widget\" data-widget_type=\"text-editor.default\">\n\t\t\t\t<div class=\"elementor-widget-container\">\n\t\t\t\t\t\t\t\t\t<p>CLINIC | DPC \u2013 is the largest network of dental clinics in Lithuania.<\/p>\n\t\t\t\t\t\t\t\t<\/div>\n\t\t\t\t<\/div>\n\t\t\t\t<div class=\"elementor-element elementor-element-dc22f1e elementor-widget elementor-widget-text-editor\" data-id=\"dc22f1e\" data-element_type=\"widget\" data-e-type=\"widget\" data-widget_type=\"text-editor.default\">\n\t\t\t\t<div class=\"elementor-widget-container\">\n\t\t\t\t\t\t\t\t\t<p>We provide all modern oral care, prosthetics, and surgical services. We work with certified high-quality materials and modern equipment, and our qualified specialists offer treatment in a calm and confidence-inspiring environment. <\/p>\n<\/p>\n<p>Our goal is to help you smile broadly and enjoy life, as every smile has its own story!<\/p>\n\t\t\t\t\t\t\t\t<\/div>\n\t\t\t\t<\/div>\n\t\t\t\t\t<\/div>\n\t\t\t\t<\/div>\n\t\t<div class=\"elementor-element elementor-element-861ff78 e-flex e-con-boxed e-con e-parent\" data-id=\"861ff78\" data-element_type=\"container\" data-e-type=\"container\">\n\t\t\t\t\t<div class=\"e-con-inner\">\n\t\t\t\t<div class=\"elementor-element elementor-element-16e9ce8 elementor-widget-divider--view-line elementor-widget elementor-widget-divider\" data-id=\"16e9ce8\" data-element_type=\"widget\" data-e-type=\"widget\" data-widget_type=\"divider.default\">\n\t\t\t\t<div class=\"elementor-widget-container\">\n\t\t\t\t\t\t\t<div class=\"elementor-divider\">\n\t\t\t<span class=\"elementor-divider-separator\">\n\t\t\t\t\t\t<\/span>\n\t\t<\/div>\n\t\t\t\t\t\t<\/div>\n\t\t\t\t<\/div>\n\t\t\t\t\t<\/div>\n\t\t\t\t<\/div>\n\t\t<div class=\"elementor-element elementor-element-b20436e e-flex e-con-boxed e-con e-parent\" data-id=\"b20436e\" data-element_type=\"container\" data-e-type=\"container\">\n\t\t\t\t\t<div class=\"e-con-inner\">\n\t\t\t\t<div class=\"elementor-element elementor-element-0f886be elementor-widget elementor-widget-heading\" data-id=\"0f886be\" data-element_type=\"widget\" data-e-type=\"widget\" data-widget_type=\"heading.default\">\n\t\t\t\t<div class=\"elementor-widget-container\">\n\t\t\t\t\t<h2 class=\"elementor-heading-title elementor-size-default\">Our Success Story<\/h2>\t\t\t\t<\/div>\n\t\t\t\t<\/div>\n\t\t\t\t<div class=\"elementor-element elementor-element-180356f elementor-widget elementor-widget-text-editor\" data-id=\"180356f\" data-element_type=\"widget\" data-e-type=\"widget\" data-widget_type=\"text-editor.default\">\n\t\t\t\t<div class=\"elementor-widget-container\">\n\t\t\t\t\t\t\t\t\t<p>In 2009, the first &#8220;Dental Care Center&#8221; \u2013 the predecessor of CLINIC | DPC \u2013 opened its doors in Kaunas. Back then, our aim was not only to be the best but also the most convenient. The team&#8217;s goal was to provide patients with all possible general and modern dental services in one place. We have far exceeded this vision. The CLINIC | DPC network is now located in 12 cities across Lithuania \u2013 Vilnius, Kaunas, Klaip\u0117da, Alytus, Anyk\u0161\u010diai, Panev\u0117\u017eys, Ma\u017eeikiai, Raseiniai, Jurbarkas, \u0160iauliai, Utena, and K\u0117dainiai.   <\/p>\n<p>We are very proud of all the specialists in our clinics \u2013 they are constantly growing, refining their competencies, and attending various seminars. Implantologist and clinic founder Simonas Bankauskas is not only an excellent specialist in his field but also a talented teacher, who willingly shares his experience with colleagues. His students have now become excellent doctors and employees of CLINIC | DPC.  <\/p>\n<p>Over the past fifteen years, we, along with our amazing team, have made thousands of people happy. Their happiness is the greatest reward for our work, effort, and the dedication we put into every patient&#8217;s smile story. <\/p>\n<p>CLINIC | DPC continues to grow and evolve. During our fifteen years of operation, we have participated in various activities and received awards. We won the &#8220;Service of the Year&#8221; first-place prize in the &#8220;Health Services&#8221; category and received the &#8220;Gazelle&#8221; award for charity initiatives at an event organized by the media portal &#8220;Delfi.lt&#8221;. We regularly give educational lectures in schools and kindergartens, offer free education for children in our clinics, support animal shelters, and contribute to Christmas gifts for struggling families. We also took part in various &#8220;Delfi.lt&#8221; campaigns, restoring people&#8217;s smiles free of charge. One case, in particular, stood out when we created a new smile story for a woman, a mother of three children\u2026    <\/p>\n<p>Those fifteen years have taught us a lot. They taught us not to give up and to fight for every case. We can thank our patients for walking this path with us, and we hope to continue being a part of your smile&#8217;s story in the future.  <\/p>\n\t\t\t\t\t\t\t\t<\/div>\n\t\t\t\t<\/div>\n\t\t\t\t\t<\/div>\n\t\t\t\t<\/div>\n\t\t<div class=\"elementor-element elementor-element-73f710d e-flex e-con-boxed e-con e-parent\" data-id=\"73f710d\" data-element_type=\"container\" data-e-type=\"container\">\n\t\t\t\t\t<div class=\"e-con-inner\">\n\t\t\t\t<div class=\"elementor-element elementor-element-f01dbde elementor-widget-divider--view-line elementor-widget elementor-widget-divider\" data-id=\"f01dbde\" data-element_type=\"widget\" data-e-type=\"widget\" data-widget_type=\"divider.default\">\n\t\t\t\t<div class=\"elementor-widget-container\">\n\t\t\t\t\t\t\t<div class=\"elementor-divider\">\n\t\t\t<span class=\"elementor-divider-separator\">\n\t\t\t\t\t\t<\/span>\n\t\t<\/div>\n\t\t\t\t\t\t<\/div>\n\t\t\t\t<\/div>\n\t\t\t\t\t<\/div>\n\t\t\t\t<\/div>\n\t\t\t\t<\/div>\n\t\t","protected":false},"excerpt":{"rendered":"<p>Who are we? CLINIC | DPC \u2013 is the largest network of dental clinics in Lithuania. We provide all modern oral care, prosthetics, and surgical services. We work with certified high-quality materials and modern equipment, and our qualified specialists offer treatment in a calm and confidence-inspiring environment. Our goal is to help you smile broadly&#8230;<\/p>\n","protected":false},"author":20,"featured_media":0,"parent":0,"menu_order":0,"comment_status":"closed","ping_status":"closed","template":"tp-about_our_partners.php","meta":{"_acf_changed":false,"footnotes":""},"class_list":["post-11182","page","type-page","status-publish","hentry"],"acf":[],"yoast_head":"<!-- This site is optimized with the Yoast SEO plugin v27.2 - https:\/\/yoast.com\/product\/yoast-seo-wordpress\/ -->\n<title>About us | DPC - Dant\u0173 prie\u017ei\u016bros centras<\/title>\n<meta name=\"robots\" content=\"index, follow, max-snippet:-1, max-image-preview:large, max-video-preview:-1\" \/>\n<link rel=\"canonical\" href=\"https:\/\/clinicdpc.lt\/en\/about-us\/\" \/>\n<meta property=\"og:locale\" content=\"en_US\" \/>\n<meta property=\"og:type\" content=\"article\" \/>\n<meta property=\"og:title\" content=\"About us | DPC - Dant\u0173 prie\u017ei\u016bros centras\" \/>\n<meta property=\"og:description\" content=\"Who are we? CLINIC | DPC \u2013 is the largest network of dental clinics in Lithuania. We provide all modern oral care, prosthetics, and surgical services. We work with certified high-quality materials and modern equipment, and our qualified specialists offer treatment in a calm and confidence-inspiring environment. Our goal is to help you smile broadly...\" \/>\n<meta property=\"og:url\" content=\"https:\/\/clinicdpc.lt\/en\/about-us\/\" \/>\n<meta property=\"og:site_name\" content=\"DPC - Dant\u0173 prie\u017ei\u016bros centras\" \/>\n<meta property=\"article:publisher\" content=\"https:\/\/www.facebook.com\/clinicdpc\" \/>\n<meta property=\"article:modified_time\" content=\"2025-02-19T08:29:20+00:00\" \/>\n<meta property=\"og:image\" content=\"https:\/\/clinicdpc.lt\/wp-content\/uploads\/2024\/09\/ROOT_CANAL_TREATMENT-original-Medium-tinified.jpg\" \/>\n\t<meta property=\"og:image:width\" content=\"1152\" \/>\n\t<meta property=\"og:image:height\" content=\"768\" \/>\n\t<meta property=\"og:image:type\" content=\"image\/jpeg\" \/>\n<meta name=\"twitter:card\" content=\"summary_large_image\" \/>\n<meta name=\"twitter:label1\" content=\"Est. reading time\" \/>\n\t<meta name=\"twitter:data1\" content=\"2 minutes\" \/>\n<script type=\"application\/ld+json\" class=\"yoast-schema-graph\">{\"@context\":\"https:\/\/schema.org\",\"@graph\":[{\"@type\":\"WebPage\",\"@id\":\"https:\/\/clinicdpc.lt\/en\/about-us\/\",\"url\":\"https:\/\/clinicdpc.lt\/en\/about-us\/\",\"name\":\"About us | DPC - Dant\u0173 prie\u017ei\u016bros centras\",\"isPartOf\":{\"@id\":\"https:\/\/clinicdpc.lt\/en\/#website\"},\"datePublished\":\"2024-09-21T15:14:42+00:00\",\"dateModified\":\"2025-02-19T08:29:20+00:00\",\"breadcrumb\":{\"@id\":\"https:\/\/clinicdpc.lt\/en\/about-us\/#breadcrumb\"},\"inLanguage\":\"en-US\",\"potentialAction\":[{\"@type\":\"ReadAction\",\"target\":[\"https:\/\/clinicdpc.lt\/en\/about-us\/\"]}]},{\"@type\":\"BreadcrumbList\",\"@id\":\"https:\/\/clinicdpc.lt\/en\/about-us\/#breadcrumb\",\"itemListElement\":[{\"@type\":\"ListItem\",\"position\":1,\"name\":\"Pagrindinis\",\"item\":\"https:\/\/clinicdpc.lt\/en\/homepage\/\"},{\"@type\":\"ListItem\",\"position\":2,\"name\":\"About us\"}]},{\"@type\":\"WebSite\",\"@id\":\"https:\/\/clinicdpc.lt\/en\/#website\",\"url\":\"https:\/\/clinicdpc.lt\/en\/\",\"name\":\"CLINIC | DPC\",\"description\":\"\",\"publisher\":{\"@id\":\"https:\/\/clinicdpc.lt\/en\/#organization\"},\"potentialAction\":[{\"@type\":\"SearchAction\",\"target\":{\"@type\":\"EntryPoint\",\"urlTemplate\":\"https:\/\/clinicdpc.lt\/en\/?s={search_term_string}\"},\"query-input\":{\"@type\":\"PropertyValueSpecification\",\"valueRequired\":true,\"valueName\":\"search_term_string\"}}],\"inLanguage\":\"en-US\"},{\"@type\":\"Organization\",\"@id\":\"https:\/\/clinicdpc.lt\/en\/#organization\",\"name\":\"Clinic DPC\",\"url\":\"https:\/\/clinicdpc.lt\/en\/\",\"logo\":{\"@type\":\"ImageObject\",\"inLanguage\":\"en-US\",\"@id\":\"https:\/\/clinicdpc.lt\/en\/#\/schema\/logo\/image\/\",\"url\":\"https:\/\/clinicdpc.lt\/wp-content\/uploads\/2024\/07\/dpc-02.svg\",\"contentUrl\":\"https:\/\/clinicdpc.lt\/wp-content\/uploads\/2024\/07\/dpc-02.svg\",\"width\":138,\"height\":25,\"caption\":\"Clinic DPC\"},\"image\":{\"@id\":\"https:\/\/clinicdpc.lt\/en\/#\/schema\/logo\/image\/\"},\"sameAs\":[\"https:\/\/www.facebook.com\/clinicdpc\",\"https:\/\/www.instagram.com\/clinicdpc\/\",\"https:\/\/www.linkedin.com\/company\/clinic-dpc\/\"]}]}<\/script>\n<!-- \/ Yoast SEO plugin. -->","yoast_head_json":{"title":"About us | DPC - Dant\u0173 prie\u017ei\u016bros centras","robots":{"index":"index","follow":"follow","max-snippet":"max-snippet:-1","max-image-preview":"max-image-preview:large","max-video-preview":"max-video-preview:-1"},"canonical":"https:\/\/clinicdpc.lt\/en\/about-us\/","og_locale":"en_US","og_type":"article","og_title":"About us | DPC - Dant\u0173 prie\u017ei\u016bros centras","og_description":"Who are we? CLINIC | DPC \u2013 is the largest network of dental clinics in Lithuania. We provide all modern oral care, prosthetics, and surgical services. We work with certified high-quality materials and modern equipment, and our qualified specialists offer treatment in a calm and confidence-inspiring environment. Our goal is to help you smile broadly...","og_url":"https:\/\/clinicdpc.lt\/en\/about-us\/","og_site_name":"DPC - Dant\u0173 prie\u017ei\u016bros centras","article_publisher":"https:\/\/www.facebook.com\/clinicdpc","article_modified_time":"2025-02-19T08:29:20+00:00","og_image":[{"width":1152,"height":768,"url":"https:\/\/clinicdpc.lt\/wp-content\/uploads\/2024\/09\/ROOT_CANAL_TREATMENT-original-Medium-tinified.jpg","type":"image\/jpeg"}],"twitter_card":"summary_large_image","twitter_misc":{"Est. reading time":"2 minutes"},"schema":{"@context":"https:\/\/schema.org","@graph":[{"@type":"WebPage","@id":"https:\/\/clinicdpc.lt\/en\/about-us\/","url":"https:\/\/clinicdpc.lt\/en\/about-us\/","name":"About us | DPC - Dant\u0173 prie\u017ei\u016bros centras","isPartOf":{"@id":"https:\/\/clinicdpc.lt\/en\/#website"},"datePublished":"2024-09-21T15:14:42+00:00","dateModified":"2025-02-19T08:29:20+00:00","breadcrumb":{"@id":"https:\/\/clinicdpc.lt\/en\/about-us\/#breadcrumb"},"inLanguage":"en-US","potentialAction":[{"@type":"ReadAction","target":["https:\/\/clinicdpc.lt\/en\/about-us\/"]}]},{"@type":"BreadcrumbList","@id":"https:\/\/clinicdpc.lt\/en\/about-us\/#breadcrumb","itemListElement":[{"@type":"ListItem","position":1,"name":"Pagrindinis","item":"https:\/\/clinicdpc.lt\/en\/homepage\/"},{"@type":"ListItem","position":2,"name":"About us"}]},{"@type":"WebSite","@id":"https:\/\/clinicdpc.lt\/en\/#website","url":"https:\/\/clinicdpc.lt\/en\/","name":"CLINIC | DPC","description":"","publisher":{"@id":"https:\/\/clinicdpc.lt\/en\/#organization"},"potentialAction":[{"@type":"SearchAction","target":{"@type":"EntryPoint","urlTemplate":"https:\/\/clinicdpc.lt\/en\/?s={search_term_string}"},"query-input":{"@type":"PropertyValueSpecification","valueRequired":true,"valueName":"search_term_string"}}],"inLanguage":"en-US"},{"@type":"Organization","@id":"https:\/\/clinicdpc.lt\/en\/#organization","name":"Clinic DPC","url":"https:\/\/clinicdpc.lt\/en\/","logo":{"@type":"ImageObject","inLanguage":"en-US","@id":"https:\/\/clinicdpc.lt\/en\/#\/schema\/logo\/image\/","url":"https:\/\/clinicdpc.lt\/wp-content\/uploads\/2024\/07\/dpc-02.svg","contentUrl":"https:\/\/clinicdpc.lt\/wp-content\/uploads\/2024\/07\/dpc-02.svg","width":138,"height":25,"caption":"Clinic DPC"},"image":{"@id":"https:\/\/clinicdpc.lt\/en\/#\/schema\/logo\/image\/"},"sameAs":["https:\/\/www.facebook.com\/clinicdpc","https:\/\/www.instagram.com\/clinicdpc\/","https:\/\/www.linkedin.com\/company\/clinic-dpc\/"]}]}},"_links":{"self":[{"href":"https:\/\/clinicdpc.lt\/en\/wp-json\/wp\/v2\/pages\/11182","targetHints":{"allow":["GET"]}}],"collection":[{"href":"https:\/\/clinicdpc.lt\/en\/wp-json\/wp\/v2\/pages"}],"about":[{"href":"https:\/\/clinicdpc.lt\/en\/wp-json\/wp\/v2\/types\/page"}],"author":[{"embeddable":true,"href":"https:\/\/clinicdpc.lt\/en\/wp-json\/wp\/v2\/users\/20"}],"replies":[{"embeddable":true,"href":"https:\/\/clinicdpc.lt\/en\/wp-json\/wp\/v2\/comments?post=11182"}],"version-history":[{"count":15,"href":"https:\/\/clinicdpc.lt\/en\/wp-json\/wp\/v2\/pages\/11182\/revisions"}],"predecessor-version":[{"id":13368,"href":"https:\/\/clinicdpc.lt\/en\/wp-json\/wp\/v2\/pages\/11182\/revisions\/13368"}],"wp:attachment":[{"href":"https:\/\/clinicdpc.lt\/en\/wp-json\/wp\/v2\/media?parent=11182"}],"curies":[{"name":"wp","href":"https:\/\/api.w.org\/{rel}","templated":true}]}}