{"id":172,"date":"2023-04-12T14:22:11","date_gmt":"2023-04-12T14:22:11","guid":{"rendered":"https:\/\/medicadent.mancanweb.com\/?page_id=172"},"modified":"2024-09-19T22:11:37","modified_gmt":"2024-09-19T22:11:37","slug":"social-responsibility","status":"publish","type":"page","link":"https:\/\/clinicdpc.lt\/en\/social-responsibility\/","title":{"rendered":"Social Responsibility"},"content":{"rendered":"<p>Dear Clients,<\/p>\n<p>We congratulate you on reading the social responsibility report of UAB SB dental clinic (brand name Clinic | DPC) for the year 2019-2020. This report was prepared according to the recommendations of the ISO 26000 standard and defines our approach to business, social responsibility, the desire to act responsibly and bring the greatest benefit to society.<\/p>\n<p>&#8220;Clinic | &#8220;DPC&#8221; counts its history from 2009. During the 11 years of operation, the clinic has expanded its activities and today we have a network of 11 clinics in different cities of Lithuania, as well as one clinic operating in London (United Kingdom). We are proud that the clinic operates successfully, and that the clinic&#8217;s specialists can build long-term relationships of trust with clients.<\/p>\n<p>While working in the field of health, we make constant efforts to improve the working conditions of employees, promote mutual dialogue and understanding. All this extends to our clients as well &#8211; they feel safe, confidential and attentively looked after.<\/p>\n<p>We believe that the principles of social responsibility help strengthen the clinic&#8217;s relationships with clients, partners and employees. We want it to simultaneously promote employee motivation and the organization&#8217;s reputation. We invite you to familiarize yourself with the content of this report. Happy reading!<\/p>\n<p>Director<\/p>\n<p>Neringa Butkevi\u010dien\u0117<\/p>\n<p><a class=\"download-button\" href=\"https:\/\/clinicdpc.lt\/wp-content\/uploads\/2024\/07\/Socialines-atsakomybes-ataskaita-1.pdf\" target=\"_blank\" rel=\"noopener\">Download social responsibility report<\/a><\/p>\n","protected":false},"excerpt":{"rendered":"<p>Dear Clients, We congratulate you on reading the social responsibility report of UAB SB dental clinic (brand name Clinic | DPC) for the year 2019-2020. This report was prepared according to the recommendations of the ISO 26000 standard and defines our approach to business, social responsibility, the desire to act responsibly and bring the greatest&#8230;<\/p>\n","protected":false},"author":16,"featured_media":0,"parent":0,"menu_order":0,"comment_status":"closed","ping_status":"closed","template":"tp-about_social_responsibility.php","meta":{"_acf_changed":false,"footnotes":""},"class_list":["post-172","page","type-page","status-publish","hentry"],"acf":[],"yoast_head":"<!-- This site is optimized with the Yoast SEO plugin v27.2 - https:\/\/yoast.com\/product\/yoast-seo-wordpress\/ -->\n<title>Social Responsibility | DPC - Dant\u0173 prie\u017ei\u016bros centras<\/title>\n<meta name=\"robots\" content=\"index, follow, max-snippet:-1, max-image-preview:large, max-video-preview:-1\" \/>\n<link rel=\"canonical\" href=\"https:\/\/clinicdpc.lt\/en\/social-responsibility\/\" \/>\n<meta property=\"og:locale\" content=\"en_US\" \/>\n<meta property=\"og:type\" content=\"article\" \/>\n<meta property=\"og:title\" content=\"Social Responsibility | DPC - Dant\u0173 prie\u017ei\u016bros centras\" \/>\n<meta property=\"og:description\" content=\"Dear Clients, We congratulate you on reading the social responsibility report of UAB SB dental clinic (brand name Clinic | DPC) for the year 2019-2020. This report was prepared according to the recommendations of the ISO 26000 standard and defines our approach to business, social responsibility, the desire to act responsibly and bring the greatest...\" \/>\n<meta property=\"og:url\" content=\"https:\/\/clinicdpc.lt\/en\/social-responsibility\/\" \/>\n<meta property=\"og:site_name\" content=\"DPC - Dant\u0173 prie\u017ei\u016bros centras\" \/>\n<meta property=\"article:publisher\" content=\"https:\/\/www.facebook.com\/clinicdpc\" \/>\n<meta property=\"article:modified_time\" content=\"2024-09-19T22:11:37+00:00\" \/>\n<meta property=\"og:image\" content=\"https:\/\/clinicdpc.lt\/wp-content\/uploads\/2024\/09\/ROOT_CANAL_TREATMENT-original-Medium-tinified.jpg\" \/>\n\t<meta property=\"og:image:width\" content=\"1152\" \/>\n\t<meta property=\"og:image:height\" content=\"768\" \/>\n\t<meta property=\"og:image:type\" content=\"image\/jpeg\" \/>\n<meta name=\"twitter:card\" content=\"summary_large_image\" \/>\n<meta name=\"twitter:label1\" content=\"Est. reading time\" \/>\n\t<meta name=\"twitter:data1\" content=\"1 minute\" \/>\n<script type=\"application\/ld+json\" class=\"yoast-schema-graph\">{\"@context\":\"https:\/\/schema.org\",\"@graph\":[{\"@type\":\"WebPage\",\"@id\":\"https:\/\/clinicdpc.lt\/en\/social-responsibility\/\",\"url\":\"https:\/\/clinicdpc.lt\/en\/social-responsibility\/\",\"name\":\"Social Responsibility | DPC - Dant\u0173 prie\u017ei\u016bros centras\",\"isPartOf\":{\"@id\":\"https:\/\/clinicdpc.lt\/en\/#website\"},\"datePublished\":\"2023-04-12T14:22:11+00:00\",\"dateModified\":\"2024-09-19T22:11:37+00:00\",\"breadcrumb\":{\"@id\":\"https:\/\/clinicdpc.lt\/en\/social-responsibility\/#breadcrumb\"},\"inLanguage\":\"en-US\",\"potentialAction\":[{\"@type\":\"ReadAction\",\"target\":[\"https:\/\/clinicdpc.lt\/en\/social-responsibility\/\"]}]},{\"@type\":\"BreadcrumbList\",\"@id\":\"https:\/\/clinicdpc.lt\/en\/social-responsibility\/#breadcrumb\",\"itemListElement\":[{\"@type\":\"ListItem\",\"position\":1,\"name\":\"Pagrindinis\",\"item\":\"https:\/\/clinicdpc.lt\/en\/homepage\/\"},{\"@type\":\"ListItem\",\"position\":2,\"name\":\"Social Responsibility\"}]},{\"@type\":\"WebSite\",\"@id\":\"https:\/\/clinicdpc.lt\/en\/#website\",\"url\":\"https:\/\/clinicdpc.lt\/en\/\",\"name\":\"CLINIC | DPC\",\"description\":\"\",\"publisher\":{\"@id\":\"https:\/\/clinicdpc.lt\/en\/#organization\"},\"potentialAction\":[{\"@type\":\"SearchAction\",\"target\":{\"@type\":\"EntryPoint\",\"urlTemplate\":\"https:\/\/clinicdpc.lt\/en\/?s={search_term_string}\"},\"query-input\":{\"@type\":\"PropertyValueSpecification\",\"valueRequired\":true,\"valueName\":\"search_term_string\"}}],\"inLanguage\":\"en-US\"},{\"@type\":\"Organization\",\"@id\":\"https:\/\/clinicdpc.lt\/en\/#organization\",\"name\":\"Clinic DPC\",\"url\":\"https:\/\/clinicdpc.lt\/en\/\",\"logo\":{\"@type\":\"ImageObject\",\"inLanguage\":\"en-US\",\"@id\":\"https:\/\/clinicdpc.lt\/en\/#\/schema\/logo\/image\/\",\"url\":\"https:\/\/clinicdpc.lt\/wp-content\/uploads\/2024\/07\/dpc-02.svg\",\"contentUrl\":\"https:\/\/clinicdpc.lt\/wp-content\/uploads\/2024\/07\/dpc-02.svg\",\"width\":138,\"height\":25,\"caption\":\"Clinic DPC\"},\"image\":{\"@id\":\"https:\/\/clinicdpc.lt\/en\/#\/schema\/logo\/image\/\"},\"sameAs\":[\"https:\/\/www.facebook.com\/clinicdpc\",\"https:\/\/www.instagram.com\/clinicdpc\/\",\"https:\/\/www.linkedin.com\/company\/clinic-dpc\/\"]}]}<\/script>\n<!-- \/ Yoast SEO plugin. -->","yoast_head_json":{"title":"Social Responsibility | DPC - Dant\u0173 prie\u017ei\u016bros centras","robots":{"index":"index","follow":"follow","max-snippet":"max-snippet:-1","max-image-preview":"max-image-preview:large","max-video-preview":"max-video-preview:-1"},"canonical":"https:\/\/clinicdpc.lt\/en\/social-responsibility\/","og_locale":"en_US","og_type":"article","og_title":"Social Responsibility | DPC - Dant\u0173 prie\u017ei\u016bros centras","og_description":"Dear Clients, We congratulate you on reading the social responsibility report of UAB SB dental clinic (brand name Clinic | DPC) for the year 2019-2020. This report was prepared according to the recommendations of the ISO 26000 standard and defines our approach to business, social responsibility, the desire to act responsibly and bring the greatest...","og_url":"https:\/\/clinicdpc.lt\/en\/social-responsibility\/","og_site_name":"DPC - Dant\u0173 prie\u017ei\u016bros centras","article_publisher":"https:\/\/www.facebook.com\/clinicdpc","article_modified_time":"2024-09-19T22:11:37+00:00","og_image":[{"width":1152,"height":768,"url":"https:\/\/clinicdpc.lt\/wp-content\/uploads\/2024\/09\/ROOT_CANAL_TREATMENT-original-Medium-tinified.jpg","type":"image\/jpeg"}],"twitter_card":"summary_large_image","twitter_misc":{"Est. reading time":"1 minute"},"schema":{"@context":"https:\/\/schema.org","@graph":[{"@type":"WebPage","@id":"https:\/\/clinicdpc.lt\/en\/social-responsibility\/","url":"https:\/\/clinicdpc.lt\/en\/social-responsibility\/","name":"Social Responsibility | DPC - Dant\u0173 prie\u017ei\u016bros centras","isPartOf":{"@id":"https:\/\/clinicdpc.lt\/en\/#website"},"datePublished":"2023-04-12T14:22:11+00:00","dateModified":"2024-09-19T22:11:37+00:00","breadcrumb":{"@id":"https:\/\/clinicdpc.lt\/en\/social-responsibility\/#breadcrumb"},"inLanguage":"en-US","potentialAction":[{"@type":"ReadAction","target":["https:\/\/clinicdpc.lt\/en\/social-responsibility\/"]}]},{"@type":"BreadcrumbList","@id":"https:\/\/clinicdpc.lt\/en\/social-responsibility\/#breadcrumb","itemListElement":[{"@type":"ListItem","position":1,"name":"Pagrindinis","item":"https:\/\/clinicdpc.lt\/en\/homepage\/"},{"@type":"ListItem","position":2,"name":"Social Responsibility"}]},{"@type":"WebSite","@id":"https:\/\/clinicdpc.lt\/en\/#website","url":"https:\/\/clinicdpc.lt\/en\/","name":"CLINIC | DPC","description":"","publisher":{"@id":"https:\/\/clinicdpc.lt\/en\/#organization"},"potentialAction":[{"@type":"SearchAction","target":{"@type":"EntryPoint","urlTemplate":"https:\/\/clinicdpc.lt\/en\/?s={search_term_string}"},"query-input":{"@type":"PropertyValueSpecification","valueRequired":true,"valueName":"search_term_string"}}],"inLanguage":"en-US"},{"@type":"Organization","@id":"https:\/\/clinicdpc.lt\/en\/#organization","name":"Clinic DPC","url":"https:\/\/clinicdpc.lt\/en\/","logo":{"@type":"ImageObject","inLanguage":"en-US","@id":"https:\/\/clinicdpc.lt\/en\/#\/schema\/logo\/image\/","url":"https:\/\/clinicdpc.lt\/wp-content\/uploads\/2024\/07\/dpc-02.svg","contentUrl":"https:\/\/clinicdpc.lt\/wp-content\/uploads\/2024\/07\/dpc-02.svg","width":138,"height":25,"caption":"Clinic DPC"},"image":{"@id":"https:\/\/clinicdpc.lt\/en\/#\/schema\/logo\/image\/"},"sameAs":["https:\/\/www.facebook.com\/clinicdpc","https:\/\/www.instagram.com\/clinicdpc\/","https:\/\/www.linkedin.com\/company\/clinic-dpc\/"]}]}},"_links":{"self":[{"href":"https:\/\/clinicdpc.lt\/en\/wp-json\/wp\/v2\/pages\/172","targetHints":{"allow":["GET"]}}],"collection":[{"href":"https:\/\/clinicdpc.lt\/en\/wp-json\/wp\/v2\/pages"}],"about":[{"href":"https:\/\/clinicdpc.lt\/en\/wp-json\/wp\/v2\/types\/page"}],"author":[{"embeddable":true,"href":"https:\/\/clinicdpc.lt\/en\/wp-json\/wp\/v2\/users\/16"}],"replies":[{"embeddable":true,"href":"https:\/\/clinicdpc.lt\/en\/wp-json\/wp\/v2\/comments?post=172"}],"version-history":[{"count":9,"href":"https:\/\/clinicdpc.lt\/en\/wp-json\/wp\/v2\/pages\/172\/revisions"}],"predecessor-version":[{"id":11022,"href":"https:\/\/clinicdpc.lt\/en\/wp-json\/wp\/v2\/pages\/172\/revisions\/11022"}],"wp:attachment":[{"href":"https:\/\/clinicdpc.lt\/en\/wp-json\/wp\/v2\/media?parent=172"}],"curies":[{"name":"wp","href":"https:\/\/api.w.org\/{rel}","templated":true}]}}