{"id":8690,"date":"2024-07-26T06:45:07","date_gmt":"2024-07-26T06:45:07","guid":{"rendered":"https:\/\/clinicdpc.lt\/?page_id=8690"},"modified":"2024-09-17T15:33:08","modified_gmt":"2024-09-17T15:33:08","slug":"labaratory","status":"publish","type":"page","link":"https:\/\/clinicdpc.lt\/en\/labaratory\/","title":{"rendered":"Labaratory"},"content":{"rendered":"\t\t<div data-elementor-type=\"wp-page\" data-elementor-id=\"8690\" class=\"elementor elementor-8690\" data-elementor-post-type=\"page\">\n\t\t\t\t<div class=\"elementor-element elementor-element-667794d e-flex e-con-boxed e-con e-parent\" data-id=\"667794d\" data-element_type=\"container\" data-e-type=\"container\">\n\t\t\t\t\t<div class=\"e-con-inner\">\n\t\t<div class=\"elementor-element elementor-element-4f8c93c e-con-full e-flex e-con e-child\" data-id=\"4f8c93c\" data-element_type=\"container\" data-e-type=\"container\">\n\t\t\t\t<div class=\"elementor-element elementor-element-c18d994 elementor-widget elementor-widget-heading\" data-id=\"c18d994\" data-element_type=\"widget\" data-e-type=\"widget\" data-widget_type=\"heading.default\">\n\t\t\t\t<div class=\"elementor-widget-container\">\n\t\t\t\t\t<h2 class=\"elementor-heading-title elementor-size-default\"><b>CLINIC | DPC<\/b> \nlaboratory<\/h2>\t\t\t\t<\/div>\n\t\t\t\t<\/div>\n\t\t\t\t<\/div>\n\t\t<div class=\"elementor-element elementor-element-e37af39 e-con-full e-flex e-con e-child\" data-id=\"e37af39\" data-element_type=\"container\" data-e-type=\"container\">\n\t\t\t\t<div class=\"elementor-element elementor-element-796624f elementor-widget elementor-widget-text-editor\" data-id=\"796624f\" data-element_type=\"widget\" data-e-type=\"widget\" data-widget_type=\"text-editor.default\">\n\t\t\t\t<div class=\"elementor-widget-container\">\n\t\t\t\t\t\t\t\t\t<p>CLINIC | DPC Lab employs qualified and competent dental technicians. Our specialists have accumulated vast work experience, which they apply every day to create the highest quality products. The company works only with the most innovative technologies and the highest quality materials, which help to do the work faster and better.<\/p><p>\u00a0<\/p><p>DPC Lab works with NobelProcera CAD\/CAM &#8211; an innovative system that scans, designs and creates quality products. This system is special in that it performs its work very quickly and accurately. Longevity and quality guaranteed &#8211; the NobelProcera CAD\/CAM system performs its own quality checks, so we only offer products that meet high quality parameters.<\/p>\t\t\t\t\t\t\t\t<\/div>\n\t\t\t\t<\/div>\n\t\t\t\t<\/div>\n\t\t\t\t\t<\/div>\n\t\t\t\t<\/div>\n\t\t<div class=\"elementor-element elementor-element-5bdba8e e-flex e-con-boxed e-con e-parent\" data-id=\"5bdba8e\" data-element_type=\"container\" data-e-type=\"container\">\n\t\t\t\t\t<div class=\"e-con-inner\">\n\t\t<div class=\"elementor-element elementor-element-dde97b4 e-con-full e-flex e-con e-child\" data-id=\"dde97b4\" data-element_type=\"container\" data-e-type=\"container\">\n\t\t\t\t<div class=\"elementor-element elementor-element-63410db elementor-widget elementor-widget-image\" data-id=\"63410db\" data-element_type=\"widget\" data-e-type=\"widget\" data-widget_type=\"image.default\">\n\t\t\t\t<div class=\"elementor-widget-container\">\n\t\t\t\t\t\t\t\t\t\t\t\t\t\t\t<img fetchpriority=\"high\" decoding=\"async\" width=\"728\" height=\"1024\" src=\"https:\/\/clinicdpc.lt\/wp-content\/uploads\/2024\/07\/labo-853x1200-1-728x1024.webp\" class=\"attachment-large size-large wp-image-8724\" alt=\"\" srcset=\"https:\/\/clinicdpc.lt\/wp-content\/uploads\/2024\/07\/labo-853x1200-1-728x1024.webp 728w, https:\/\/clinicdpc.lt\/wp-content\/uploads\/2024\/07\/labo-853x1200-1-600x844.webp 600w, https:\/\/clinicdpc.lt\/wp-content\/uploads\/2024\/07\/labo-853x1200-1-213x300.webp 213w, https:\/\/clinicdpc.lt\/wp-content\/uploads\/2024\/07\/labo-853x1200-1-768x1080.webp 768w, https:\/\/clinicdpc.lt\/wp-content\/uploads\/2024\/07\/labo-853x1200-1.webp 853w\" sizes=\"(max-width: 728px) 100vw, 728px\" \/>\t\t\t\t\t\t\t\t\t\t\t\t\t\t\t<\/div>\n\t\t\t\t<\/div>\n\t\t\t\t<\/div>\n\t\t<div class=\"elementor-element elementor-element-56b9f7a e-con-full e-flex e-con e-child\" data-id=\"56b9f7a\" data-element_type=\"container\" data-e-type=\"container\">\n\t\t\t\t<div class=\"elementor-element elementor-element-7f23c21 elementor-widget elementor-widget-image\" data-id=\"7f23c21\" data-element_type=\"widget\" data-e-type=\"widget\" data-widget_type=\"image.default\">\n\t\t\t\t<div class=\"elementor-widget-container\">\n\t\t\t\t\t\t\t\t\t\t\t\t\t\t\t<img decoding=\"async\" width=\"1024\" height=\"575\" src=\"https:\/\/clinicdpc.lt\/wp-content\/uploads\/2024\/07\/labo2-1024x575.webp\" class=\"attachment-large size-large wp-image-8722\" alt=\"\" srcset=\"https:\/\/clinicdpc.lt\/wp-content\/uploads\/2024\/07\/labo2-1024x575.webp 1024w, https:\/\/clinicdpc.lt\/wp-content\/uploads\/2024\/07\/labo2-600x337.webp 600w, https:\/\/clinicdpc.lt\/wp-content\/uploads\/2024\/07\/labo2-300x169.webp 300w, https:\/\/clinicdpc.lt\/wp-content\/uploads\/2024\/07\/labo2-768x432.webp 768w, https:\/\/clinicdpc.lt\/wp-content\/uploads\/2024\/07\/labo2-960x539.webp 960w, https:\/\/clinicdpc.lt\/wp-content\/uploads\/2024\/07\/labo2.webp 1050w\" sizes=\"(max-width: 1024px) 100vw, 1024px\" \/>\t\t\t\t\t\t\t\t\t\t\t\t\t\t\t<\/div>\n\t\t\t\t<\/div>\n\t\t\t\t<\/div>\n\t\t\t\t\t<\/div>\n\t\t\t\t<\/div>\n\t\t\t\t<\/div>\n\t\t","protected":false},"excerpt":{"rendered":"<p>CLINIC | DPC laboratory CLINIC | DPC Lab employs qualified and competent dental technicians. Our specialists have accumulated vast work experience, which they apply every day to create the highest quality products. The company works only with the most innovative technologies and the highest quality materials, which help to do the work faster and better&#8230;.<\/p>\n","protected":false},"author":16,"featured_media":0,"parent":0,"menu_order":0,"comment_status":"closed","ping_status":"closed","template":"elementor_header_footer","meta":{"_acf_changed":false,"footnotes":""},"class_list":["post-8690","page","type-page","status-publish","hentry"],"acf":[],"yoast_head":"<!-- This site is optimized with the Yoast SEO plugin v27.2 - https:\/\/yoast.com\/product\/yoast-seo-wordpress\/ -->\n<title>Labaratory | DPC - Dant\u0173 prie\u017ei\u016bros centras<\/title>\n<meta name=\"robots\" content=\"index, follow, max-snippet:-1, max-image-preview:large, max-video-preview:-1\" \/>\n<link rel=\"canonical\" href=\"https:\/\/clinicdpc.lt\/en\/labaratory\/\" \/>\n<meta property=\"og:locale\" content=\"en_US\" \/>\n<meta property=\"og:type\" content=\"article\" \/>\n<meta property=\"og:title\" content=\"Labaratory | DPC - Dant\u0173 prie\u017ei\u016bros centras\" \/>\n<meta property=\"og:description\" content=\"CLINIC | DPC laboratory CLINIC | DPC Lab employs qualified and competent dental technicians. Our specialists have accumulated vast work experience, which they apply every day to create the highest quality products. The company works only with the most innovative technologies and the highest quality materials, which help to do the work faster and better....\" \/>\n<meta property=\"og:url\" content=\"https:\/\/clinicdpc.lt\/en\/labaratory\/\" \/>\n<meta property=\"og:site_name\" content=\"DPC - Dant\u0173 prie\u017ei\u016bros centras\" \/>\n<meta property=\"article:publisher\" content=\"https:\/\/www.facebook.com\/clinicdpc\" \/>\n<meta property=\"article:modified_time\" content=\"2024-09-17T15:33:08+00:00\" \/>\n<meta property=\"og:image\" content=\"https:\/\/clinicdpc.lt\/wp-content\/uploads\/2024\/07\/labo-853x1200-1.webp\" \/>\n\t<meta property=\"og:image:width\" content=\"853\" \/>\n\t<meta property=\"og:image:height\" content=\"1200\" \/>\n\t<meta property=\"og:image:type\" content=\"image\/webp\" \/>\n<meta name=\"twitter:card\" content=\"summary_large_image\" \/>\n<meta name=\"twitter:label1\" content=\"Est. reading time\" \/>\n\t<meta name=\"twitter:data1\" content=\"1 minute\" \/>\n<script type=\"application\/ld+json\" class=\"yoast-schema-graph\">{\"@context\":\"https:\/\/schema.org\",\"@graph\":[{\"@type\":\"WebPage\",\"@id\":\"https:\/\/clinicdpc.lt\/en\/labaratory\/\",\"url\":\"https:\/\/clinicdpc.lt\/en\/labaratory\/\",\"name\":\"Labaratory | DPC - Dant\u0173 prie\u017ei\u016bros centras\",\"isPartOf\":{\"@id\":\"https:\/\/clinicdpc.lt\/en\/#website\"},\"primaryImageOfPage\":{\"@id\":\"https:\/\/clinicdpc.lt\/en\/labaratory\/#primaryimage\"},\"image\":{\"@id\":\"https:\/\/clinicdpc.lt\/en\/labaratory\/#primaryimage\"},\"thumbnailUrl\":\"https:\/\/clinicdpc.lt\/wp-content\/uploads\/2024\/07\/labo-853x1200-1-728x1024.webp\",\"datePublished\":\"2024-07-26T06:45:07+00:00\",\"dateModified\":\"2024-09-17T15:33:08+00:00\",\"breadcrumb\":{\"@id\":\"https:\/\/clinicdpc.lt\/en\/labaratory\/#breadcrumb\"},\"inLanguage\":\"en-US\",\"potentialAction\":[{\"@type\":\"ReadAction\",\"target\":[\"https:\/\/clinicdpc.lt\/en\/labaratory\/\"]}]},{\"@type\":\"ImageObject\",\"inLanguage\":\"en-US\",\"@id\":\"https:\/\/clinicdpc.lt\/en\/labaratory\/#primaryimage\",\"url\":\"https:\/\/clinicdpc.lt\/wp-content\/uploads\/2024\/07\/labo-853x1200-1-728x1024.webp\",\"contentUrl\":\"https:\/\/clinicdpc.lt\/wp-content\/uploads\/2024\/07\/labo-853x1200-1-728x1024.webp\"},{\"@type\":\"BreadcrumbList\",\"@id\":\"https:\/\/clinicdpc.lt\/en\/labaratory\/#breadcrumb\",\"itemListElement\":[{\"@type\":\"ListItem\",\"position\":1,\"name\":\"Pagrindinis\",\"item\":\"https:\/\/clinicdpc.lt\/en\/homepage\/\"},{\"@type\":\"ListItem\",\"position\":2,\"name\":\"Labaratory\"}]},{\"@type\":\"WebSite\",\"@id\":\"https:\/\/clinicdpc.lt\/en\/#website\",\"url\":\"https:\/\/clinicdpc.lt\/en\/\",\"name\":\"CLINIC | DPC\",\"description\":\"\",\"publisher\":{\"@id\":\"https:\/\/clinicdpc.lt\/en\/#organization\"},\"potentialAction\":[{\"@type\":\"SearchAction\",\"target\":{\"@type\":\"EntryPoint\",\"urlTemplate\":\"https:\/\/clinicdpc.lt\/en\/?s={search_term_string}\"},\"query-input\":{\"@type\":\"PropertyValueSpecification\",\"valueRequired\":true,\"valueName\":\"search_term_string\"}}],\"inLanguage\":\"en-US\"},{\"@type\":\"Organization\",\"@id\":\"https:\/\/clinicdpc.lt\/en\/#organization\",\"name\":\"Clinic DPC\",\"url\":\"https:\/\/clinicdpc.lt\/en\/\",\"logo\":{\"@type\":\"ImageObject\",\"inLanguage\":\"en-US\",\"@id\":\"https:\/\/clinicdpc.lt\/en\/#\/schema\/logo\/image\/\",\"url\":\"https:\/\/clinicdpc.lt\/wp-content\/uploads\/2024\/07\/dpc-02.svg\",\"contentUrl\":\"https:\/\/clinicdpc.lt\/wp-content\/uploads\/2024\/07\/dpc-02.svg\",\"width\":138,\"height\":25,\"caption\":\"Clinic DPC\"},\"image\":{\"@id\":\"https:\/\/clinicdpc.lt\/en\/#\/schema\/logo\/image\/\"},\"sameAs\":[\"https:\/\/www.facebook.com\/clinicdpc\",\"https:\/\/www.instagram.com\/clinicdpc\/\",\"https:\/\/www.linkedin.com\/company\/clinic-dpc\/\"]}]}<\/script>\n<!-- \/ Yoast SEO plugin. -->","yoast_head_json":{"title":"Labaratory | DPC - Dant\u0173 prie\u017ei\u016bros centras","robots":{"index":"index","follow":"follow","max-snippet":"max-snippet:-1","max-image-preview":"max-image-preview:large","max-video-preview":"max-video-preview:-1"},"canonical":"https:\/\/clinicdpc.lt\/en\/labaratory\/","og_locale":"en_US","og_type":"article","og_title":"Labaratory | DPC - Dant\u0173 prie\u017ei\u016bros centras","og_description":"CLINIC | DPC laboratory CLINIC | DPC Lab employs qualified and competent dental technicians. Our specialists have accumulated vast work experience, which they apply every day to create the highest quality products. The company works only with the most innovative technologies and the highest quality materials, which help to do the work faster and better....","og_url":"https:\/\/clinicdpc.lt\/en\/labaratory\/","og_site_name":"DPC - Dant\u0173 prie\u017ei\u016bros centras","article_publisher":"https:\/\/www.facebook.com\/clinicdpc","article_modified_time":"2024-09-17T15:33:08+00:00","og_image":[{"width":853,"height":1200,"url":"https:\/\/clinicdpc.lt\/wp-content\/uploads\/2024\/07\/labo-853x1200-1.webp","type":"image\/webp"}],"twitter_card":"summary_large_image","twitter_misc":{"Est. reading time":"1 minute"},"schema":{"@context":"https:\/\/schema.org","@graph":[{"@type":"WebPage","@id":"https:\/\/clinicdpc.lt\/en\/labaratory\/","url":"https:\/\/clinicdpc.lt\/en\/labaratory\/","name":"Labaratory | DPC - Dant\u0173 prie\u017ei\u016bros centras","isPartOf":{"@id":"https:\/\/clinicdpc.lt\/en\/#website"},"primaryImageOfPage":{"@id":"https:\/\/clinicdpc.lt\/en\/labaratory\/#primaryimage"},"image":{"@id":"https:\/\/clinicdpc.lt\/en\/labaratory\/#primaryimage"},"thumbnailUrl":"https:\/\/clinicdpc.lt\/wp-content\/uploads\/2024\/07\/labo-853x1200-1-728x1024.webp","datePublished":"2024-07-26T06:45:07+00:00","dateModified":"2024-09-17T15:33:08+00:00","breadcrumb":{"@id":"https:\/\/clinicdpc.lt\/en\/labaratory\/#breadcrumb"},"inLanguage":"en-US","potentialAction":[{"@type":"ReadAction","target":["https:\/\/clinicdpc.lt\/en\/labaratory\/"]}]},{"@type":"ImageObject","inLanguage":"en-US","@id":"https:\/\/clinicdpc.lt\/en\/labaratory\/#primaryimage","url":"https:\/\/clinicdpc.lt\/wp-content\/uploads\/2024\/07\/labo-853x1200-1-728x1024.webp","contentUrl":"https:\/\/clinicdpc.lt\/wp-content\/uploads\/2024\/07\/labo-853x1200-1-728x1024.webp"},{"@type":"BreadcrumbList","@id":"https:\/\/clinicdpc.lt\/en\/labaratory\/#breadcrumb","itemListElement":[{"@type":"ListItem","position":1,"name":"Pagrindinis","item":"https:\/\/clinicdpc.lt\/en\/homepage\/"},{"@type":"ListItem","position":2,"name":"Labaratory"}]},{"@type":"WebSite","@id":"https:\/\/clinicdpc.lt\/en\/#website","url":"https:\/\/clinicdpc.lt\/en\/","name":"CLINIC | DPC","description":"","publisher":{"@id":"https:\/\/clinicdpc.lt\/en\/#organization"},"potentialAction":[{"@type":"SearchAction","target":{"@type":"EntryPoint","urlTemplate":"https:\/\/clinicdpc.lt\/en\/?s={search_term_string}"},"query-input":{"@type":"PropertyValueSpecification","valueRequired":true,"valueName":"search_term_string"}}],"inLanguage":"en-US"},{"@type":"Organization","@id":"https:\/\/clinicdpc.lt\/en\/#organization","name":"Clinic DPC","url":"https:\/\/clinicdpc.lt\/en\/","logo":{"@type":"ImageObject","inLanguage":"en-US","@id":"https:\/\/clinicdpc.lt\/en\/#\/schema\/logo\/image\/","url":"https:\/\/clinicdpc.lt\/wp-content\/uploads\/2024\/07\/dpc-02.svg","contentUrl":"https:\/\/clinicdpc.lt\/wp-content\/uploads\/2024\/07\/dpc-02.svg","width":138,"height":25,"caption":"Clinic DPC"},"image":{"@id":"https:\/\/clinicdpc.lt\/en\/#\/schema\/logo\/image\/"},"sameAs":["https:\/\/www.facebook.com\/clinicdpc","https:\/\/www.instagram.com\/clinicdpc\/","https:\/\/www.linkedin.com\/company\/clinic-dpc\/"]}]}},"_links":{"self":[{"href":"https:\/\/clinicdpc.lt\/en\/wp-json\/wp\/v2\/pages\/8690","targetHints":{"allow":["GET"]}}],"collection":[{"href":"https:\/\/clinicdpc.lt\/en\/wp-json\/wp\/v2\/pages"}],"about":[{"href":"https:\/\/clinicdpc.lt\/en\/wp-json\/wp\/v2\/types\/page"}],"author":[{"embeddable":true,"href":"https:\/\/clinicdpc.lt\/en\/wp-json\/wp\/v2\/users\/16"}],"replies":[{"embeddable":true,"href":"https:\/\/clinicdpc.lt\/en\/wp-json\/wp\/v2\/comments?post=8690"}],"version-history":[{"count":22,"href":"https:\/\/clinicdpc.lt\/en\/wp-json\/wp\/v2\/pages\/8690\/revisions"}],"predecessor-version":[{"id":10990,"href":"https:\/\/clinicdpc.lt\/en\/wp-json\/wp\/v2\/pages\/8690\/revisions\/10990"}],"wp:attachment":[{"href":"https:\/\/clinicdpc.lt\/en\/wp-json\/wp\/v2\/media?parent=8690"}],"curies":[{"name":"wp","href":"https:\/\/api.w.org\/{rel}","templated":true}]}}