{"id":8794,"date":"2024-07-29T09:42:34","date_gmt":"2024-07-29T09:42:34","guid":{"rendered":"https:\/\/clinicdpc.lt\/?page_id=8794"},"modified":"2024-07-29T09:42:34","modified_gmt":"2024-07-29T09:42:34","slug":"treatment-icon-system","status":"publish","type":"page","link":"https:\/\/clinicdpc.lt\/en\/treatment-icon-system\/","title":{"rendered":"Treatment &#8220;Icon&#8221; system"},"content":{"rendered":"<h2 class=\"aos-init aos-animate\" data-aos=\"fade\">What is it?<\/h2>\n<p>Professional oral hygiene removes soft and hard dental plaque using special instruments in the oral hygienist\u2019s office. Dental plaque is one of the most common causes of gum inflammation, untimely caries, periodontitis (better known as periodontal disease), and early tooth loss, so it must be removed on time.<\/p>\n<h2 class=\"aos-init aos-animate\" data-aos=\"fade\">Dental and gum diseases caused by poor oral hygiene<\/h2>\n<p>The main cause of dental and gum diseases is poor personal oral hygiene. Diseases caused by poor oral hygiene can be prevented by regularly visiting a dentist for preventive examination, and an oral hygienist, who not only performs professional oral hygiene but also suggests the necessary tools for proper dental care at home. Incorrect food chewing, frequent consumption of soft foods and lack of salt in the body can also contribute to the onset of dental and gum diseases.<\/p>\n<h2 class=\"aos-init aos-animate\" data-aos=\"fade\">When Is Oral Hygiene Recommended?<\/h2>\n<p>Professional oral hygiene is recommended twice a year. Patients with implants, fixed prostheses, have to go to a hygienist every 6 months. Patients who wear dental braces should use professional oral hygiene procedures every 4 months or as recommended by the oral hygienist.<\/p>\n<p>Professional oral hygiene is always performed before aesthetic filling, permanent prosthesis, and surgical interventions.<\/p>\n<h2 class=\"aos-init aos-animate\" data-aos=\"fade\">\u201cAir-Flow\u201d method for oral hygiene<\/h2>\n<p>The strong flow of air, water, and medical calcium carbonate powder quickly and painlessly clean up dental plaque. This method does not damage hard tooth tissues and gums, because the surface of the tooth is treated from a distance.<\/p>\n<h2 class=\"aos-init aos-animate\" data-aos=\"fade\">Tartar cleaning<\/h2>\n<p>Oral hygienist cleans mineralized plaque by using an ultrasonic scaler and the necessary hand tools. All surfaces of teeth and fillings get polished with paste. Soft and pigmented plaque is removed by air abrasion using calcium carbonate powder (better known as baking soda).<\/p>\n<p>&nbsp;<\/p>\n","protected":false},"excerpt":{"rendered":"<p>What is it? Professional oral hygiene removes soft and hard dental plaque using special instruments in the oral hygienist\u2019s office. Dental plaque is one of the most common causes of gum inflammation, untimely caries, periodontitis (better known as periodontal disease), and early tooth loss, so it must be removed on time. Dental and gum diseases&#8230;<\/p>\n","protected":false},"author":16,"featured_media":8797,"parent":0,"menu_order":0,"comment_status":"closed","ping_status":"closed","template":"tp-services.php","meta":{"_acf_changed":false,"footnotes":""},"class_list":["post-8794","page","type-page","status-publish","has-post-thumbnail","hentry"],"acf":[],"yoast_head":"<!-- This site is optimized with the Yoast SEO plugin v27.2 - https:\/\/yoast.com\/product\/yoast-seo-wordpress\/ -->\n<title>Treatment &quot;Icon&quot; system | DPC - Dant\u0173 prie\u017ei\u016bros centras<\/title>\n<meta name=\"robots\" content=\"index, follow, max-snippet:-1, max-image-preview:large, max-video-preview:-1\" \/>\n<link rel=\"canonical\" href=\"https:\/\/clinicdpc.lt\/en\/treatment-icon-system\/\" \/>\n<meta property=\"og:locale\" content=\"en_US\" \/>\n<meta property=\"og:type\" content=\"article\" \/>\n<meta property=\"og:title\" content=\"Treatment &quot;Icon&quot; system | DPC - Dant\u0173 prie\u017ei\u016bros centras\" \/>\n<meta property=\"og:description\" content=\"What is it? Professional oral hygiene removes soft and hard dental plaque using special instruments in the oral hygienist\u2019s office. Dental plaque is one of the most common causes of gum inflammation, untimely caries, periodontitis (better known as periodontal disease), and early tooth loss, so it must be removed on time. Dental and gum diseases...\" \/>\n<meta property=\"og:url\" content=\"https:\/\/clinicdpc.lt\/en\/treatment-icon-system\/\" \/>\n<meta property=\"og:site_name\" content=\"DPC - Dant\u0173 prie\u017ei\u016bros centras\" \/>\n<meta property=\"article:publisher\" content=\"https:\/\/www.facebook.com\/clinicdpc\" \/>\n<meta property=\"og:image\" content=\"https:\/\/clinicdpc.lt\/wp-content\/uploads\/2024\/07\/fav.webp\" \/>\n\t<meta property=\"og:image:width\" content=\"1920\" \/>\n\t<meta property=\"og:image:height\" content=\"640\" \/>\n\t<meta property=\"og:image:type\" content=\"image\/webp\" \/>\n<meta name=\"twitter:card\" content=\"summary_large_image\" \/>\n<meta name=\"twitter:label1\" content=\"Est. reading time\" \/>\n\t<meta name=\"twitter:data1\" content=\"2 minutes\" \/>\n<script type=\"application\/ld+json\" class=\"yoast-schema-graph\">{\"@context\":\"https:\/\/schema.org\",\"@graph\":[{\"@type\":\"WebPage\",\"@id\":\"https:\/\/clinicdpc.lt\/en\/treatment-icon-system\/\",\"url\":\"https:\/\/clinicdpc.lt\/en\/treatment-icon-system\/\",\"name\":\"Treatment \\\"Icon\\\" system | DPC - Dant\u0173 prie\u017ei\u016bros centras\",\"isPartOf\":{\"@id\":\"https:\/\/clinicdpc.lt\/en\/#website\"},\"primaryImageOfPage\":{\"@id\":\"https:\/\/clinicdpc.lt\/en\/treatment-icon-system\/#primaryimage\"},\"image\":{\"@id\":\"https:\/\/clinicdpc.lt\/en\/treatment-icon-system\/#primaryimage\"},\"thumbnailUrl\":\"https:\/\/clinicdpc.lt\/wp-content\/uploads\/2024\/07\/fav.webp\",\"datePublished\":\"2024-07-29T09:42:34+00:00\",\"breadcrumb\":{\"@id\":\"https:\/\/clinicdpc.lt\/en\/treatment-icon-system\/#breadcrumb\"},\"inLanguage\":\"en-US\",\"potentialAction\":[{\"@type\":\"ReadAction\",\"target\":[\"https:\/\/clinicdpc.lt\/en\/treatment-icon-system\/\"]}]},{\"@type\":\"ImageObject\",\"inLanguage\":\"en-US\",\"@id\":\"https:\/\/clinicdpc.lt\/en\/treatment-icon-system\/#primaryimage\",\"url\":\"https:\/\/clinicdpc.lt\/wp-content\/uploads\/2024\/07\/fav.webp\",\"contentUrl\":\"https:\/\/clinicdpc.lt\/wp-content\/uploads\/2024\/07\/fav.webp\",\"width\":1920,\"height\":640},{\"@type\":\"BreadcrumbList\",\"@id\":\"https:\/\/clinicdpc.lt\/en\/treatment-icon-system\/#breadcrumb\",\"itemListElement\":[{\"@type\":\"ListItem\",\"position\":1,\"name\":\"Pagrindinis\",\"item\":\"https:\/\/clinicdpc.lt\/en\/homepage\/\"},{\"@type\":\"ListItem\",\"position\":2,\"name\":\"Treatment &#8220;Icon&#8221; system\"}]},{\"@type\":\"WebSite\",\"@id\":\"https:\/\/clinicdpc.lt\/en\/#website\",\"url\":\"https:\/\/clinicdpc.lt\/en\/\",\"name\":\"CLINIC | DPC\",\"description\":\"\",\"publisher\":{\"@id\":\"https:\/\/clinicdpc.lt\/en\/#organization\"},\"potentialAction\":[{\"@type\":\"SearchAction\",\"target\":{\"@type\":\"EntryPoint\",\"urlTemplate\":\"https:\/\/clinicdpc.lt\/en\/?s={search_term_string}\"},\"query-input\":{\"@type\":\"PropertyValueSpecification\",\"valueRequired\":true,\"valueName\":\"search_term_string\"}}],\"inLanguage\":\"en-US\"},{\"@type\":\"Organization\",\"@id\":\"https:\/\/clinicdpc.lt\/en\/#organization\",\"name\":\"Clinic DPC\",\"url\":\"https:\/\/clinicdpc.lt\/en\/\",\"logo\":{\"@type\":\"ImageObject\",\"inLanguage\":\"en-US\",\"@id\":\"https:\/\/clinicdpc.lt\/en\/#\/schema\/logo\/image\/\",\"url\":\"https:\/\/clinicdpc.lt\/wp-content\/uploads\/2024\/07\/dpc-02.svg\",\"contentUrl\":\"https:\/\/clinicdpc.lt\/wp-content\/uploads\/2024\/07\/dpc-02.svg\",\"width\":138,\"height\":25,\"caption\":\"Clinic DPC\"},\"image\":{\"@id\":\"https:\/\/clinicdpc.lt\/en\/#\/schema\/logo\/image\/\"},\"sameAs\":[\"https:\/\/www.facebook.com\/clinicdpc\",\"https:\/\/www.instagram.com\/clinicdpc\/\",\"https:\/\/www.linkedin.com\/company\/clinic-dpc\/\"]}]}<\/script>\n<!-- \/ Yoast SEO plugin. -->","yoast_head_json":{"title":"Treatment \"Icon\" system | DPC - Dant\u0173 prie\u017ei\u016bros centras","robots":{"index":"index","follow":"follow","max-snippet":"max-snippet:-1","max-image-preview":"max-image-preview:large","max-video-preview":"max-video-preview:-1"},"canonical":"https:\/\/clinicdpc.lt\/en\/treatment-icon-system\/","og_locale":"en_US","og_type":"article","og_title":"Treatment \"Icon\" system | DPC - Dant\u0173 prie\u017ei\u016bros centras","og_description":"What is it? Professional oral hygiene removes soft and hard dental plaque using special instruments in the oral hygienist\u2019s office. Dental plaque is one of the most common causes of gum inflammation, untimely caries, periodontitis (better known as periodontal disease), and early tooth loss, so it must be removed on time. Dental and gum diseases...","og_url":"https:\/\/clinicdpc.lt\/en\/treatment-icon-system\/","og_site_name":"DPC - Dant\u0173 prie\u017ei\u016bros centras","article_publisher":"https:\/\/www.facebook.com\/clinicdpc","og_image":[{"width":1920,"height":640,"url":"https:\/\/clinicdpc.lt\/wp-content\/uploads\/2024\/07\/fav.webp","type":"image\/webp"}],"twitter_card":"summary_large_image","twitter_misc":{"Est. reading time":"2 minutes"},"schema":{"@context":"https:\/\/schema.org","@graph":[{"@type":"WebPage","@id":"https:\/\/clinicdpc.lt\/en\/treatment-icon-system\/","url":"https:\/\/clinicdpc.lt\/en\/treatment-icon-system\/","name":"Treatment \"Icon\" system | DPC - Dant\u0173 prie\u017ei\u016bros centras","isPartOf":{"@id":"https:\/\/clinicdpc.lt\/en\/#website"},"primaryImageOfPage":{"@id":"https:\/\/clinicdpc.lt\/en\/treatment-icon-system\/#primaryimage"},"image":{"@id":"https:\/\/clinicdpc.lt\/en\/treatment-icon-system\/#primaryimage"},"thumbnailUrl":"https:\/\/clinicdpc.lt\/wp-content\/uploads\/2024\/07\/fav.webp","datePublished":"2024-07-29T09:42:34+00:00","breadcrumb":{"@id":"https:\/\/clinicdpc.lt\/en\/treatment-icon-system\/#breadcrumb"},"inLanguage":"en-US","potentialAction":[{"@type":"ReadAction","target":["https:\/\/clinicdpc.lt\/en\/treatment-icon-system\/"]}]},{"@type":"ImageObject","inLanguage":"en-US","@id":"https:\/\/clinicdpc.lt\/en\/treatment-icon-system\/#primaryimage","url":"https:\/\/clinicdpc.lt\/wp-content\/uploads\/2024\/07\/fav.webp","contentUrl":"https:\/\/clinicdpc.lt\/wp-content\/uploads\/2024\/07\/fav.webp","width":1920,"height":640},{"@type":"BreadcrumbList","@id":"https:\/\/clinicdpc.lt\/en\/treatment-icon-system\/#breadcrumb","itemListElement":[{"@type":"ListItem","position":1,"name":"Pagrindinis","item":"https:\/\/clinicdpc.lt\/en\/homepage\/"},{"@type":"ListItem","position":2,"name":"Treatment &#8220;Icon&#8221; system"}]},{"@type":"WebSite","@id":"https:\/\/clinicdpc.lt\/en\/#website","url":"https:\/\/clinicdpc.lt\/en\/","name":"CLINIC | DPC","description":"","publisher":{"@id":"https:\/\/clinicdpc.lt\/en\/#organization"},"potentialAction":[{"@type":"SearchAction","target":{"@type":"EntryPoint","urlTemplate":"https:\/\/clinicdpc.lt\/en\/?s={search_term_string}"},"query-input":{"@type":"PropertyValueSpecification","valueRequired":true,"valueName":"search_term_string"}}],"inLanguage":"en-US"},{"@type":"Organization","@id":"https:\/\/clinicdpc.lt\/en\/#organization","name":"Clinic DPC","url":"https:\/\/clinicdpc.lt\/en\/","logo":{"@type":"ImageObject","inLanguage":"en-US","@id":"https:\/\/clinicdpc.lt\/en\/#\/schema\/logo\/image\/","url":"https:\/\/clinicdpc.lt\/wp-content\/uploads\/2024\/07\/dpc-02.svg","contentUrl":"https:\/\/clinicdpc.lt\/wp-content\/uploads\/2024\/07\/dpc-02.svg","width":138,"height":25,"caption":"Clinic DPC"},"image":{"@id":"https:\/\/clinicdpc.lt\/en\/#\/schema\/logo\/image\/"},"sameAs":["https:\/\/www.facebook.com\/clinicdpc","https:\/\/www.instagram.com\/clinicdpc\/","https:\/\/www.linkedin.com\/company\/clinic-dpc\/"]}]}},"_links":{"self":[{"href":"https:\/\/clinicdpc.lt\/en\/wp-json\/wp\/v2\/pages\/8794","targetHints":{"allow":["GET"]}}],"collection":[{"href":"https:\/\/clinicdpc.lt\/en\/wp-json\/wp\/v2\/pages"}],"about":[{"href":"https:\/\/clinicdpc.lt\/en\/wp-json\/wp\/v2\/types\/page"}],"author":[{"embeddable":true,"href":"https:\/\/clinicdpc.lt\/en\/wp-json\/wp\/v2\/users\/16"}],"replies":[{"embeddable":true,"href":"https:\/\/clinicdpc.lt\/en\/wp-json\/wp\/v2\/comments?post=8794"}],"version-history":[{"count":2,"href":"https:\/\/clinicdpc.lt\/en\/wp-json\/wp\/v2\/pages\/8794\/revisions"}],"predecessor-version":[{"id":8799,"href":"https:\/\/clinicdpc.lt\/en\/wp-json\/wp\/v2\/pages\/8794\/revisions\/8799"}],"wp:featuredmedia":[{"embeddable":true,"href":"https:\/\/clinicdpc.lt\/en\/wp-json\/wp\/v2\/media\/8797"}],"wp:attachment":[{"href":"https:\/\/clinicdpc.lt\/en\/wp-json\/wp\/v2\/media?parent=8794"}],"curies":[{"name":"wp","href":"https:\/\/api.w.org\/{rel}","templated":true}]}}