{"id":8806,"date":"2024-07-29T10:32:44","date_gmt":"2024-07-29T10:32:44","guid":{"rendered":"https:\/\/clinicdpc.lt\/?page_id=8806"},"modified":"2024-07-29T10:37:01","modified_gmt":"2024-07-29T10:37:01","slug":"ortognatines-zandikauliu-operacijos","status":"publish","type":"page","link":"https:\/\/clinicdpc.lt\/en\/ortognatines-zandikauliu-operacijos\/","title":{"rendered":"Orthognathic jaw surgeries"},"content":{"rendered":"<h2 class=\"aos-init aos-animate\" data-aos=\"fade\">What is it?<\/h2>\n<p>It is the treatment of an irregular occlusion, during which the correct position of one or both jaws is restored by combining orthodontic and surgical treatment. This requires orthodontic preparatory treatment by wearing dental staples or teeth straightening graves (about 1.5 &#8211; 2 years). Orthognathic jaw surgery is performed after orthodontic preparatory treatment. This treatment is performed by an oral and maxillofacial surgeon in close collaboration with an orthodontist. This treatment method allows you to fully restore the correct shape, size, position, and alignment of the dental arches of one or both jaws and thus fully restore the disturbed function of these areas. The duration of the entire orthognathic treatment is about 2-3 years.<\/p>\n<div class=\"col-12 col-lg-4\">\n<h2 class=\"aos-init aos-animate\" data-aos=\"fade\">Why treat malocclusion?<\/h2>\n<\/div>\n<section id=\"ligos\" class=\"two_column_section with_bg \">\n<div class=\"wrapper\">\n<div class=\"container\">\n<div class=\"row\">\n<div class=\"col-12 col-lg-6 right_col\">\n<div class=\"col_content aos-init aos-animate\" data-aos=\"fade\">\n<ul>\n<li>\u2013 Because of an irregular bite, the teeth may be more susceptible to caries.<\/li>\n<li>&#8211; Temporomandibular joint function may be impaired &#8211; pain, crunching, limited opening.<\/li>\n<li>&#8211; Orthodontic treatment alone cannot correct an irregular bite.<\/li>\n<li>\u2013 Due to the need for early restorative treatment in case of worn, excessively worn teeth.<\/li>\n<li>&#8211; Unsatisfactory facial features can complicate the patient&#8217;s emotional state and psychological health.<\/li>\n<li>&#8211; Disrupted chewing function can lead to problems with the digestive system.<\/li>\n<li>\u2013 Irregular occlusion is related to respiratory function, i.e. due to the unfavorable position of the jaws and narrowed airways, the patient may start snoring, lose sleep, and the risk of developing high blood pressure and diabetes increases.<\/li>\n<\/ul>\n<\/div>\n<\/div>\n<\/div>\n<\/div>\n<\/div>\n<\/section>\n<section id=\"kada_atlikti\" class=\"two_column_section with_bg \"><\/section>\n<div class=\"col-12 col-lg-4\">\n<h2 class=\"aos-init aos-animate\" data-aos=\"fade\">What is the result of orthognathic treatment?<\/h2>\n<\/div>\n<p>Orthognathic treatment allows to restore the correct position and bite of one or both jaws. This simultaneously restores the lost correct chewing function and solves other, often troublesome, problems related to an irregular bite. By correcting the position of the jaws, the facial features also change, due to which the patients gain more self-confidence.<\/p>\n<div class=\"col-12 col-lg-4\">\n<h2 class=\"aos-init aos-animate\" data-aos=\"fade\">Who can have orthognathic surgery?<\/h2>\n<\/div>\n<p>This treatment can be applied to all patients who have already reached the age of 18. The jaw must be fully formed before this treatment can be applied. Preparatory orthodontic treatment for orthognathic jaw surgery can be started up to the age of 18.<\/p>\n<h2 class=\"aos-init aos-animate\" data-aos=\"fade\">Treatment stages:<\/h2>\n<ol>\n<li>Diagnostic researchAfter consultation with an orthodontist, special tests are required to assess the condition: computerized tomography of the jaws, lateral cephalogram, photos according to the protocol, dental diagnostic models.<\/li>\n<li>ConsultationAfter evaluating the performed tests during a consultation (live or remote), the maxillofacial surgeon discusses with the patient his condition, situation, evaluates the jaws, bite, possible treatment alternatives, answers all the questions.<\/li>\n<li>Creating and presenting a treatment planAn individual treatment plan is prepared for you, delivered by an oral and maxillofacial surgeon (live or remotely). The patient is presented with what the treatment course, duration, price, and results could be.<\/li>\n<li>Orthodontic preparatory treatmentOrthodontic preparatory treatment is carried out while wearing dental braces or teeth straightening trays. Duration 1.5 &#8211; 2 years.<\/li>\n<li>Orthognathic jaw surgeryBefore the operation, careful three-dimensional (3D) operation planning, production of special instruments, and preparatory examinations are carried out. The patient is given all the necessary information about the progress of this stage.<\/li>\n<li>Orthodontic final treatment3-4 months after the operation. orthodontic treatment is continued, the duration of which is 6-12 months.<\/li>\n<\/ol>\n","protected":false},"excerpt":{"rendered":"<p>What is it? It is the treatment of an irregular occlusion, during which the correct position of one or both jaws is restored by combining orthodontic and surgical treatment. This requires orthodontic preparatory treatment by wearing dental staples or teeth straightening graves (about 1.5 &#8211; 2 years). Orthognathic jaw surgery is performed after orthodontic preparatory&#8230;<\/p>\n","protected":false},"author":16,"featured_media":8804,"parent":0,"menu_order":0,"comment_status":"closed","ping_status":"closed","template":"tp-services.php","meta":{"_acf_changed":false,"footnotes":""},"class_list":["post-8806","page","type-page","status-publish","has-post-thumbnail","hentry"],"acf":[],"yoast_head":"<!-- This site is optimized with the Yoast SEO plugin v27.2 - https:\/\/yoast.com\/product\/yoast-seo-wordpress\/ -->\n<title>Orthognathic jaw surgeries | DPC - Dant\u0173 prie\u017ei\u016bros centras<\/title>\n<meta name=\"robots\" content=\"index, follow, max-snippet:-1, max-image-preview:large, max-video-preview:-1\" \/>\n<link rel=\"canonical\" href=\"https:\/\/clinicdpc.lt\/en\/ortognatines-zandikauliu-operacijos\/\" \/>\n<meta property=\"og:locale\" content=\"en_US\" \/>\n<meta property=\"og:type\" content=\"article\" \/>\n<meta property=\"og:title\" content=\"Orthognathic jaw surgeries | DPC - Dant\u0173 prie\u017ei\u016bros centras\" \/>\n<meta property=\"og:description\" content=\"What is it? It is the treatment of an irregular occlusion, during which the correct position of one or both jaws is restored by combining orthodontic and surgical treatment. This requires orthodontic preparatory treatment by wearing dental staples or teeth straightening graves (about 1.5 &#8211; 2 years). Orthognathic jaw surgery is performed after orthodontic preparatory...\" \/>\n<meta property=\"og:url\" content=\"https:\/\/clinicdpc.lt\/en\/ortognatines-zandikauliu-operacijos\/\" \/>\n<meta property=\"og:site_name\" content=\"DPC - Dant\u0173 prie\u017ei\u016bros centras\" \/>\n<meta property=\"article:publisher\" content=\"https:\/\/www.facebook.com\/clinicdpc\" \/>\n<meta property=\"article:modified_time\" content=\"2024-07-29T10:37:01+00:00\" \/>\n<meta property=\"og:image\" content=\"https:\/\/clinicdpc.lt\/wp-content\/uploads\/2024\/07\/Untitled-design-21.webp\" \/>\n\t<meta property=\"og:image:width\" content=\"1920\" \/>\n\t<meta property=\"og:image:height\" content=\"640\" \/>\n\t<meta property=\"og:image:type\" content=\"image\/webp\" \/>\n<meta name=\"twitter:card\" content=\"summary_large_image\" \/>\n<meta name=\"twitter:label1\" content=\"Est. reading time\" \/>\n\t<meta name=\"twitter:data1\" content=\"3 minutes\" \/>\n<script type=\"application\/ld+json\" class=\"yoast-schema-graph\">{\"@context\":\"https:\/\/schema.org\",\"@graph\":[{\"@type\":\"WebPage\",\"@id\":\"https:\/\/clinicdpc.lt\/en\/ortognatines-zandikauliu-operacijos\/\",\"url\":\"https:\/\/clinicdpc.lt\/en\/ortognatines-zandikauliu-operacijos\/\",\"name\":\"Orthognathic jaw surgeries | DPC - Dant\u0173 prie\u017ei\u016bros centras\",\"isPartOf\":{\"@id\":\"https:\/\/clinicdpc.lt\/en\/#website\"},\"primaryImageOfPage\":{\"@id\":\"https:\/\/clinicdpc.lt\/en\/ortognatines-zandikauliu-operacijos\/#primaryimage\"},\"image\":{\"@id\":\"https:\/\/clinicdpc.lt\/en\/ortognatines-zandikauliu-operacijos\/#primaryimage\"},\"thumbnailUrl\":\"https:\/\/clinicdpc.lt\/wp-content\/uploads\/2024\/07\/Untitled-design-21.webp\",\"datePublished\":\"2024-07-29T10:32:44+00:00\",\"dateModified\":\"2024-07-29T10:37:01+00:00\",\"breadcrumb\":{\"@id\":\"https:\/\/clinicdpc.lt\/en\/ortognatines-zandikauliu-operacijos\/#breadcrumb\"},\"inLanguage\":\"en-US\",\"potentialAction\":[{\"@type\":\"ReadAction\",\"target\":[\"https:\/\/clinicdpc.lt\/en\/ortognatines-zandikauliu-operacijos\/\"]}]},{\"@type\":\"ImageObject\",\"inLanguage\":\"en-US\",\"@id\":\"https:\/\/clinicdpc.lt\/en\/ortognatines-zandikauliu-operacijos\/#primaryimage\",\"url\":\"https:\/\/clinicdpc.lt\/wp-content\/uploads\/2024\/07\/Untitled-design-21.webp\",\"contentUrl\":\"https:\/\/clinicdpc.lt\/wp-content\/uploads\/2024\/07\/Untitled-design-21.webp\",\"width\":1920,\"height\":640},{\"@type\":\"BreadcrumbList\",\"@id\":\"https:\/\/clinicdpc.lt\/en\/ortognatines-zandikauliu-operacijos\/#breadcrumb\",\"itemListElement\":[{\"@type\":\"ListItem\",\"position\":1,\"name\":\"Pagrindinis\",\"item\":\"https:\/\/clinicdpc.lt\/en\/homepage\/\"},{\"@type\":\"ListItem\",\"position\":2,\"name\":\"Orthognathic jaw surgeries\"}]},{\"@type\":\"WebSite\",\"@id\":\"https:\/\/clinicdpc.lt\/en\/#website\",\"url\":\"https:\/\/clinicdpc.lt\/en\/\",\"name\":\"CLINIC | DPC\",\"description\":\"\",\"publisher\":{\"@id\":\"https:\/\/clinicdpc.lt\/en\/#organization\"},\"potentialAction\":[{\"@type\":\"SearchAction\",\"target\":{\"@type\":\"EntryPoint\",\"urlTemplate\":\"https:\/\/clinicdpc.lt\/en\/?s={search_term_string}\"},\"query-input\":{\"@type\":\"PropertyValueSpecification\",\"valueRequired\":true,\"valueName\":\"search_term_string\"}}],\"inLanguage\":\"en-US\"},{\"@type\":\"Organization\",\"@id\":\"https:\/\/clinicdpc.lt\/en\/#organization\",\"name\":\"Clinic DPC\",\"url\":\"https:\/\/clinicdpc.lt\/en\/\",\"logo\":{\"@type\":\"ImageObject\",\"inLanguage\":\"en-US\",\"@id\":\"https:\/\/clinicdpc.lt\/en\/#\/schema\/logo\/image\/\",\"url\":\"https:\/\/clinicdpc.lt\/wp-content\/uploads\/2024\/07\/dpc-02.svg\",\"contentUrl\":\"https:\/\/clinicdpc.lt\/wp-content\/uploads\/2024\/07\/dpc-02.svg\",\"width\":138,\"height\":25,\"caption\":\"Clinic DPC\"},\"image\":{\"@id\":\"https:\/\/clinicdpc.lt\/en\/#\/schema\/logo\/image\/\"},\"sameAs\":[\"https:\/\/www.facebook.com\/clinicdpc\",\"https:\/\/www.instagram.com\/clinicdpc\/\",\"https:\/\/www.linkedin.com\/company\/clinic-dpc\/\"]}]}<\/script>\n<!-- \/ Yoast SEO plugin. -->","yoast_head_json":{"title":"Orthognathic jaw surgeries | DPC - Dant\u0173 prie\u017ei\u016bros centras","robots":{"index":"index","follow":"follow","max-snippet":"max-snippet:-1","max-image-preview":"max-image-preview:large","max-video-preview":"max-video-preview:-1"},"canonical":"https:\/\/clinicdpc.lt\/en\/ortognatines-zandikauliu-operacijos\/","og_locale":"en_US","og_type":"article","og_title":"Orthognathic jaw surgeries | DPC - Dant\u0173 prie\u017ei\u016bros centras","og_description":"What is it? It is the treatment of an irregular occlusion, during which the correct position of one or both jaws is restored by combining orthodontic and surgical treatment. This requires orthodontic preparatory treatment by wearing dental staples or teeth straightening graves (about 1.5 &#8211; 2 years). Orthognathic jaw surgery is performed after orthodontic preparatory...","og_url":"https:\/\/clinicdpc.lt\/en\/ortognatines-zandikauliu-operacijos\/","og_site_name":"DPC - Dant\u0173 prie\u017ei\u016bros centras","article_publisher":"https:\/\/www.facebook.com\/clinicdpc","article_modified_time":"2024-07-29T10:37:01+00:00","og_image":[{"width":1920,"height":640,"url":"https:\/\/clinicdpc.lt\/wp-content\/uploads\/2024\/07\/Untitled-design-21.webp","type":"image\/webp"}],"twitter_card":"summary_large_image","twitter_misc":{"Est. reading time":"3 minutes"},"schema":{"@context":"https:\/\/schema.org","@graph":[{"@type":"WebPage","@id":"https:\/\/clinicdpc.lt\/en\/ortognatines-zandikauliu-operacijos\/","url":"https:\/\/clinicdpc.lt\/en\/ortognatines-zandikauliu-operacijos\/","name":"Orthognathic jaw surgeries | DPC - Dant\u0173 prie\u017ei\u016bros centras","isPartOf":{"@id":"https:\/\/clinicdpc.lt\/en\/#website"},"primaryImageOfPage":{"@id":"https:\/\/clinicdpc.lt\/en\/ortognatines-zandikauliu-operacijos\/#primaryimage"},"image":{"@id":"https:\/\/clinicdpc.lt\/en\/ortognatines-zandikauliu-operacijos\/#primaryimage"},"thumbnailUrl":"https:\/\/clinicdpc.lt\/wp-content\/uploads\/2024\/07\/Untitled-design-21.webp","datePublished":"2024-07-29T10:32:44+00:00","dateModified":"2024-07-29T10:37:01+00:00","breadcrumb":{"@id":"https:\/\/clinicdpc.lt\/en\/ortognatines-zandikauliu-operacijos\/#breadcrumb"},"inLanguage":"en-US","potentialAction":[{"@type":"ReadAction","target":["https:\/\/clinicdpc.lt\/en\/ortognatines-zandikauliu-operacijos\/"]}]},{"@type":"ImageObject","inLanguage":"en-US","@id":"https:\/\/clinicdpc.lt\/en\/ortognatines-zandikauliu-operacijos\/#primaryimage","url":"https:\/\/clinicdpc.lt\/wp-content\/uploads\/2024\/07\/Untitled-design-21.webp","contentUrl":"https:\/\/clinicdpc.lt\/wp-content\/uploads\/2024\/07\/Untitled-design-21.webp","width":1920,"height":640},{"@type":"BreadcrumbList","@id":"https:\/\/clinicdpc.lt\/en\/ortognatines-zandikauliu-operacijos\/#breadcrumb","itemListElement":[{"@type":"ListItem","position":1,"name":"Pagrindinis","item":"https:\/\/clinicdpc.lt\/en\/homepage\/"},{"@type":"ListItem","position":2,"name":"Orthognathic jaw surgeries"}]},{"@type":"WebSite","@id":"https:\/\/clinicdpc.lt\/en\/#website","url":"https:\/\/clinicdpc.lt\/en\/","name":"CLINIC | DPC","description":"","publisher":{"@id":"https:\/\/clinicdpc.lt\/en\/#organization"},"potentialAction":[{"@type":"SearchAction","target":{"@type":"EntryPoint","urlTemplate":"https:\/\/clinicdpc.lt\/en\/?s={search_term_string}"},"query-input":{"@type":"PropertyValueSpecification","valueRequired":true,"valueName":"search_term_string"}}],"inLanguage":"en-US"},{"@type":"Organization","@id":"https:\/\/clinicdpc.lt\/en\/#organization","name":"Clinic DPC","url":"https:\/\/clinicdpc.lt\/en\/","logo":{"@type":"ImageObject","inLanguage":"en-US","@id":"https:\/\/clinicdpc.lt\/en\/#\/schema\/logo\/image\/","url":"https:\/\/clinicdpc.lt\/wp-content\/uploads\/2024\/07\/dpc-02.svg","contentUrl":"https:\/\/clinicdpc.lt\/wp-content\/uploads\/2024\/07\/dpc-02.svg","width":138,"height":25,"caption":"Clinic DPC"},"image":{"@id":"https:\/\/clinicdpc.lt\/en\/#\/schema\/logo\/image\/"},"sameAs":["https:\/\/www.facebook.com\/clinicdpc","https:\/\/www.instagram.com\/clinicdpc\/","https:\/\/www.linkedin.com\/company\/clinic-dpc\/"]}]}},"_links":{"self":[{"href":"https:\/\/clinicdpc.lt\/en\/wp-json\/wp\/v2\/pages\/8806","targetHints":{"allow":["GET"]}}],"collection":[{"href":"https:\/\/clinicdpc.lt\/en\/wp-json\/wp\/v2\/pages"}],"about":[{"href":"https:\/\/clinicdpc.lt\/en\/wp-json\/wp\/v2\/types\/page"}],"author":[{"embeddable":true,"href":"https:\/\/clinicdpc.lt\/en\/wp-json\/wp\/v2\/users\/16"}],"replies":[{"embeddable":true,"href":"https:\/\/clinicdpc.lt\/en\/wp-json\/wp\/v2\/comments?post=8806"}],"version-history":[{"count":3,"href":"https:\/\/clinicdpc.lt\/en\/wp-json\/wp\/v2\/pages\/8806\/revisions"}],"predecessor-version":[{"id":8809,"href":"https:\/\/clinicdpc.lt\/en\/wp-json\/wp\/v2\/pages\/8806\/revisions\/8809"}],"wp:featuredmedia":[{"embeddable":true,"href":"https:\/\/clinicdpc.lt\/en\/wp-json\/wp\/v2\/media\/8804"}],"wp:attachment":[{"href":"https:\/\/clinicdpc.lt\/en\/wp-json\/wp\/v2\/media?parent=8806"}],"curies":[{"name":"wp","href":"https:\/\/api.w.org\/{rel}","templated":true}]}}