{"id":8810,"date":"2024-07-29T10:59:40","date_gmt":"2024-07-29T10:59:40","guid":{"rendered":"https:\/\/clinicdpc.lt\/?page_id=8810"},"modified":"2024-07-29T10:59:40","modified_gmt":"2024-07-29T10:59:40","slug":"therapeutic-treatment","status":"publish","type":"page","link":"https:\/\/clinicdpc.lt\/en\/therapeutic-treatment\/","title":{"rendered":"Therapeutic treatment"},"content":{"rendered":"<h2>What is therapeutic treatment?<\/h2>\n<p>Experienced CLINIC | DPC specialists treat all dental and oral diseases, as well as provide the necessary preventive care.<\/p>\n<h3>Dental and oral disease prevention<\/h3>\n<p>CLINIC | DPPC clinics pay special attention to preventive measures to stop the development of dental and oral diseases. We recommend that every patient registers for a dentist appointment twice a year for an evaluation of dental and oral health and, if necessary, application of timely preventive measures or early treatment.<\/p>\n<h3>Old filling replacement<\/h3>\n<p>Patients often wonder why it is important to replace an old filling, that is still in place. The answer is quite simple \u2013 old dental fillings have a high shrinkage rate, which eventually results in the appearance of invisible micro-gaps between the tooth and the surface of the filling. These micro-gaps are easily penetrated by bacteria, which leads to the accumulation of food particles, the formation of harmful acidic environment and the tooth starts to decay (hard tooth tissue starts decaying, also known as recurrent decay). If ongoing damage is not prevented, the tooth can chip or break off. Modern fillings have a much lower shrinkage rate, and proper dental filling procedures almost eliminate the risk of recurrent decay.<\/p>\n<h3>Restoration of chipped and broken teeth<\/h3>\n<div class=\"col-12 col-md-5  d-flex flex-column justify-content-between item\">\n<div>\n<div class=\"description\">\n<p>Modern filling materials are aesthetic and rigid. The application of the best dental bonding agents allows perfect reconstruction of the tooth and the restoration will last for many years. After evaluating the damage of the tooth, your doctor will recommend the most suitable and effective restoration treatment.<\/p>\n<\/div>\n<\/div>\n<\/div>\n<div class=\"col-12 col-md-5 offset-md-1 d-flex flex-column justify-content-between item\">\n<div>\n<h3>Tooth decay treatment<\/h3>\n<div class=\"description\">\n<div class=\"col-12 col-md-5 offset-md-1 d-flex flex-column justify-content-between item\">\n<div>\n<div class=\"description\">\n<p>Tooth decay is one of the most common diseases resulting from the interaction of acids and microorganisms in dental plaque, causing demineralization of the hard tissue of the tooth and formation of cavities. If tooth decay is discovered in time, it is cleaned to a healthy, hard tooth tissue and filled.<\/p>\n<\/div>\n<\/div>\n<\/div>\n<div class=\"col-12 col-md-5  d-flex flex-column justify-content-between item\">\n<div>\n<h3>Aesthetic frontal and molar teeth fillings<\/h3>\n<div class=\"description\">\n<div class=\"col-12 col-md-5 offset-md-1 d-flex flex-column justify-content-between item\">\n<div>\n<div class=\"description\">\n<p>The aesthetic filling is a great way to restore and correct your teeth. This treatment method takes care of the necessary preservation of the tooth tissue, recovers its anatomy, color, translucency, and beauty. The aesthetic filling is recommended for patients with decayed, discolored, damaged, misaligned, crooked or irregular teeth, as well as for closure of diastema (interdental space), or restoration of teeth after an accident. When a tooth is severely damaged, the recreation of the relief of chewing space focuses on recreating proper function and aesthetics. Tooth cusps and pits that are necessary for proper chewing, protection from natural wear, and maintaining of bite height are properly recreated. Restoration treatment is performed with the best quality filling materials, resembling the translucency and shades of healthy, natural teeth.<\/p>\n<\/div>\n<\/div>\n<\/div>\n<div class=\"col-12 col-md-5  d-flex flex-column justify-content-between item\">\n<div>\n<h3>Sensitive teeth treatment<\/h3>\n<div class=\"description\">\n<section id=\"kas_tai\" class=\"sub_services two_column_grid aos-init aos-animate\" data-aos=\"fade\">\n<div class=\"container\">\n<div class=\"row\">\n<div class=\"col-12 col-md-5 offset-md-1 d-flex flex-column justify-content-between item\">\n<div>\n<div class=\"description\">\n<p>A lot of our patients complain about tooth sensitivity and are experiencing discomfort while eating, drinking cold drinks, or just breathing in the air. When the cause of sensitivity is discovered, it is not hard to apply the right treatment \u2013 These problems can be solved with fluoride-containing rinses, application of fluoride varnish or gel, tooth neck fillings, etc.<\/p>\n<\/div>\n<\/div>\n<\/div>\n<\/div>\n<\/div>\n<\/section>\n<section class=\"clinic_images \">\n<div class=\"container\">\n<div class=\"row\">\n<div class=\"col-sm-5 left_images d-flex align-items-center image_col\"><\/div>\n<\/div>\n<\/div>\n<\/section>\n<\/div>\n<\/div>\n<\/div>\n<\/div>\n<\/div>\n<\/div>\n<\/div>\n<\/div>\n<\/div>\n","protected":false},"excerpt":{"rendered":"<p>What is therapeutic treatment? Experienced CLINIC | DPC specialists treat all dental and oral diseases, as well as provide the necessary preventive care. Dental and oral disease prevention CLINIC | DPPC clinics pay special attention to preventive measures to stop the development of dental and oral diseases. We recommend that every patient registers for a&#8230;<\/p>\n","protected":false},"author":16,"featured_media":8797,"parent":0,"menu_order":0,"comment_status":"closed","ping_status":"closed","template":"tp-services.php","meta":{"_acf_changed":false,"footnotes":""},"class_list":["post-8810","page","type-page","status-publish","has-post-thumbnail","hentry"],"acf":[],"yoast_head":"<!-- This site is optimized with the Yoast SEO plugin v27.2 - https:\/\/yoast.com\/product\/yoast-seo-wordpress\/ -->\n<title>Therapeutic treatment | DPC - Dant\u0173 prie\u017ei\u016bros centras<\/title>\n<meta name=\"robots\" content=\"index, follow, max-snippet:-1, max-image-preview:large, max-video-preview:-1\" \/>\n<link rel=\"canonical\" href=\"https:\/\/clinicdpc.lt\/en\/therapeutic-treatment\/\" \/>\n<meta property=\"og:locale\" content=\"en_US\" \/>\n<meta property=\"og:type\" content=\"article\" \/>\n<meta property=\"og:title\" content=\"Therapeutic treatment | DPC - Dant\u0173 prie\u017ei\u016bros centras\" \/>\n<meta property=\"og:description\" content=\"What is therapeutic treatment? Experienced CLINIC | DPC specialists treat all dental and oral diseases, as well as provide the necessary preventive care. Dental and oral disease prevention CLINIC | DPPC clinics pay special attention to preventive measures to stop the development of dental and oral diseases. We recommend that every patient registers for a...\" \/>\n<meta property=\"og:url\" content=\"https:\/\/clinicdpc.lt\/en\/therapeutic-treatment\/\" \/>\n<meta property=\"og:site_name\" content=\"DPC - Dant\u0173 prie\u017ei\u016bros centras\" \/>\n<meta property=\"article:publisher\" content=\"https:\/\/www.facebook.com\/clinicdpc\" \/>\n<meta property=\"og:image\" content=\"https:\/\/clinicdpc.lt\/wp-content\/uploads\/2024\/07\/fav.webp\" \/>\n\t<meta property=\"og:image:width\" content=\"1920\" \/>\n\t<meta property=\"og:image:height\" content=\"640\" \/>\n\t<meta property=\"og:image:type\" content=\"image\/webp\" \/>\n<meta name=\"twitter:card\" content=\"summary_large_image\" \/>\n<meta name=\"twitter:label1\" content=\"Est. reading time\" \/>\n\t<meta name=\"twitter:data1\" content=\"3 minutes\" \/>\n<script type=\"application\/ld+json\" class=\"yoast-schema-graph\">{\"@context\":\"https:\/\/schema.org\",\"@graph\":[{\"@type\":\"WebPage\",\"@id\":\"https:\/\/clinicdpc.lt\/en\/therapeutic-treatment\/\",\"url\":\"https:\/\/clinicdpc.lt\/en\/therapeutic-treatment\/\",\"name\":\"Therapeutic treatment | DPC - Dant\u0173 prie\u017ei\u016bros centras\",\"isPartOf\":{\"@id\":\"https:\/\/clinicdpc.lt\/en\/#website\"},\"primaryImageOfPage\":{\"@id\":\"https:\/\/clinicdpc.lt\/en\/therapeutic-treatment\/#primaryimage\"},\"image\":{\"@id\":\"https:\/\/clinicdpc.lt\/en\/therapeutic-treatment\/#primaryimage\"},\"thumbnailUrl\":\"https:\/\/clinicdpc.lt\/wp-content\/uploads\/2024\/07\/fav.webp\",\"datePublished\":\"2024-07-29T10:59:40+00:00\",\"breadcrumb\":{\"@id\":\"https:\/\/clinicdpc.lt\/en\/therapeutic-treatment\/#breadcrumb\"},\"inLanguage\":\"en-US\",\"potentialAction\":[{\"@type\":\"ReadAction\",\"target\":[\"https:\/\/clinicdpc.lt\/en\/therapeutic-treatment\/\"]}]},{\"@type\":\"ImageObject\",\"inLanguage\":\"en-US\",\"@id\":\"https:\/\/clinicdpc.lt\/en\/therapeutic-treatment\/#primaryimage\",\"url\":\"https:\/\/clinicdpc.lt\/wp-content\/uploads\/2024\/07\/fav.webp\",\"contentUrl\":\"https:\/\/clinicdpc.lt\/wp-content\/uploads\/2024\/07\/fav.webp\",\"width\":1920,\"height\":640},{\"@type\":\"BreadcrumbList\",\"@id\":\"https:\/\/clinicdpc.lt\/en\/therapeutic-treatment\/#breadcrumb\",\"itemListElement\":[{\"@type\":\"ListItem\",\"position\":1,\"name\":\"Pagrindinis\",\"item\":\"https:\/\/clinicdpc.lt\/en\/homepage\/\"},{\"@type\":\"ListItem\",\"position\":2,\"name\":\"Therapeutic treatment\"}]},{\"@type\":\"WebSite\",\"@id\":\"https:\/\/clinicdpc.lt\/en\/#website\",\"url\":\"https:\/\/clinicdpc.lt\/en\/\",\"name\":\"CLINIC | DPC\",\"description\":\"\",\"publisher\":{\"@id\":\"https:\/\/clinicdpc.lt\/en\/#organization\"},\"potentialAction\":[{\"@type\":\"SearchAction\",\"target\":{\"@type\":\"EntryPoint\",\"urlTemplate\":\"https:\/\/clinicdpc.lt\/en\/?s={search_term_string}\"},\"query-input\":{\"@type\":\"PropertyValueSpecification\",\"valueRequired\":true,\"valueName\":\"search_term_string\"}}],\"inLanguage\":\"en-US\"},{\"@type\":\"Organization\",\"@id\":\"https:\/\/clinicdpc.lt\/en\/#organization\",\"name\":\"Clinic DPC\",\"url\":\"https:\/\/clinicdpc.lt\/en\/\",\"logo\":{\"@type\":\"ImageObject\",\"inLanguage\":\"en-US\",\"@id\":\"https:\/\/clinicdpc.lt\/en\/#\/schema\/logo\/image\/\",\"url\":\"https:\/\/clinicdpc.lt\/wp-content\/uploads\/2024\/07\/dpc-02.svg\",\"contentUrl\":\"https:\/\/clinicdpc.lt\/wp-content\/uploads\/2024\/07\/dpc-02.svg\",\"width\":138,\"height\":25,\"caption\":\"Clinic DPC\"},\"image\":{\"@id\":\"https:\/\/clinicdpc.lt\/en\/#\/schema\/logo\/image\/\"},\"sameAs\":[\"https:\/\/www.facebook.com\/clinicdpc\",\"https:\/\/www.instagram.com\/clinicdpc\/\",\"https:\/\/www.linkedin.com\/company\/clinic-dpc\/\"]}]}<\/script>\n<!-- \/ Yoast SEO plugin. -->","yoast_head_json":{"title":"Therapeutic treatment | DPC - Dant\u0173 prie\u017ei\u016bros centras","robots":{"index":"index","follow":"follow","max-snippet":"max-snippet:-1","max-image-preview":"max-image-preview:large","max-video-preview":"max-video-preview:-1"},"canonical":"https:\/\/clinicdpc.lt\/en\/therapeutic-treatment\/","og_locale":"en_US","og_type":"article","og_title":"Therapeutic treatment | DPC - Dant\u0173 prie\u017ei\u016bros centras","og_description":"What is therapeutic treatment? Experienced CLINIC | DPC specialists treat all dental and oral diseases, as well as provide the necessary preventive care. Dental and oral disease prevention CLINIC | DPPC clinics pay special attention to preventive measures to stop the development of dental and oral diseases. We recommend that every patient registers for a...","og_url":"https:\/\/clinicdpc.lt\/en\/therapeutic-treatment\/","og_site_name":"DPC - Dant\u0173 prie\u017ei\u016bros centras","article_publisher":"https:\/\/www.facebook.com\/clinicdpc","og_image":[{"width":1920,"height":640,"url":"https:\/\/clinicdpc.lt\/wp-content\/uploads\/2024\/07\/fav.webp","type":"image\/webp"}],"twitter_card":"summary_large_image","twitter_misc":{"Est. reading time":"3 minutes"},"schema":{"@context":"https:\/\/schema.org","@graph":[{"@type":"WebPage","@id":"https:\/\/clinicdpc.lt\/en\/therapeutic-treatment\/","url":"https:\/\/clinicdpc.lt\/en\/therapeutic-treatment\/","name":"Therapeutic treatment | DPC - Dant\u0173 prie\u017ei\u016bros centras","isPartOf":{"@id":"https:\/\/clinicdpc.lt\/en\/#website"},"primaryImageOfPage":{"@id":"https:\/\/clinicdpc.lt\/en\/therapeutic-treatment\/#primaryimage"},"image":{"@id":"https:\/\/clinicdpc.lt\/en\/therapeutic-treatment\/#primaryimage"},"thumbnailUrl":"https:\/\/clinicdpc.lt\/wp-content\/uploads\/2024\/07\/fav.webp","datePublished":"2024-07-29T10:59:40+00:00","breadcrumb":{"@id":"https:\/\/clinicdpc.lt\/en\/therapeutic-treatment\/#breadcrumb"},"inLanguage":"en-US","potentialAction":[{"@type":"ReadAction","target":["https:\/\/clinicdpc.lt\/en\/therapeutic-treatment\/"]}]},{"@type":"ImageObject","inLanguage":"en-US","@id":"https:\/\/clinicdpc.lt\/en\/therapeutic-treatment\/#primaryimage","url":"https:\/\/clinicdpc.lt\/wp-content\/uploads\/2024\/07\/fav.webp","contentUrl":"https:\/\/clinicdpc.lt\/wp-content\/uploads\/2024\/07\/fav.webp","width":1920,"height":640},{"@type":"BreadcrumbList","@id":"https:\/\/clinicdpc.lt\/en\/therapeutic-treatment\/#breadcrumb","itemListElement":[{"@type":"ListItem","position":1,"name":"Pagrindinis","item":"https:\/\/clinicdpc.lt\/en\/homepage\/"},{"@type":"ListItem","position":2,"name":"Therapeutic treatment"}]},{"@type":"WebSite","@id":"https:\/\/clinicdpc.lt\/en\/#website","url":"https:\/\/clinicdpc.lt\/en\/","name":"CLINIC | DPC","description":"","publisher":{"@id":"https:\/\/clinicdpc.lt\/en\/#organization"},"potentialAction":[{"@type":"SearchAction","target":{"@type":"EntryPoint","urlTemplate":"https:\/\/clinicdpc.lt\/en\/?s={search_term_string}"},"query-input":{"@type":"PropertyValueSpecification","valueRequired":true,"valueName":"search_term_string"}}],"inLanguage":"en-US"},{"@type":"Organization","@id":"https:\/\/clinicdpc.lt\/en\/#organization","name":"Clinic DPC","url":"https:\/\/clinicdpc.lt\/en\/","logo":{"@type":"ImageObject","inLanguage":"en-US","@id":"https:\/\/clinicdpc.lt\/en\/#\/schema\/logo\/image\/","url":"https:\/\/clinicdpc.lt\/wp-content\/uploads\/2024\/07\/dpc-02.svg","contentUrl":"https:\/\/clinicdpc.lt\/wp-content\/uploads\/2024\/07\/dpc-02.svg","width":138,"height":25,"caption":"Clinic DPC"},"image":{"@id":"https:\/\/clinicdpc.lt\/en\/#\/schema\/logo\/image\/"},"sameAs":["https:\/\/www.facebook.com\/clinicdpc","https:\/\/www.instagram.com\/clinicdpc\/","https:\/\/www.linkedin.com\/company\/clinic-dpc\/"]}]}},"_links":{"self":[{"href":"https:\/\/clinicdpc.lt\/en\/wp-json\/wp\/v2\/pages\/8810","targetHints":{"allow":["GET"]}}],"collection":[{"href":"https:\/\/clinicdpc.lt\/en\/wp-json\/wp\/v2\/pages"}],"about":[{"href":"https:\/\/clinicdpc.lt\/en\/wp-json\/wp\/v2\/types\/page"}],"author":[{"embeddable":true,"href":"https:\/\/clinicdpc.lt\/en\/wp-json\/wp\/v2\/users\/16"}],"replies":[{"embeddable":true,"href":"https:\/\/clinicdpc.lt\/en\/wp-json\/wp\/v2\/comments?post=8810"}],"version-history":[{"count":1,"href":"https:\/\/clinicdpc.lt\/en\/wp-json\/wp\/v2\/pages\/8810\/revisions"}],"predecessor-version":[{"id":8811,"href":"https:\/\/clinicdpc.lt\/en\/wp-json\/wp\/v2\/pages\/8810\/revisions\/8811"}],"wp:featuredmedia":[{"embeddable":true,"href":"https:\/\/clinicdpc.lt\/en\/wp-json\/wp\/v2\/media\/8797"}],"wp:attachment":[{"href":"https:\/\/clinicdpc.lt\/en\/wp-json\/wp\/v2\/media?parent=8810"}],"curies":[{"name":"wp","href":"https:\/\/api.w.org\/{rel}","templated":true}]}}