{"id":8818,"date":"2024-07-29T11:10:05","date_gmt":"2024-07-29T11:10:05","guid":{"rendered":"https:\/\/clinicdpc.lt\/?page_id=8818"},"modified":"2024-07-29T11:10:05","modified_gmt":"2024-07-29T11:10:05","slug":"orthodontic-treatment-2","status":"publish","type":"page","link":"https:\/\/clinicdpc.lt\/en\/orthodontic-treatment-2\/","title":{"rendered":"Orthodontic treatment"},"content":{"rendered":"<div class=\"col-12 col-lg-4\">\n<h2 class=\"aos-init aos-animate\" data-aos=\"fade\">What is orthodontics?<\/h2>\n<\/div>\n<div class=\"col-12 col-lg-6 right_col\">\n<div class=\"col_content aos-init aos-animate\" data-aos=\"fade\">\n<p>Orthodontics is a specialty of dentistry that corrects malpositioned teeth and jaws. Crooked teeth, abnormal bite are serious problems that affect our aesthetic appearance and can increase the likelihood of tooth decay and wear. Most orthodontic patients are children and teenagers, but orthodontic treatment can be applied to adults.<\/p>\n<div class=\"col-12 col-lg-4\">\n<h2 class=\"aos-init aos-animate\" data-aos=\"fade\">When orthodontic treatment should be applied?<\/h2>\n<\/div>\n<div class=\"col-12 col-lg-6 right_col\">\n<div class=\"col_content aos-init aos-animate\" data-aos=\"fade\">\n<p>Orthodontic treatment is utilized when the patient has crooked teeth, an abnormal bite or annoying interdental gaps. Orthodontic treatment improves facial aesthetics, and in some cases helps to successfully restore impaired speech, swallowing, and chewing functions, and prevents future health problems.<\/p>\n<div class=\"row\">\n<div class=\"col-12 col-lg-6\">\n<h2>Orthodontic treatment methods:<\/h2>\n<div class=\"section_description\">Orthodontic treatment is performed with dental plates, metal or ceramic braces and orthodontic mouthguards.<\/div>\n<\/div>\n<\/div>\n<div class=\"row\">\n<div class=\"col-12 col-md-5  d-flex flex-column justify-content-between item\">\n<div>\n<h3>Metal braces<\/h3>\n<div class=\"description\">\n<p>Traditional metal braces are the most popular choice among patients. Made out of stainless steel, they are sturdy and efficient in their function. Metal braces a little cheaper than the alternative, better looking ceramic braces. Although metal braces have improved dramatically since their predecessors, they are still clearly visible with a smile, so not all people commit to this treatment. When wearing traditional braces, you should see your orthodontist once a month for a correction.<\/p>\n<\/div>\n<\/div>\n<\/div>\n<div class=\"col-12 col-md-5 offset-md-1 d-flex flex-column justify-content-between item\">\n<div>\n<h3>Ceramic braces<\/h3>\n<div class=\"description\">\n<p>Ceramic braces are less noticeable, more aesthetically pleasing than traditional metal braces. Both ceramic braces and wire connecting them are made of whitish, translucent porcelain that resembles the color of healthy teeth Such braces are much harder to spot at first glance and are usually chosen by people for whom it is visually unacceptable to wear metal braces. When wearing ceramic braces, it is also necessary to correct them once a month.<\/p>\n<\/div>\n<\/div>\n<\/div>\n<div class=\"col-12 col-md-5  d-flex flex-column justify-content-between item\">\n<div>\n<h3>Tooth straightening, orthodontic mouthguards<\/h3>\n<div class=\"description\">\n<p>Orthodontic treatment with transparent orthodontic mouthguards is a great alternative to dental braces. Transparent mouthguards are placed on the teeth during this treatment. Like braces, they push their teeth into the desired position. These mouthguards need to be replaced every two weeks, during which time the teeth are straightened. Today, this technology is the most convenient, almost invisible way to straighten crooked teeth and fix an abnormal bite.<\/p>\n<\/div>\n<\/div>\n<\/div>\n<\/div>\n<\/div>\n<\/div>\n<\/div>\n<\/div>\n","protected":false},"excerpt":{"rendered":"<p>What is orthodontics? Orthodontics is a specialty of dentistry that corrects malpositioned teeth and jaws. Crooked teeth, abnormal bite are serious problems that affect our aesthetic appearance and can increase the likelihood of tooth decay and wear. Most orthodontic patients are children and teenagers, but orthodontic treatment can be applied to adults. When orthodontic treatment&#8230;<\/p>\n","protected":false},"author":16,"featured_media":8816,"parent":0,"menu_order":0,"comment_status":"closed","ping_status":"closed","template":"tp-services.php","meta":{"_acf_changed":false,"footnotes":""},"class_list":["post-8818","page","type-page","status-publish","has-post-thumbnail","hentry"],"acf":[],"yoast_head":"<!-- This site is optimized with the Yoast SEO plugin v27.2 - https:\/\/yoast.com\/product\/yoast-seo-wordpress\/ -->\n<title>Orthodontic treatment | DPC - Dant\u0173 prie\u017ei\u016bros centras<\/title>\n<meta name=\"robots\" content=\"index, follow, max-snippet:-1, max-image-preview:large, max-video-preview:-1\" \/>\n<link rel=\"canonical\" href=\"https:\/\/clinicdpc.lt\/en\/orthodontic-treatment-2\/\" \/>\n<meta property=\"og:locale\" content=\"en_US\" \/>\n<meta property=\"og:type\" content=\"article\" \/>\n<meta property=\"og:title\" content=\"Orthodontic treatment | DPC - Dant\u0173 prie\u017ei\u016bros centras\" \/>\n<meta property=\"og:description\" content=\"What is orthodontics? Orthodontics is a specialty of dentistry that corrects malpositioned teeth and jaws. Crooked teeth, abnormal bite are serious problems that affect our aesthetic appearance and can increase the likelihood of tooth decay and wear. Most orthodontic patients are children and teenagers, but orthodontic treatment can be applied to adults. When orthodontic treatment...\" \/>\n<meta property=\"og:url\" content=\"https:\/\/clinicdpc.lt\/en\/orthodontic-treatment-2\/\" \/>\n<meta property=\"og:site_name\" content=\"DPC - Dant\u0173 prie\u017ei\u016bros centras\" \/>\n<meta property=\"article:publisher\" content=\"https:\/\/www.facebook.com\/clinicdpc\" \/>\n<meta property=\"og:image\" content=\"https:\/\/clinicdpc.lt\/wp-content\/uploads\/2024\/07\/orto-1.webp\" \/>\n\t<meta property=\"og:image:width\" content=\"1920\" \/>\n\t<meta property=\"og:image:height\" content=\"640\" \/>\n\t<meta property=\"og:image:type\" content=\"image\/webp\" \/>\n<meta name=\"twitter:card\" content=\"summary_large_image\" \/>\n<meta name=\"twitter:label1\" content=\"Est. reading time\" \/>\n\t<meta name=\"twitter:data1\" content=\"2 minutes\" \/>\n<script type=\"application\/ld+json\" class=\"yoast-schema-graph\">{\"@context\":\"https:\/\/schema.org\",\"@graph\":[{\"@type\":\"WebPage\",\"@id\":\"https:\/\/clinicdpc.lt\/en\/orthodontic-treatment-2\/\",\"url\":\"https:\/\/clinicdpc.lt\/en\/orthodontic-treatment-2\/\",\"name\":\"Orthodontic treatment | DPC - Dant\u0173 prie\u017ei\u016bros centras\",\"isPartOf\":{\"@id\":\"https:\/\/clinicdpc.lt\/en\/#website\"},\"primaryImageOfPage\":{\"@id\":\"https:\/\/clinicdpc.lt\/en\/orthodontic-treatment-2\/#primaryimage\"},\"image\":{\"@id\":\"https:\/\/clinicdpc.lt\/en\/orthodontic-treatment-2\/#primaryimage\"},\"thumbnailUrl\":\"https:\/\/clinicdpc.lt\/wp-content\/uploads\/2024\/07\/orto-1.webp\",\"datePublished\":\"2024-07-29T11:10:05+00:00\",\"breadcrumb\":{\"@id\":\"https:\/\/clinicdpc.lt\/en\/orthodontic-treatment-2\/#breadcrumb\"},\"inLanguage\":\"en-US\",\"potentialAction\":[{\"@type\":\"ReadAction\",\"target\":[\"https:\/\/clinicdpc.lt\/en\/orthodontic-treatment-2\/\"]}]},{\"@type\":\"ImageObject\",\"inLanguage\":\"en-US\",\"@id\":\"https:\/\/clinicdpc.lt\/en\/orthodontic-treatment-2\/#primaryimage\",\"url\":\"https:\/\/clinicdpc.lt\/wp-content\/uploads\/2024\/07\/orto-1.webp\",\"contentUrl\":\"https:\/\/clinicdpc.lt\/wp-content\/uploads\/2024\/07\/orto-1.webp\",\"width\":1920,\"height\":640},{\"@type\":\"BreadcrumbList\",\"@id\":\"https:\/\/clinicdpc.lt\/en\/orthodontic-treatment-2\/#breadcrumb\",\"itemListElement\":[{\"@type\":\"ListItem\",\"position\":1,\"name\":\"Pagrindinis\",\"item\":\"https:\/\/clinicdpc.lt\/en\/homepage\/\"},{\"@type\":\"ListItem\",\"position\":2,\"name\":\"Orthodontic treatment\"}]},{\"@type\":\"WebSite\",\"@id\":\"https:\/\/clinicdpc.lt\/en\/#website\",\"url\":\"https:\/\/clinicdpc.lt\/en\/\",\"name\":\"CLINIC | DPC\",\"description\":\"\",\"publisher\":{\"@id\":\"https:\/\/clinicdpc.lt\/en\/#organization\"},\"potentialAction\":[{\"@type\":\"SearchAction\",\"target\":{\"@type\":\"EntryPoint\",\"urlTemplate\":\"https:\/\/clinicdpc.lt\/en\/?s={search_term_string}\"},\"query-input\":{\"@type\":\"PropertyValueSpecification\",\"valueRequired\":true,\"valueName\":\"search_term_string\"}}],\"inLanguage\":\"en-US\"},{\"@type\":\"Organization\",\"@id\":\"https:\/\/clinicdpc.lt\/en\/#organization\",\"name\":\"Clinic DPC\",\"url\":\"https:\/\/clinicdpc.lt\/en\/\",\"logo\":{\"@type\":\"ImageObject\",\"inLanguage\":\"en-US\",\"@id\":\"https:\/\/clinicdpc.lt\/en\/#\/schema\/logo\/image\/\",\"url\":\"https:\/\/clinicdpc.lt\/wp-content\/uploads\/2024\/07\/dpc-02.svg\",\"contentUrl\":\"https:\/\/clinicdpc.lt\/wp-content\/uploads\/2024\/07\/dpc-02.svg\",\"width\":138,\"height\":25,\"caption\":\"Clinic DPC\"},\"image\":{\"@id\":\"https:\/\/clinicdpc.lt\/en\/#\/schema\/logo\/image\/\"},\"sameAs\":[\"https:\/\/www.facebook.com\/clinicdpc\",\"https:\/\/www.instagram.com\/clinicdpc\/\",\"https:\/\/www.linkedin.com\/company\/clinic-dpc\/\"]}]}<\/script>\n<!-- \/ Yoast SEO plugin. -->","yoast_head_json":{"title":"Orthodontic treatment | DPC - Dant\u0173 prie\u017ei\u016bros centras","robots":{"index":"index","follow":"follow","max-snippet":"max-snippet:-1","max-image-preview":"max-image-preview:large","max-video-preview":"max-video-preview:-1"},"canonical":"https:\/\/clinicdpc.lt\/en\/orthodontic-treatment-2\/","og_locale":"en_US","og_type":"article","og_title":"Orthodontic treatment | DPC - Dant\u0173 prie\u017ei\u016bros centras","og_description":"What is orthodontics? Orthodontics is a specialty of dentistry that corrects malpositioned teeth and jaws. Crooked teeth, abnormal bite are serious problems that affect our aesthetic appearance and can increase the likelihood of tooth decay and wear. Most orthodontic patients are children and teenagers, but orthodontic treatment can be applied to adults. When orthodontic treatment...","og_url":"https:\/\/clinicdpc.lt\/en\/orthodontic-treatment-2\/","og_site_name":"DPC - Dant\u0173 prie\u017ei\u016bros centras","article_publisher":"https:\/\/www.facebook.com\/clinicdpc","og_image":[{"width":1920,"height":640,"url":"https:\/\/clinicdpc.lt\/wp-content\/uploads\/2024\/07\/orto-1.webp","type":"image\/webp"}],"twitter_card":"summary_large_image","twitter_misc":{"Est. reading time":"2 minutes"},"schema":{"@context":"https:\/\/schema.org","@graph":[{"@type":"WebPage","@id":"https:\/\/clinicdpc.lt\/en\/orthodontic-treatment-2\/","url":"https:\/\/clinicdpc.lt\/en\/orthodontic-treatment-2\/","name":"Orthodontic treatment | DPC - Dant\u0173 prie\u017ei\u016bros centras","isPartOf":{"@id":"https:\/\/clinicdpc.lt\/en\/#website"},"primaryImageOfPage":{"@id":"https:\/\/clinicdpc.lt\/en\/orthodontic-treatment-2\/#primaryimage"},"image":{"@id":"https:\/\/clinicdpc.lt\/en\/orthodontic-treatment-2\/#primaryimage"},"thumbnailUrl":"https:\/\/clinicdpc.lt\/wp-content\/uploads\/2024\/07\/orto-1.webp","datePublished":"2024-07-29T11:10:05+00:00","breadcrumb":{"@id":"https:\/\/clinicdpc.lt\/en\/orthodontic-treatment-2\/#breadcrumb"},"inLanguage":"en-US","potentialAction":[{"@type":"ReadAction","target":["https:\/\/clinicdpc.lt\/en\/orthodontic-treatment-2\/"]}]},{"@type":"ImageObject","inLanguage":"en-US","@id":"https:\/\/clinicdpc.lt\/en\/orthodontic-treatment-2\/#primaryimage","url":"https:\/\/clinicdpc.lt\/wp-content\/uploads\/2024\/07\/orto-1.webp","contentUrl":"https:\/\/clinicdpc.lt\/wp-content\/uploads\/2024\/07\/orto-1.webp","width":1920,"height":640},{"@type":"BreadcrumbList","@id":"https:\/\/clinicdpc.lt\/en\/orthodontic-treatment-2\/#breadcrumb","itemListElement":[{"@type":"ListItem","position":1,"name":"Pagrindinis","item":"https:\/\/clinicdpc.lt\/en\/homepage\/"},{"@type":"ListItem","position":2,"name":"Orthodontic treatment"}]},{"@type":"WebSite","@id":"https:\/\/clinicdpc.lt\/en\/#website","url":"https:\/\/clinicdpc.lt\/en\/","name":"CLINIC | DPC","description":"","publisher":{"@id":"https:\/\/clinicdpc.lt\/en\/#organization"},"potentialAction":[{"@type":"SearchAction","target":{"@type":"EntryPoint","urlTemplate":"https:\/\/clinicdpc.lt\/en\/?s={search_term_string}"},"query-input":{"@type":"PropertyValueSpecification","valueRequired":true,"valueName":"search_term_string"}}],"inLanguage":"en-US"},{"@type":"Organization","@id":"https:\/\/clinicdpc.lt\/en\/#organization","name":"Clinic DPC","url":"https:\/\/clinicdpc.lt\/en\/","logo":{"@type":"ImageObject","inLanguage":"en-US","@id":"https:\/\/clinicdpc.lt\/en\/#\/schema\/logo\/image\/","url":"https:\/\/clinicdpc.lt\/wp-content\/uploads\/2024\/07\/dpc-02.svg","contentUrl":"https:\/\/clinicdpc.lt\/wp-content\/uploads\/2024\/07\/dpc-02.svg","width":138,"height":25,"caption":"Clinic DPC"},"image":{"@id":"https:\/\/clinicdpc.lt\/en\/#\/schema\/logo\/image\/"},"sameAs":["https:\/\/www.facebook.com\/clinicdpc","https:\/\/www.instagram.com\/clinicdpc\/","https:\/\/www.linkedin.com\/company\/clinic-dpc\/"]}]}},"_links":{"self":[{"href":"https:\/\/clinicdpc.lt\/en\/wp-json\/wp\/v2\/pages\/8818","targetHints":{"allow":["GET"]}}],"collection":[{"href":"https:\/\/clinicdpc.lt\/en\/wp-json\/wp\/v2\/pages"}],"about":[{"href":"https:\/\/clinicdpc.lt\/en\/wp-json\/wp\/v2\/types\/page"}],"author":[{"embeddable":true,"href":"https:\/\/clinicdpc.lt\/en\/wp-json\/wp\/v2\/users\/16"}],"replies":[{"embeddable":true,"href":"https:\/\/clinicdpc.lt\/en\/wp-json\/wp\/v2\/comments?post=8818"}],"version-history":[{"count":1,"href":"https:\/\/clinicdpc.lt\/en\/wp-json\/wp\/v2\/pages\/8818\/revisions"}],"predecessor-version":[{"id":8819,"href":"https:\/\/clinicdpc.lt\/en\/wp-json\/wp\/v2\/pages\/8818\/revisions\/8819"}],"wp:featuredmedia":[{"embeddable":true,"href":"https:\/\/clinicdpc.lt\/en\/wp-json\/wp\/v2\/media\/8816"}],"wp:attachment":[{"href":"https:\/\/clinicdpc.lt\/en\/wp-json\/wp\/v2\/media?parent=8818"}],"curies":[{"name":"wp","href":"https:\/\/api.w.org\/{rel}","templated":true}]}}