{"id":8826,"date":"2024-07-29T11:36:51","date_gmt":"2024-07-29T11:36:51","guid":{"rendered":"https:\/\/clinicdpc.lt\/?page_id=8826"},"modified":"2024-07-29T11:37:09","modified_gmt":"2024-07-29T11:37:09","slug":"orthodontic-treatment-with-straightening-braces","status":"publish","type":"page","link":"https:\/\/clinicdpc.lt\/en\/orthodontic-treatment-with-straightening-braces\/","title":{"rendered":"Orthodontic treatment with straightening braces"},"content":{"rendered":"<div class=\"col-12 col-lg-4\">\n<h2 class=\"aos-init aos-animate\" data-aos=\"fade\">When is orthodontic treatment applied?<\/h2>\n<\/div>\n<div class=\"col-12 col-lg-6 right_col\">\n<div class=\"col_content aos-init aos-animate\" data-aos=\"fade\">\n<p>Orthodontic treatment is applied when the patient&#8217;s teeth are crooked, a bad bite is formed or large spaces between the teeth are annoying. Orthodontic treatment is not only for aesthetic appearance. In some cases, it helps to successfully restore impaired functions of speech, swallowing and chewing and to prevent various ailments in the future.<\/p>\n<div class=\"col-12 col-lg-4\">\n<h2 class=\"aos-init aos-animate\" data-aos=\"fade\">What is orthodontic treatment with aligners?<\/h2>\n<\/div>\n<div class=\"col-12 col-lg-6 right_col\">\n<div class=\"col_content aos-init aos-animate\" data-aos=\"fade\">\n<p>Treatment with teeth straightening trays is a modern, convenient and effective solution for teeth straightening. The braces themselves are nearly invisible removable orthodontic appliances made of soft and transparent medical plastic. Braces are designed to straighten teeth and treat irregular bite effectively, comfortably and painlessly. With gentle pressure, they push the teeth into the pre-planned desired position. In order to keep the teeth moving towards their goal, patients have to replace the trays with new ones, usually every two weeks.<\/p>\n<div class=\"col-12 col-lg-4\">\n<h2 class=\"aos-init aos-animate\" data-aos=\"fade\">Advantages of straightening graves:<\/h2>\n<\/div>\n<div class=\"col-12 col-lg-6 right_col\">\n<div class=\"col_content aos-init aos-animate\" data-aos=\"fade\">\n<p>&#8211; Caps are barely noticeable, so adults are not ashamed to wear them.<\/p>\n<p>&#8211; It&#8217;s comfortable to carry around. They do not cause pain, do not irritate the gums, do not scratch the cheeks and lips.<\/p>\n<p>&#8211; Treatment with kapa is usually shorter and requires fewer visits to the doctor.<\/p>\n<p>&#8211; When necessary, for example on special occasions, the patient can remove the grave.<\/p>\n<p>&#8211; People wearing graves do not have to change their daily habits. They can eat their favorite foods and exercise as usual.<\/p>\n<p>&#8211; Teeth straightening with graves does not complicate general oral hygiene.<\/p>\n<p>&nbsp;<\/p>\n<\/div>\n<\/div>\n<\/div>\n<\/div>\n<\/div>\n<\/div>\n","protected":false},"excerpt":{"rendered":"<p>When is orthodontic treatment applied? Orthodontic treatment is applied when the patient&#8217;s teeth are crooked, a bad bite is formed or large spaces between the teeth are annoying. Orthodontic treatment is not only for aesthetic appearance. In some cases, it helps to successfully restore impaired functions of speech, swallowing and chewing and to prevent various&#8230;<\/p>\n","protected":false},"author":16,"featured_media":8822,"parent":0,"menu_order":0,"comment_status":"closed","ping_status":"closed","template":"tp-services.php","meta":{"_acf_changed":false,"footnotes":""},"class_list":["post-8826","page","type-page","status-publish","has-post-thumbnail","hentry"],"acf":[],"yoast_head":"<!-- This site is optimized with the Yoast SEO plugin v27.2 - https:\/\/yoast.com\/product\/yoast-seo-wordpress\/ -->\n<title>Orthodontic treatment with straightening braces | DPC - Dant\u0173 prie\u017ei\u016bros centras<\/title>\n<meta name=\"robots\" content=\"index, follow, max-snippet:-1, max-image-preview:large, max-video-preview:-1\" \/>\n<link rel=\"canonical\" href=\"https:\/\/clinicdpc.lt\/en\/orthodontic-treatment-with-straightening-braces\/\" \/>\n<meta property=\"og:locale\" content=\"en_US\" \/>\n<meta property=\"og:type\" content=\"article\" \/>\n<meta property=\"og:title\" content=\"Orthodontic treatment with straightening braces | DPC - Dant\u0173 prie\u017ei\u016bros centras\" \/>\n<meta property=\"og:description\" content=\"When is orthodontic treatment applied? Orthodontic treatment is applied when the patient&#8217;s teeth are crooked, a bad bite is formed or large spaces between the teeth are annoying. Orthodontic treatment is not only for aesthetic appearance. In some cases, it helps to successfully restore impaired functions of speech, swallowing and chewing and to prevent various...\" \/>\n<meta property=\"og:url\" content=\"https:\/\/clinicdpc.lt\/en\/orthodontic-treatment-with-straightening-braces\/\" \/>\n<meta property=\"og:site_name\" content=\"DPC - Dant\u0173 prie\u017ei\u016bros centras\" \/>\n<meta property=\"article:publisher\" content=\"https:\/\/www.facebook.com\/clinicdpc\" \/>\n<meta property=\"article:modified_time\" content=\"2024-07-29T11:37:09+00:00\" \/>\n<meta property=\"og:image\" content=\"https:\/\/clinicdpc.lt\/wp-content\/uploads\/2024\/07\/Untitled-1920-\u00d7-640-px.webp\" \/>\n\t<meta property=\"og:image:width\" content=\"1920\" \/>\n\t<meta property=\"og:image:height\" content=\"640\" \/>\n\t<meta property=\"og:image:type\" content=\"image\/webp\" \/>\n<meta name=\"twitter:card\" content=\"summary_large_image\" \/>\n<meta name=\"twitter:label1\" content=\"Est. reading time\" \/>\n\t<meta name=\"twitter:data1\" content=\"2 minutes\" \/>\n<script type=\"application\/ld+json\" class=\"yoast-schema-graph\">{\"@context\":\"https:\/\/schema.org\",\"@graph\":[{\"@type\":\"WebPage\",\"@id\":\"https:\/\/clinicdpc.lt\/en\/orthodontic-treatment-with-straightening-braces\/\",\"url\":\"https:\/\/clinicdpc.lt\/en\/orthodontic-treatment-with-straightening-braces\/\",\"name\":\"Orthodontic treatment with straightening braces | DPC - Dant\u0173 prie\u017ei\u016bros centras\",\"isPartOf\":{\"@id\":\"https:\/\/clinicdpc.lt\/en\/#website\"},\"primaryImageOfPage\":{\"@id\":\"https:\/\/clinicdpc.lt\/en\/orthodontic-treatment-with-straightening-braces\/#primaryimage\"},\"image\":{\"@id\":\"https:\/\/clinicdpc.lt\/en\/orthodontic-treatment-with-straightening-braces\/#primaryimage\"},\"thumbnailUrl\":\"https:\/\/clinicdpc.lt\/wp-content\/uploads\/2024\/07\/Untitled-1920-\u00d7-640-px.webp\",\"datePublished\":\"2024-07-29T11:36:51+00:00\",\"dateModified\":\"2024-07-29T11:37:09+00:00\",\"breadcrumb\":{\"@id\":\"https:\/\/clinicdpc.lt\/en\/orthodontic-treatment-with-straightening-braces\/#breadcrumb\"},\"inLanguage\":\"en-US\",\"potentialAction\":[{\"@type\":\"ReadAction\",\"target\":[\"https:\/\/clinicdpc.lt\/en\/orthodontic-treatment-with-straightening-braces\/\"]}]},{\"@type\":\"ImageObject\",\"inLanguage\":\"en-US\",\"@id\":\"https:\/\/clinicdpc.lt\/en\/orthodontic-treatment-with-straightening-braces\/#primaryimage\",\"url\":\"https:\/\/clinicdpc.lt\/wp-content\/uploads\/2024\/07\/Untitled-1920-\u00d7-640-px.webp\",\"contentUrl\":\"https:\/\/clinicdpc.lt\/wp-content\/uploads\/2024\/07\/Untitled-1920-\u00d7-640-px.webp\",\"width\":1920,\"height\":640},{\"@type\":\"BreadcrumbList\",\"@id\":\"https:\/\/clinicdpc.lt\/en\/orthodontic-treatment-with-straightening-braces\/#breadcrumb\",\"itemListElement\":[{\"@type\":\"ListItem\",\"position\":1,\"name\":\"Pagrindinis\",\"item\":\"https:\/\/clinicdpc.lt\/en\/homepage\/\"},{\"@type\":\"ListItem\",\"position\":2,\"name\":\"Orthodontic treatment with straightening braces\"}]},{\"@type\":\"WebSite\",\"@id\":\"https:\/\/clinicdpc.lt\/en\/#website\",\"url\":\"https:\/\/clinicdpc.lt\/en\/\",\"name\":\"CLINIC | DPC\",\"description\":\"\",\"publisher\":{\"@id\":\"https:\/\/clinicdpc.lt\/en\/#organization\"},\"potentialAction\":[{\"@type\":\"SearchAction\",\"target\":{\"@type\":\"EntryPoint\",\"urlTemplate\":\"https:\/\/clinicdpc.lt\/en\/?s={search_term_string}\"},\"query-input\":{\"@type\":\"PropertyValueSpecification\",\"valueRequired\":true,\"valueName\":\"search_term_string\"}}],\"inLanguage\":\"en-US\"},{\"@type\":\"Organization\",\"@id\":\"https:\/\/clinicdpc.lt\/en\/#organization\",\"name\":\"Clinic DPC\",\"url\":\"https:\/\/clinicdpc.lt\/en\/\",\"logo\":{\"@type\":\"ImageObject\",\"inLanguage\":\"en-US\",\"@id\":\"https:\/\/clinicdpc.lt\/en\/#\/schema\/logo\/image\/\",\"url\":\"https:\/\/clinicdpc.lt\/wp-content\/uploads\/2024\/07\/dpc-02.svg\",\"contentUrl\":\"https:\/\/clinicdpc.lt\/wp-content\/uploads\/2024\/07\/dpc-02.svg\",\"width\":138,\"height\":25,\"caption\":\"Clinic DPC\"},\"image\":{\"@id\":\"https:\/\/clinicdpc.lt\/en\/#\/schema\/logo\/image\/\"},\"sameAs\":[\"https:\/\/www.facebook.com\/clinicdpc\",\"https:\/\/www.instagram.com\/clinicdpc\/\",\"https:\/\/www.linkedin.com\/company\/clinic-dpc\/\"]}]}<\/script>\n<!-- \/ Yoast SEO plugin. -->","yoast_head_json":{"title":"Orthodontic treatment with straightening braces | DPC - Dant\u0173 prie\u017ei\u016bros centras","robots":{"index":"index","follow":"follow","max-snippet":"max-snippet:-1","max-image-preview":"max-image-preview:large","max-video-preview":"max-video-preview:-1"},"canonical":"https:\/\/clinicdpc.lt\/en\/orthodontic-treatment-with-straightening-braces\/","og_locale":"en_US","og_type":"article","og_title":"Orthodontic treatment with straightening braces | DPC - Dant\u0173 prie\u017ei\u016bros centras","og_description":"When is orthodontic treatment applied? Orthodontic treatment is applied when the patient&#8217;s teeth are crooked, a bad bite is formed or large spaces between the teeth are annoying. Orthodontic treatment is not only for aesthetic appearance. In some cases, it helps to successfully restore impaired functions of speech, swallowing and chewing and to prevent various...","og_url":"https:\/\/clinicdpc.lt\/en\/orthodontic-treatment-with-straightening-braces\/","og_site_name":"DPC - Dant\u0173 prie\u017ei\u016bros centras","article_publisher":"https:\/\/www.facebook.com\/clinicdpc","article_modified_time":"2024-07-29T11:37:09+00:00","og_image":[{"width":1920,"height":640,"url":"https:\/\/clinicdpc.lt\/wp-content\/uploads\/2024\/07\/Untitled-1920-\u00d7-640-px.webp","type":"image\/webp"}],"twitter_card":"summary_large_image","twitter_misc":{"Est. reading time":"2 minutes"},"schema":{"@context":"https:\/\/schema.org","@graph":[{"@type":"WebPage","@id":"https:\/\/clinicdpc.lt\/en\/orthodontic-treatment-with-straightening-braces\/","url":"https:\/\/clinicdpc.lt\/en\/orthodontic-treatment-with-straightening-braces\/","name":"Orthodontic treatment with straightening braces | DPC - Dant\u0173 prie\u017ei\u016bros centras","isPartOf":{"@id":"https:\/\/clinicdpc.lt\/en\/#website"},"primaryImageOfPage":{"@id":"https:\/\/clinicdpc.lt\/en\/orthodontic-treatment-with-straightening-braces\/#primaryimage"},"image":{"@id":"https:\/\/clinicdpc.lt\/en\/orthodontic-treatment-with-straightening-braces\/#primaryimage"},"thumbnailUrl":"https:\/\/clinicdpc.lt\/wp-content\/uploads\/2024\/07\/Untitled-1920-\u00d7-640-px.webp","datePublished":"2024-07-29T11:36:51+00:00","dateModified":"2024-07-29T11:37:09+00:00","breadcrumb":{"@id":"https:\/\/clinicdpc.lt\/en\/orthodontic-treatment-with-straightening-braces\/#breadcrumb"},"inLanguage":"en-US","potentialAction":[{"@type":"ReadAction","target":["https:\/\/clinicdpc.lt\/en\/orthodontic-treatment-with-straightening-braces\/"]}]},{"@type":"ImageObject","inLanguage":"en-US","@id":"https:\/\/clinicdpc.lt\/en\/orthodontic-treatment-with-straightening-braces\/#primaryimage","url":"https:\/\/clinicdpc.lt\/wp-content\/uploads\/2024\/07\/Untitled-1920-\u00d7-640-px.webp","contentUrl":"https:\/\/clinicdpc.lt\/wp-content\/uploads\/2024\/07\/Untitled-1920-\u00d7-640-px.webp","width":1920,"height":640},{"@type":"BreadcrumbList","@id":"https:\/\/clinicdpc.lt\/en\/orthodontic-treatment-with-straightening-braces\/#breadcrumb","itemListElement":[{"@type":"ListItem","position":1,"name":"Pagrindinis","item":"https:\/\/clinicdpc.lt\/en\/homepage\/"},{"@type":"ListItem","position":2,"name":"Orthodontic treatment with straightening braces"}]},{"@type":"WebSite","@id":"https:\/\/clinicdpc.lt\/en\/#website","url":"https:\/\/clinicdpc.lt\/en\/","name":"CLINIC | DPC","description":"","publisher":{"@id":"https:\/\/clinicdpc.lt\/en\/#organization"},"potentialAction":[{"@type":"SearchAction","target":{"@type":"EntryPoint","urlTemplate":"https:\/\/clinicdpc.lt\/en\/?s={search_term_string}"},"query-input":{"@type":"PropertyValueSpecification","valueRequired":true,"valueName":"search_term_string"}}],"inLanguage":"en-US"},{"@type":"Organization","@id":"https:\/\/clinicdpc.lt\/en\/#organization","name":"Clinic DPC","url":"https:\/\/clinicdpc.lt\/en\/","logo":{"@type":"ImageObject","inLanguage":"en-US","@id":"https:\/\/clinicdpc.lt\/en\/#\/schema\/logo\/image\/","url":"https:\/\/clinicdpc.lt\/wp-content\/uploads\/2024\/07\/dpc-02.svg","contentUrl":"https:\/\/clinicdpc.lt\/wp-content\/uploads\/2024\/07\/dpc-02.svg","width":138,"height":25,"caption":"Clinic DPC"},"image":{"@id":"https:\/\/clinicdpc.lt\/en\/#\/schema\/logo\/image\/"},"sameAs":["https:\/\/www.facebook.com\/clinicdpc","https:\/\/www.instagram.com\/clinicdpc\/","https:\/\/www.linkedin.com\/company\/clinic-dpc\/"]}]}},"_links":{"self":[{"href":"https:\/\/clinicdpc.lt\/en\/wp-json\/wp\/v2\/pages\/8826","targetHints":{"allow":["GET"]}}],"collection":[{"href":"https:\/\/clinicdpc.lt\/en\/wp-json\/wp\/v2\/pages"}],"about":[{"href":"https:\/\/clinicdpc.lt\/en\/wp-json\/wp\/v2\/types\/page"}],"author":[{"embeddable":true,"href":"https:\/\/clinicdpc.lt\/en\/wp-json\/wp\/v2\/users\/16"}],"replies":[{"embeddable":true,"href":"https:\/\/clinicdpc.lt\/en\/wp-json\/wp\/v2\/comments?post=8826"}],"version-history":[{"count":1,"href":"https:\/\/clinicdpc.lt\/en\/wp-json\/wp\/v2\/pages\/8826\/revisions"}],"predecessor-version":[{"id":8827,"href":"https:\/\/clinicdpc.lt\/en\/wp-json\/wp\/v2\/pages\/8826\/revisions\/8827"}],"wp:featuredmedia":[{"embeddable":true,"href":"https:\/\/clinicdpc.lt\/en\/wp-json\/wp\/v2\/media\/8822"}],"wp:attachment":[{"href":"https:\/\/clinicdpc.lt\/en\/wp-json\/wp\/v2\/media?parent=8826"}],"curies":[{"name":"wp","href":"https:\/\/api.w.org\/{rel}","templated":true}]}}