{"id":8832,"date":"2024-07-29T11:48:37","date_gmt":"2024-07-29T11:48:37","guid":{"rendered":"https:\/\/clinicdpc.lt\/?page_id=8832"},"modified":"2024-07-29T11:53:55","modified_gmt":"2024-07-29T11:53:55","slug":"aesthetic-dental-filling","status":"publish","type":"page","link":"https:\/\/clinicdpc.lt\/en\/aesthetic-dental-filling\/","title":{"rendered":"Aesthetic dental filling"},"content":{"rendered":"<div class=\"col-12 col-lg-4\">\n<h2 class=\"aos-init aos-animate\" data-aos=\"fade\">What is aesthetic dental filling<\/h2>\n<\/div>\n<div class=\"col-12 col-lg-6 right_col\">\n<div class=\"col_content aos-init aos-animate\" data-aos=\"fade\">\n<p>The aesthetic filling restores tooth aesthetics by using filling materials. The filling is usually applied to the front surface of the tooth. During this procedure, it is possible to change the color, shape, and position of the tooth. Before filling, the teeth are slightly polished or tooth enamel is roughened, depending on the damage and position of the tooth. After some polishing, crooked and protruding teeth get visually straightened.<\/p>\n<\/div>\n<\/div>\n<div class=\"col-12 col-lg-4\">\n<div class=\"col-12 col-lg-4\">\n<h2 class=\"aos-init aos-animate\" data-aos=\"fade\">When aesthetic filling procedures are recommended?<\/h2>\n<\/div>\n<div class=\"col-12 col-lg-6 right_col\">\n<div class=\"col_content aos-init aos-animate\" data-aos=\"fade\">\n<p>This treatment method is used to change the color, shape of the teeth, remove pigmentation spots or slightly change their position. The aesthetic filling can only be performed if there is still a sufficient amount of tooth tissue. If your tooth is broken or severely damaged, you may need a dental brown.<\/p>\n<\/div>\n<\/div>\n<\/div>\n<section id=\"kada_atlikti\" class=\"two_column_section with_bg \"><\/section>\n<div class=\"col-12 col-lg-4\">\n<div class=\"col-12 col-lg-4\">\n<h2 class=\"aos-init aos-animate\" data-aos=\"fade\">Benefits of aesthetic filling<\/h2>\n<\/div>\n<div class=\"col-12 col-lg-6 right_col\">\n<div class=\"col_content aos-init aos-animate\" data-aos=\"fade\">\n<ul>\n<li>\u2022 Teeth are usually restored after one visit.<\/li>\n<li>\u2022 Lower costs compared to prosthetic dentistry.<\/li>\n<li>\u2022 Teeth are accurately restored or reshaped.<\/li>\n<li>\u2022 Enhanced teeth color.<\/li>\n<li>\u2022 The procedure is available for patients of all ages.<\/li>\n<li>\u2022 Natural appearance of teeth is restored.<\/li>\n<li>\u2022 A completely safe procedure.<\/li>\n<li>\u2022 No discomfort and unpleasant side effects.<\/li>\n<\/ul>\n<\/div>\n<\/div>\n<\/div>\n<div class=\"col-12 col-lg-4\">\n<div class=\"col-12 col-lg-4\">\n<h2 class=\"aos-init aos-animate\" data-aos=\"fade\">How to prepare for aesthetic dental filling?<\/h2>\n<\/div>\n<div class=\"col-12 col-lg-6 right_col\">\n<div class=\"col_content aos-init aos-animate\" data-aos=\"fade\">\n<p>Professional oral hygiene procedures are required before aesthetic filling. If the patient plans to whiten their teeth, it should be done before aesthetic filling. Dental fillings will not change their color after whitening procedures and will make the difference between your teeth and fillings much more visible.<\/p>\n<\/div>\n<\/div>\n<\/div>\n<div class=\"col-12 col-lg-4\">\n<h2 class=\"aos-init aos-animate\" data-aos=\"fade\">What should be avoided after aesthetic filling<\/h2>\n<\/div>\n<div class=\"col-12 col-lg-6 right_col\">\n<div class=\"col_content aos-init aos-animate\" data-aos=\"fade\">\n<p>After this procedure, foods, drinks, and other coloring products should be. Do not use whitening toothpaste, because it is very abrasive will cause damage to your fillings.<\/p>\n<\/div>\n<\/div>\n","protected":false},"excerpt":{"rendered":"<p>What is aesthetic dental filling The aesthetic filling restores tooth aesthetics by using filling materials. The filling is usually applied to the front surface of the tooth. During this procedure, it is possible to change the color, shape, and position of the tooth. Before filling, the teeth are slightly polished or tooth enamel is roughened,&#8230;<\/p>\n","protected":false},"author":16,"featured_media":8836,"parent":0,"menu_order":0,"comment_status":"closed","ping_status":"closed","template":"tp-services.php","meta":{"_acf_changed":false,"footnotes":""},"class_list":["post-8832","page","type-page","status-publish","has-post-thumbnail","hentry"],"acf":[],"yoast_head":"<!-- This site is optimized with the Yoast SEO plugin v27.2 - https:\/\/yoast.com\/product\/yoast-seo-wordpress\/ -->\n<title>Aesthetic dental filling | DPC - Dant\u0173 prie\u017ei\u016bros centras<\/title>\n<meta name=\"robots\" content=\"index, follow, max-snippet:-1, max-image-preview:large, max-video-preview:-1\" \/>\n<link rel=\"canonical\" href=\"https:\/\/clinicdpc.lt\/en\/aesthetic-dental-filling\/\" \/>\n<meta property=\"og:locale\" content=\"en_US\" \/>\n<meta property=\"og:type\" content=\"article\" \/>\n<meta property=\"og:title\" content=\"Aesthetic dental filling | DPC - Dant\u0173 prie\u017ei\u016bros centras\" \/>\n<meta property=\"og:description\" content=\"What is aesthetic dental filling The aesthetic filling restores tooth aesthetics by using filling materials. The filling is usually applied to the front surface of the tooth. During this procedure, it is possible to change the color, shape, and position of the tooth. Before filling, the teeth are slightly polished or tooth enamel is roughened,...\" \/>\n<meta property=\"og:url\" content=\"https:\/\/clinicdpc.lt\/en\/aesthetic-dental-filling\/\" \/>\n<meta property=\"og:site_name\" content=\"DPC - Dant\u0173 prie\u017ei\u016bros centras\" \/>\n<meta property=\"article:publisher\" content=\"https:\/\/www.facebook.com\/clinicdpc\" \/>\n<meta property=\"article:modified_time\" content=\"2024-07-29T11:53:55+00:00\" \/>\n<meta property=\"og:image\" content=\"https:\/\/clinicdpc.lt\/wp-content\/uploads\/2024\/07\/Copy-of-Copy-of-Untitled-2.webp\" \/>\n\t<meta property=\"og:image:width\" content=\"1920\" \/>\n\t<meta property=\"og:image:height\" content=\"640\" \/>\n\t<meta property=\"og:image:type\" content=\"image\/webp\" \/>\n<meta name=\"twitter:card\" content=\"summary_large_image\" \/>\n<meta name=\"twitter:label1\" content=\"Est. reading time\" \/>\n\t<meta name=\"twitter:data1\" content=\"2 minutes\" \/>\n<script type=\"application\/ld+json\" class=\"yoast-schema-graph\">{\"@context\":\"https:\/\/schema.org\",\"@graph\":[{\"@type\":\"WebPage\",\"@id\":\"https:\/\/clinicdpc.lt\/en\/aesthetic-dental-filling\/\",\"url\":\"https:\/\/clinicdpc.lt\/en\/aesthetic-dental-filling\/\",\"name\":\"Aesthetic dental filling | DPC - Dant\u0173 prie\u017ei\u016bros centras\",\"isPartOf\":{\"@id\":\"https:\/\/clinicdpc.lt\/en\/#website\"},\"primaryImageOfPage\":{\"@id\":\"https:\/\/clinicdpc.lt\/en\/aesthetic-dental-filling\/#primaryimage\"},\"image\":{\"@id\":\"https:\/\/clinicdpc.lt\/en\/aesthetic-dental-filling\/#primaryimage\"},\"thumbnailUrl\":\"https:\/\/clinicdpc.lt\/wp-content\/uploads\/2024\/07\/Copy-of-Copy-of-Untitled-2.webp\",\"datePublished\":\"2024-07-29T11:48:37+00:00\",\"dateModified\":\"2024-07-29T11:53:55+00:00\",\"breadcrumb\":{\"@id\":\"https:\/\/clinicdpc.lt\/en\/aesthetic-dental-filling\/#breadcrumb\"},\"inLanguage\":\"en-US\",\"potentialAction\":[{\"@type\":\"ReadAction\",\"target\":[\"https:\/\/clinicdpc.lt\/en\/aesthetic-dental-filling\/\"]}]},{\"@type\":\"ImageObject\",\"inLanguage\":\"en-US\",\"@id\":\"https:\/\/clinicdpc.lt\/en\/aesthetic-dental-filling\/#primaryimage\",\"url\":\"https:\/\/clinicdpc.lt\/wp-content\/uploads\/2024\/07\/Copy-of-Copy-of-Untitled-2.webp\",\"contentUrl\":\"https:\/\/clinicdpc.lt\/wp-content\/uploads\/2024\/07\/Copy-of-Copy-of-Untitled-2.webp\",\"width\":1920,\"height\":640},{\"@type\":\"BreadcrumbList\",\"@id\":\"https:\/\/clinicdpc.lt\/en\/aesthetic-dental-filling\/#breadcrumb\",\"itemListElement\":[{\"@type\":\"ListItem\",\"position\":1,\"name\":\"Pagrindinis\",\"item\":\"https:\/\/clinicdpc.lt\/en\/homepage\/\"},{\"@type\":\"ListItem\",\"position\":2,\"name\":\"Aesthetic dental filling\"}]},{\"@type\":\"WebSite\",\"@id\":\"https:\/\/clinicdpc.lt\/en\/#website\",\"url\":\"https:\/\/clinicdpc.lt\/en\/\",\"name\":\"CLINIC | DPC\",\"description\":\"\",\"publisher\":{\"@id\":\"https:\/\/clinicdpc.lt\/en\/#organization\"},\"potentialAction\":[{\"@type\":\"SearchAction\",\"target\":{\"@type\":\"EntryPoint\",\"urlTemplate\":\"https:\/\/clinicdpc.lt\/en\/?s={search_term_string}\"},\"query-input\":{\"@type\":\"PropertyValueSpecification\",\"valueRequired\":true,\"valueName\":\"search_term_string\"}}],\"inLanguage\":\"en-US\"},{\"@type\":\"Organization\",\"@id\":\"https:\/\/clinicdpc.lt\/en\/#organization\",\"name\":\"Clinic DPC\",\"url\":\"https:\/\/clinicdpc.lt\/en\/\",\"logo\":{\"@type\":\"ImageObject\",\"inLanguage\":\"en-US\",\"@id\":\"https:\/\/clinicdpc.lt\/en\/#\/schema\/logo\/image\/\",\"url\":\"https:\/\/clinicdpc.lt\/wp-content\/uploads\/2024\/07\/dpc-02.svg\",\"contentUrl\":\"https:\/\/clinicdpc.lt\/wp-content\/uploads\/2024\/07\/dpc-02.svg\",\"width\":138,\"height\":25,\"caption\":\"Clinic DPC\"},\"image\":{\"@id\":\"https:\/\/clinicdpc.lt\/en\/#\/schema\/logo\/image\/\"},\"sameAs\":[\"https:\/\/www.facebook.com\/clinicdpc\",\"https:\/\/www.instagram.com\/clinicdpc\/\",\"https:\/\/www.linkedin.com\/company\/clinic-dpc\/\"]}]}<\/script>\n<!-- \/ Yoast SEO plugin. -->","yoast_head_json":{"title":"Aesthetic dental filling | DPC - Dant\u0173 prie\u017ei\u016bros centras","robots":{"index":"index","follow":"follow","max-snippet":"max-snippet:-1","max-image-preview":"max-image-preview:large","max-video-preview":"max-video-preview:-1"},"canonical":"https:\/\/clinicdpc.lt\/en\/aesthetic-dental-filling\/","og_locale":"en_US","og_type":"article","og_title":"Aesthetic dental filling | DPC - Dant\u0173 prie\u017ei\u016bros centras","og_description":"What is aesthetic dental filling The aesthetic filling restores tooth aesthetics by using filling materials. The filling is usually applied to the front surface of the tooth. During this procedure, it is possible to change the color, shape, and position of the tooth. Before filling, the teeth are slightly polished or tooth enamel is roughened,...","og_url":"https:\/\/clinicdpc.lt\/en\/aesthetic-dental-filling\/","og_site_name":"DPC - Dant\u0173 prie\u017ei\u016bros centras","article_publisher":"https:\/\/www.facebook.com\/clinicdpc","article_modified_time":"2024-07-29T11:53:55+00:00","og_image":[{"width":1920,"height":640,"url":"https:\/\/clinicdpc.lt\/wp-content\/uploads\/2024\/07\/Copy-of-Copy-of-Untitled-2.webp","type":"image\/webp"}],"twitter_card":"summary_large_image","twitter_misc":{"Est. reading time":"2 minutes"},"schema":{"@context":"https:\/\/schema.org","@graph":[{"@type":"WebPage","@id":"https:\/\/clinicdpc.lt\/en\/aesthetic-dental-filling\/","url":"https:\/\/clinicdpc.lt\/en\/aesthetic-dental-filling\/","name":"Aesthetic dental filling | DPC - Dant\u0173 prie\u017ei\u016bros centras","isPartOf":{"@id":"https:\/\/clinicdpc.lt\/en\/#website"},"primaryImageOfPage":{"@id":"https:\/\/clinicdpc.lt\/en\/aesthetic-dental-filling\/#primaryimage"},"image":{"@id":"https:\/\/clinicdpc.lt\/en\/aesthetic-dental-filling\/#primaryimage"},"thumbnailUrl":"https:\/\/clinicdpc.lt\/wp-content\/uploads\/2024\/07\/Copy-of-Copy-of-Untitled-2.webp","datePublished":"2024-07-29T11:48:37+00:00","dateModified":"2024-07-29T11:53:55+00:00","breadcrumb":{"@id":"https:\/\/clinicdpc.lt\/en\/aesthetic-dental-filling\/#breadcrumb"},"inLanguage":"en-US","potentialAction":[{"@type":"ReadAction","target":["https:\/\/clinicdpc.lt\/en\/aesthetic-dental-filling\/"]}]},{"@type":"ImageObject","inLanguage":"en-US","@id":"https:\/\/clinicdpc.lt\/en\/aesthetic-dental-filling\/#primaryimage","url":"https:\/\/clinicdpc.lt\/wp-content\/uploads\/2024\/07\/Copy-of-Copy-of-Untitled-2.webp","contentUrl":"https:\/\/clinicdpc.lt\/wp-content\/uploads\/2024\/07\/Copy-of-Copy-of-Untitled-2.webp","width":1920,"height":640},{"@type":"BreadcrumbList","@id":"https:\/\/clinicdpc.lt\/en\/aesthetic-dental-filling\/#breadcrumb","itemListElement":[{"@type":"ListItem","position":1,"name":"Pagrindinis","item":"https:\/\/clinicdpc.lt\/en\/homepage\/"},{"@type":"ListItem","position":2,"name":"Aesthetic dental filling"}]},{"@type":"WebSite","@id":"https:\/\/clinicdpc.lt\/en\/#website","url":"https:\/\/clinicdpc.lt\/en\/","name":"CLINIC | DPC","description":"","publisher":{"@id":"https:\/\/clinicdpc.lt\/en\/#organization"},"potentialAction":[{"@type":"SearchAction","target":{"@type":"EntryPoint","urlTemplate":"https:\/\/clinicdpc.lt\/en\/?s={search_term_string}"},"query-input":{"@type":"PropertyValueSpecification","valueRequired":true,"valueName":"search_term_string"}}],"inLanguage":"en-US"},{"@type":"Organization","@id":"https:\/\/clinicdpc.lt\/en\/#organization","name":"Clinic DPC","url":"https:\/\/clinicdpc.lt\/en\/","logo":{"@type":"ImageObject","inLanguage":"en-US","@id":"https:\/\/clinicdpc.lt\/en\/#\/schema\/logo\/image\/","url":"https:\/\/clinicdpc.lt\/wp-content\/uploads\/2024\/07\/dpc-02.svg","contentUrl":"https:\/\/clinicdpc.lt\/wp-content\/uploads\/2024\/07\/dpc-02.svg","width":138,"height":25,"caption":"Clinic DPC"},"image":{"@id":"https:\/\/clinicdpc.lt\/en\/#\/schema\/logo\/image\/"},"sameAs":["https:\/\/www.facebook.com\/clinicdpc","https:\/\/www.instagram.com\/clinicdpc\/","https:\/\/www.linkedin.com\/company\/clinic-dpc\/"]}]}},"_links":{"self":[{"href":"https:\/\/clinicdpc.lt\/en\/wp-json\/wp\/v2\/pages\/8832","targetHints":{"allow":["GET"]}}],"collection":[{"href":"https:\/\/clinicdpc.lt\/en\/wp-json\/wp\/v2\/pages"}],"about":[{"href":"https:\/\/clinicdpc.lt\/en\/wp-json\/wp\/v2\/types\/page"}],"author":[{"embeddable":true,"href":"https:\/\/clinicdpc.lt\/en\/wp-json\/wp\/v2\/users\/16"}],"replies":[{"embeddable":true,"href":"https:\/\/clinicdpc.lt\/en\/wp-json\/wp\/v2\/comments?post=8832"}],"version-history":[{"count":2,"href":"https:\/\/clinicdpc.lt\/en\/wp-json\/wp\/v2\/pages\/8832\/revisions"}],"predecessor-version":[{"id":8838,"href":"https:\/\/clinicdpc.lt\/en\/wp-json\/wp\/v2\/pages\/8832\/revisions\/8838"}],"wp:featuredmedia":[{"embeddable":true,"href":"https:\/\/clinicdpc.lt\/en\/wp-json\/wp\/v2\/media\/8836"}],"wp:attachment":[{"href":"https:\/\/clinicdpc.lt\/en\/wp-json\/wp\/v2\/media?parent=8832"}],"curies":[{"name":"wp","href":"https:\/\/api.w.org\/{rel}","templated":true}]}}