{"id":8839,"date":"2024-07-29T12:17:18","date_gmt":"2024-07-29T12:17:18","guid":{"rendered":"https:\/\/clinicdpc.lt\/?page_id=8839"},"modified":"2024-07-29T12:17:18","modified_gmt":"2024-07-29T12:17:18","slug":"teeth-whitening-2","status":"publish","type":"page","link":"https:\/\/clinicdpc.lt\/en\/teeth-whitening-2\/","title":{"rendered":"Teeth whitening"},"content":{"rendered":"<div class=\"col-12 col-lg-4\">\n<h2 class=\"aos-init aos-animate\" data-aos=\"fade\">What is teeth whitening?<\/h2>\n<\/div>\n<div class=\"col-12 col-lg-6 right_col\">\n<div class=\"col_content aos-init aos-animate\" data-aos=\"fade\">\n<p>Teeth whitening is a procedure that gives your teeth a lighter, whiter color. Most often, teeth whitening is performed at the dentist\u2019s or hygienist\u2019s office with advanced \u201cPhilips ZOOM\u201d technology. It is also possible to whiten your teeth at home using dental mouthguards. During teeth whitening, the teeth are covered with a whitening agent, which is activated by the teeth whitening system. Teeth whitening at home is often recommended as additional aid after a professional whitening procedure to achieve the desired result.<\/p>\n<\/div>\n<\/div>\n<div class=\"col-12 col-lg-4\">\n<div class=\"col-12 col-lg-4\">\n<h2 class=\"aos-init aos-animate\" data-aos=\"fade\">Why you should regularly whiten your teeth<\/h2>\n<\/div>\n<div class=\"col-12 col-lg-6 right_col\">\n<div class=\"col_content aos-init aos-animate\" data-aos=\"fade\">\n<p>Our teeth tend to get darker with age, but many negative factors accelerate this process: poor oral hygiene, frequent consumption of coffee, tea, red wine or other staining foods. Smoking is particularly harmful to your teeth.<\/p>\n<\/div>\n<\/div>\n<\/div>\n<section id=\"kada_atlikti\" class=\"two_column_section with_bg \"><\/section>\n<div class=\"col-12 col-lg-4\">\n<div class=\"row\">\n<div class=\"col-12 col-lg-6\">\n<h2>Teeth whitening techniques<\/h2>\n<\/div>\n<\/div>\n<div class=\"row\">\n<div class=\"col-12 col-md-5  d-flex flex-column justify-content-between item\">\n<div>\n<h3>Laser teeth whitening<\/h3>\n<div class=\"description\">\n<p>During teeth whitening at our clinics, the gums are covered with a special protective substance. a high-quality Opalescence whitening gel is applied to the teeth, reaching the deep layers of the tooth and whitening them. Do not be afraid of discomfort your teeth will be covered by a desensitizing gel as they may be more sensitive after this whitening procedure. In a few days, the sensitivity will fade. Your teeth can even become whiter by several shades, depending on tooth structure and other important factors. Laser teeth whitening, performed at the dentist\u2019s office, lasts up to an hour, so the procedure is fast and the results are very effective. Hurry up and greet the summer with a beautiful white smile!<\/p>\n<p>Philips ZOOM teeth whitening system keeps the tooth structure intact and the pigment particles of organic origin become brighter. It does not damage the structure of the enamel or cause its demineralization \u2013 in other words, enamel dissolution, which is very important for dental health. Besides, this procedure not only harmless but also heals \u2013 the whitening gel contains calcium ions, which strengthen the teeth, fill the microscopic defects of the tooth surface, increase the smoothness and shine of the enamel and reduce the sensitivity of the teeth. Philips ZOOM professional whitening system provides an effective and safe whitening method with long-lasting results even with a lower concentration of whitening gel activated by a ZOOM lamp. The whole procedure takes a bit more than an hour. With Philips ZOOM, your teeth can be whitened in up to eight shades! ZOOM is one of the safest and most effective aesthetic dentistry procedures proven to be scientifically effective.<\/p>\n<\/div>\n<\/div>\n<\/div>\n<div class=\"col-12 col-md-5 offset-md-1 d-flex flex-column justify-content-between item\">\n<div>\n<h3>Teeth whitening with mouthguards at home<\/h3>\n<div class=\"description\">\n<p>For those who wish to whiten teeth at home, our clinic will use the imprints of the upper and lower jaws to create an individual whitening mouthguard for you. You will receive this mouthguard at teeth whitening instructions during your next visit.<\/p>\n<p>At the CLINIC | DPC clinic, your upper and lower jaw imprints will be sent to the laboratory for the exact measurements of the mouthguard. After its creation, you will receive your mouthguard and a whitening gel during your next visit to the dentist.<\/p>\n<p>Initial teeth whitening is recommended for 2 weeks for 1.5-3 hours a day. You will receive the instruction on the correct use of the gel, as well as the necessary tools to alleviate teeth sensitivity.<\/p>\n<p>A transparent mouthguard is filled with whitening gel and placed on your teeth. They are almost invisible due to their transparency, so you can smile and talk to people without experiencing anxiety. The result of the procedure will be visible in two weeks! After teeth whitening, your teeth will look much whiter and healthier. However, it is necessary to consult with your dentist before starting this procedure, to check if there are any dental carries, is there a necessity for professional oral hygiene procedures, and make sure that teeth whitening is as effective as possible. You will be advised which teeth whitening procedure is the safest for you.<\/p>\n<div class=\"col-12 col-lg-4\">\n<h2 class=\"aos-init aos-animate\" data-aos=\"fade\">Production of safety and sports mouthguards<\/h2>\n<\/div>\n<div class=\"col-12 col-lg-6 right_col\">\n<div class=\"col_content aos-init aos-animate\" data-aos=\"fade\">\n<p>Many life situations require extra precautions to ensure the safety and proper health of your teeth. Children and athletes are the most susceptible to tooth trauma. CLINIC | DPC laboratory has a mouthguard manufacturing technology, which allows fast and extremely precise creation of a mouthguard based on your dental prints. A mouthguard protects the soft tissue of the teeth from potential injuries. Our mouthguards do not cause any discomfort. This makes it much easier to reduce the potential consequences of damage to the oral cavity. For everyone who orders a mouthguard, we can offer a wide variety of custom designs and colors. Our laboratory is capable of creating mouthguards of different thicknesses, so you will receive the option that suits your needs best. With the help of skilled dental technicians, we can perfect fitting mouthguards for any jaw.<\/p>\n<p>&nbsp;<\/p>\n<\/div>\n<\/div>\n<\/div>\n<\/div>\n<\/div>\n<\/div>\n<\/div>\n","protected":false},"excerpt":{"rendered":"<p>What is teeth whitening? Teeth whitening is a procedure that gives your teeth a lighter, whiter color. Most often, teeth whitening is performed at the dentist\u2019s or hygienist\u2019s office with advanced \u201cPhilips ZOOM\u201d technology. It is also possible to whiten your teeth at home using dental mouthguards. During teeth whitening, the teeth are covered with&#8230;<\/p>\n","protected":false},"author":16,"featured_media":8840,"parent":0,"menu_order":0,"comment_status":"closed","ping_status":"closed","template":"tp-services.php","meta":{"_acf_changed":false,"footnotes":""},"class_list":["post-8839","page","type-page","status-publish","has-post-thumbnail","hentry"],"acf":[],"yoast_head":"<!-- This site is optimized with the Yoast SEO plugin v27.2 - https:\/\/yoast.com\/product\/yoast-seo-wordpress\/ -->\n<title>Teeth whitening | DPC - Dant\u0173 prie\u017ei\u016bros centras<\/title>\n<meta name=\"robots\" content=\"index, follow, max-snippet:-1, max-image-preview:large, max-video-preview:-1\" \/>\n<link rel=\"canonical\" href=\"https:\/\/clinicdpc.lt\/en\/teeth-whitening-2\/\" \/>\n<meta property=\"og:locale\" content=\"en_US\" \/>\n<meta property=\"og:type\" content=\"article\" \/>\n<meta property=\"og:title\" content=\"Teeth whitening | DPC - Dant\u0173 prie\u017ei\u016bros centras\" \/>\n<meta property=\"og:description\" content=\"What is teeth whitening? Teeth whitening is a procedure that gives your teeth a lighter, whiter color. Most often, teeth whitening is performed at the dentist\u2019s or hygienist\u2019s office with advanced \u201cPhilips ZOOM\u201d technology. It is also possible to whiten your teeth at home using dental mouthguards. During teeth whitening, the teeth are covered with...\" \/>\n<meta property=\"og:url\" content=\"https:\/\/clinicdpc.lt\/en\/teeth-whitening-2\/\" \/>\n<meta property=\"og:site_name\" content=\"DPC - Dant\u0173 prie\u017ei\u016bros centras\" \/>\n<meta property=\"article:publisher\" content=\"https:\/\/www.facebook.com\/clinicdpc\" \/>\n<meta property=\"og:image\" content=\"https:\/\/clinicdpc.lt\/wp-content\/uploads\/2024\/07\/balinimas-1.webp\" \/>\n\t<meta property=\"og:image:width\" content=\"1920\" \/>\n\t<meta property=\"og:image:height\" content=\"640\" \/>\n\t<meta property=\"og:image:type\" content=\"image\/webp\" \/>\n<meta name=\"twitter:card\" content=\"summary_large_image\" \/>\n<meta name=\"twitter:label1\" content=\"Est. reading time\" \/>\n\t<meta name=\"twitter:data1\" content=\"4 minutes\" \/>\n<script type=\"application\/ld+json\" class=\"yoast-schema-graph\">{\"@context\":\"https:\/\/schema.org\",\"@graph\":[{\"@type\":\"WebPage\",\"@id\":\"https:\/\/clinicdpc.lt\/en\/teeth-whitening-2\/\",\"url\":\"https:\/\/clinicdpc.lt\/en\/teeth-whitening-2\/\",\"name\":\"Teeth whitening | DPC - Dant\u0173 prie\u017ei\u016bros centras\",\"isPartOf\":{\"@id\":\"https:\/\/clinicdpc.lt\/en\/#website\"},\"primaryImageOfPage\":{\"@id\":\"https:\/\/clinicdpc.lt\/en\/teeth-whitening-2\/#primaryimage\"},\"image\":{\"@id\":\"https:\/\/clinicdpc.lt\/en\/teeth-whitening-2\/#primaryimage\"},\"thumbnailUrl\":\"https:\/\/clinicdpc.lt\/wp-content\/uploads\/2024\/07\/balinimas-1.webp\",\"datePublished\":\"2024-07-29T12:17:18+00:00\",\"breadcrumb\":{\"@id\":\"https:\/\/clinicdpc.lt\/en\/teeth-whitening-2\/#breadcrumb\"},\"inLanguage\":\"en-US\",\"potentialAction\":[{\"@type\":\"ReadAction\",\"target\":[\"https:\/\/clinicdpc.lt\/en\/teeth-whitening-2\/\"]}]},{\"@type\":\"ImageObject\",\"inLanguage\":\"en-US\",\"@id\":\"https:\/\/clinicdpc.lt\/en\/teeth-whitening-2\/#primaryimage\",\"url\":\"https:\/\/clinicdpc.lt\/wp-content\/uploads\/2024\/07\/balinimas-1.webp\",\"contentUrl\":\"https:\/\/clinicdpc.lt\/wp-content\/uploads\/2024\/07\/balinimas-1.webp\",\"width\":1920,\"height\":640},{\"@type\":\"BreadcrumbList\",\"@id\":\"https:\/\/clinicdpc.lt\/en\/teeth-whitening-2\/#breadcrumb\",\"itemListElement\":[{\"@type\":\"ListItem\",\"position\":1,\"name\":\"Pagrindinis\",\"item\":\"https:\/\/clinicdpc.lt\/en\/homepage\/\"},{\"@type\":\"ListItem\",\"position\":2,\"name\":\"Teeth whitening\"}]},{\"@type\":\"WebSite\",\"@id\":\"https:\/\/clinicdpc.lt\/en\/#website\",\"url\":\"https:\/\/clinicdpc.lt\/en\/\",\"name\":\"CLINIC | DPC\",\"description\":\"\",\"publisher\":{\"@id\":\"https:\/\/clinicdpc.lt\/en\/#organization\"},\"potentialAction\":[{\"@type\":\"SearchAction\",\"target\":{\"@type\":\"EntryPoint\",\"urlTemplate\":\"https:\/\/clinicdpc.lt\/en\/?s={search_term_string}\"},\"query-input\":{\"@type\":\"PropertyValueSpecification\",\"valueRequired\":true,\"valueName\":\"search_term_string\"}}],\"inLanguage\":\"en-US\"},{\"@type\":\"Organization\",\"@id\":\"https:\/\/clinicdpc.lt\/en\/#organization\",\"name\":\"Clinic DPC\",\"url\":\"https:\/\/clinicdpc.lt\/en\/\",\"logo\":{\"@type\":\"ImageObject\",\"inLanguage\":\"en-US\",\"@id\":\"https:\/\/clinicdpc.lt\/en\/#\/schema\/logo\/image\/\",\"url\":\"https:\/\/clinicdpc.lt\/wp-content\/uploads\/2024\/07\/dpc-02.svg\",\"contentUrl\":\"https:\/\/clinicdpc.lt\/wp-content\/uploads\/2024\/07\/dpc-02.svg\",\"width\":138,\"height\":25,\"caption\":\"Clinic DPC\"},\"image\":{\"@id\":\"https:\/\/clinicdpc.lt\/en\/#\/schema\/logo\/image\/\"},\"sameAs\":[\"https:\/\/www.facebook.com\/clinicdpc\",\"https:\/\/www.instagram.com\/clinicdpc\/\",\"https:\/\/www.linkedin.com\/company\/clinic-dpc\/\"]}]}<\/script>\n<!-- \/ Yoast SEO plugin. -->","yoast_head_json":{"title":"Teeth whitening | DPC - Dant\u0173 prie\u017ei\u016bros centras","robots":{"index":"index","follow":"follow","max-snippet":"max-snippet:-1","max-image-preview":"max-image-preview:large","max-video-preview":"max-video-preview:-1"},"canonical":"https:\/\/clinicdpc.lt\/en\/teeth-whitening-2\/","og_locale":"en_US","og_type":"article","og_title":"Teeth whitening | DPC - Dant\u0173 prie\u017ei\u016bros centras","og_description":"What is teeth whitening? Teeth whitening is a procedure that gives your teeth a lighter, whiter color. Most often, teeth whitening is performed at the dentist\u2019s or hygienist\u2019s office with advanced \u201cPhilips ZOOM\u201d technology. It is also possible to whiten your teeth at home using dental mouthguards. During teeth whitening, the teeth are covered with...","og_url":"https:\/\/clinicdpc.lt\/en\/teeth-whitening-2\/","og_site_name":"DPC - Dant\u0173 prie\u017ei\u016bros centras","article_publisher":"https:\/\/www.facebook.com\/clinicdpc","og_image":[{"width":1920,"height":640,"url":"https:\/\/clinicdpc.lt\/wp-content\/uploads\/2024\/07\/balinimas-1.webp","type":"image\/webp"}],"twitter_card":"summary_large_image","twitter_misc":{"Est. reading time":"4 minutes"},"schema":{"@context":"https:\/\/schema.org","@graph":[{"@type":"WebPage","@id":"https:\/\/clinicdpc.lt\/en\/teeth-whitening-2\/","url":"https:\/\/clinicdpc.lt\/en\/teeth-whitening-2\/","name":"Teeth whitening | DPC - Dant\u0173 prie\u017ei\u016bros centras","isPartOf":{"@id":"https:\/\/clinicdpc.lt\/en\/#website"},"primaryImageOfPage":{"@id":"https:\/\/clinicdpc.lt\/en\/teeth-whitening-2\/#primaryimage"},"image":{"@id":"https:\/\/clinicdpc.lt\/en\/teeth-whitening-2\/#primaryimage"},"thumbnailUrl":"https:\/\/clinicdpc.lt\/wp-content\/uploads\/2024\/07\/balinimas-1.webp","datePublished":"2024-07-29T12:17:18+00:00","breadcrumb":{"@id":"https:\/\/clinicdpc.lt\/en\/teeth-whitening-2\/#breadcrumb"},"inLanguage":"en-US","potentialAction":[{"@type":"ReadAction","target":["https:\/\/clinicdpc.lt\/en\/teeth-whitening-2\/"]}]},{"@type":"ImageObject","inLanguage":"en-US","@id":"https:\/\/clinicdpc.lt\/en\/teeth-whitening-2\/#primaryimage","url":"https:\/\/clinicdpc.lt\/wp-content\/uploads\/2024\/07\/balinimas-1.webp","contentUrl":"https:\/\/clinicdpc.lt\/wp-content\/uploads\/2024\/07\/balinimas-1.webp","width":1920,"height":640},{"@type":"BreadcrumbList","@id":"https:\/\/clinicdpc.lt\/en\/teeth-whitening-2\/#breadcrumb","itemListElement":[{"@type":"ListItem","position":1,"name":"Pagrindinis","item":"https:\/\/clinicdpc.lt\/en\/homepage\/"},{"@type":"ListItem","position":2,"name":"Teeth whitening"}]},{"@type":"WebSite","@id":"https:\/\/clinicdpc.lt\/en\/#website","url":"https:\/\/clinicdpc.lt\/en\/","name":"CLINIC | DPC","description":"","publisher":{"@id":"https:\/\/clinicdpc.lt\/en\/#organization"},"potentialAction":[{"@type":"SearchAction","target":{"@type":"EntryPoint","urlTemplate":"https:\/\/clinicdpc.lt\/en\/?s={search_term_string}"},"query-input":{"@type":"PropertyValueSpecification","valueRequired":true,"valueName":"search_term_string"}}],"inLanguage":"en-US"},{"@type":"Organization","@id":"https:\/\/clinicdpc.lt\/en\/#organization","name":"Clinic DPC","url":"https:\/\/clinicdpc.lt\/en\/","logo":{"@type":"ImageObject","inLanguage":"en-US","@id":"https:\/\/clinicdpc.lt\/en\/#\/schema\/logo\/image\/","url":"https:\/\/clinicdpc.lt\/wp-content\/uploads\/2024\/07\/dpc-02.svg","contentUrl":"https:\/\/clinicdpc.lt\/wp-content\/uploads\/2024\/07\/dpc-02.svg","width":138,"height":25,"caption":"Clinic DPC"},"image":{"@id":"https:\/\/clinicdpc.lt\/en\/#\/schema\/logo\/image\/"},"sameAs":["https:\/\/www.facebook.com\/clinicdpc","https:\/\/www.instagram.com\/clinicdpc\/","https:\/\/www.linkedin.com\/company\/clinic-dpc\/"]}]}},"_links":{"self":[{"href":"https:\/\/clinicdpc.lt\/en\/wp-json\/wp\/v2\/pages\/8839","targetHints":{"allow":["GET"]}}],"collection":[{"href":"https:\/\/clinicdpc.lt\/en\/wp-json\/wp\/v2\/pages"}],"about":[{"href":"https:\/\/clinicdpc.lt\/en\/wp-json\/wp\/v2\/types\/page"}],"author":[{"embeddable":true,"href":"https:\/\/clinicdpc.lt\/en\/wp-json\/wp\/v2\/users\/16"}],"replies":[{"embeddable":true,"href":"https:\/\/clinicdpc.lt\/en\/wp-json\/wp\/v2\/comments?post=8839"}],"version-history":[{"count":1,"href":"https:\/\/clinicdpc.lt\/en\/wp-json\/wp\/v2\/pages\/8839\/revisions"}],"predecessor-version":[{"id":8842,"href":"https:\/\/clinicdpc.lt\/en\/wp-json\/wp\/v2\/pages\/8839\/revisions\/8842"}],"wp:featuredmedia":[{"embeddable":true,"href":"https:\/\/clinicdpc.lt\/en\/wp-json\/wp\/v2\/media\/8840"}],"wp:attachment":[{"href":"https:\/\/clinicdpc.lt\/en\/wp-json\/wp\/v2\/media?parent=8839"}],"curies":[{"name":"wp","href":"https:\/\/api.w.org\/{rel}","templated":true}]}}