{"id":8846,"date":"2024-07-29T12:31:35","date_gmt":"2024-07-29T12:31:35","guid":{"rendered":"https:\/\/clinicdpc.lt\/?page_id=8846"},"modified":"2024-07-29T13:32:23","modified_gmt":"2024-07-29T13:32:23","slug":"periodontal-treatment","status":"publish","type":"page","link":"https:\/\/clinicdpc.lt\/en\/periodontal-treatment\/","title":{"rendered":"Periodontal treatment"},"content":{"rendered":"<div class=\"col-12 col-lg-4\">\n<h2 class=\"aos-init aos-animate\" data-aos=\"fade\">When is periodontal treatment necessary?<\/h2>\n<\/div>\n<div class=\"col-12 col-lg-6 right_col\">\n<div class=\"col_content aos-init aos-animate\" data-aos=\"fade\">\n<p>The periodontium is also called surrounding. It consists of the tissues that surround the tooth: the gums, the ligaments that hold the tooth, the cementum of the tooth, and the alveolar bone. Periodontal disease can affect all of these tissues.<\/p>\n<p><strong>The following symptoms warn of periodontal disease:<\/strong><\/p>\n<ul>\n<li>\u2013 red, swollen gums;<\/li>\n<li>&#8211; sensitivity of gums and teeth to cold, heat, food;<\/li>\n<li>\u2013 bleeding gums;<\/li>\n<li>&#8211; bad breath;<\/li>\n<li>\u2013 purulent gums;<\/li>\n<li>\u2013 teeth look longer (exposed tooth roots);<\/li>\n<li>\u2013 changed position of teeth;<\/li>\n<li>\u2013 the teeth are loose, wobbly.<\/li>\n<\/ul>\n<div class=\"col-12 col-lg-4\">\n<h2 class=\"aos-init aos-animate\" data-aos=\"fade\">Why is it necessary to see a doctor as soon as possible?<\/h2>\n<\/div>\n<div class=\"col-12 col-lg-6 right_col\">\n<div class=\"col_content aos-init aos-animate\" data-aos=\"fade\">\n<p>Untreated periodontal diseases develop into serious complications that can lead to tooth loss. Therefore, it is necessary to consult a doctor as soon as you notice the first symptoms of periodontal diseases.<\/p>\n<p>The first stage of periodontal disease is gingivitis. He presents himself with bleeding gums, bad breath. Gingivitis treated in time is completely curable. If the patient does not consult a doctor, the disease progresses. Gum recession begins, damaged gums expose the root and neck of the tooth, resulting in constant tooth sensitivity. Gingivitis develops into a dangerous infection &#8211; periodontitis. This infection includes not only the gums, but also the hard tissues of the periodontium, bone. The jaw bone begins to disappear, and eventually the teeth are lost.<\/p>\n<p>In order to prevent these complications, it is important to consult a doctor as soon as you notice the first symptoms of periodontal diseases.<\/p>\n<div class=\"col-12 col-lg-4\">\n<h2 class=\"aos-init aos-animate\" data-aos=\"fade\">Why do periodontal diseases occur?<\/h2>\n<\/div>\n<div class=\"col-12 col-lg-6 right_col\">\n<div class=\"col_content aos-init aos-animate\" data-aos=\"fade\">\n<p>Periodontal diseases develop when the plaque accumulated on the teeth turns into tartar and begins to destroy the surrounding tissues. Dental plaque is full of various bacteria that cause inflammation.<\/p>\n<p>It is a misconception that periodontal disease is caused only by poor oral hygiene. In fact, oral hygiene habits are very important, but there are more factors that promote the appearance of periodontal diseases:<\/p>\n<ul>\n<li>&#8211; hormonal changes (due to pregnancy, menopause, stress);<\/li>\n<li>\u2013 various diseases (immunodeficiency disorders, blood diseases, etc.);<\/li>\n<li>&#8211; genetic predisposition to periodontal diseases;<\/li>\n<li>&#8211; irregular bite;<\/li>\n<li>&#8211; untreated tooth decay;<\/li>\n<li>\u2013 low-quality seals;<\/li>\n<li>\u2013 smoking;<\/li>\n<li>\u2013 nutritional disorders.<\/li>\n<\/ul>\n<div class=\"col-12 col-lg-4\">\n<h2 class=\"aos-init aos-animate\" data-aos=\"fade\">Treatment and prevention of periodontal diseases<\/h2>\n<\/div>\n<div class=\"col-12 col-lg-6 right_col\">\n<div class=\"col_content aos-init aos-animate\" data-aos=\"fade\">\n<p>Mild periodontal damage can be cured by performing professional oral hygiene twice a year and taking proper care of oral hygiene at home. More severe periodontal diseases are treated surgically. The procedure is performed under anesthesia, so it does not cause much discomfort to the patient. During the treatment, tartar and inflamed tissues under the gums are removed.<\/p>\n<p><strong>For the prevention of periodontal diseases, it is extremely important to take proper care of the teeth:<\/strong><\/p>\n<ul>\n<li>&#8211; Brush your teeth 2 times a day, use interdental floss, an interdental brush and\/or an irrigator.<\/li>\n<li>-Perform professional oral hygiene at least 2 times a year.<\/li>\n<li>&#8211; Adjust your lifestyle: give up bad habits (smoking), eat healthy, avoid stress.<\/li>\n<\/ul>\n<\/div>\n<\/div>\n<\/div>\n<\/div>\n<\/div>\n<\/div>\n<\/div>\n<\/div>\n","protected":false},"excerpt":{"rendered":"<p>When is periodontal treatment necessary? The periodontium is also called surrounding. It consists of the tissues that surround the tooth: the gums, the ligaments that hold the tooth, the cementum of the tooth, and the alveolar bone. Periodontal disease can affect all of these tissues. The following symptoms warn of periodontal disease: \u2013 red, swollen&#8230;<\/p>\n","protected":false},"author":16,"featured_media":8797,"parent":0,"menu_order":0,"comment_status":"closed","ping_status":"closed","template":"tp-services.php","meta":{"_acf_changed":false,"footnotes":""},"class_list":["post-8846","page","type-page","status-publish","has-post-thumbnail","hentry"],"acf":[],"yoast_head":"<!-- This site is optimized with the Yoast SEO plugin v27.2 - https:\/\/yoast.com\/product\/yoast-seo-wordpress\/ -->\n<title>Periodontal treatment | DPC - Dant\u0173 prie\u017ei\u016bros centras<\/title>\n<meta name=\"robots\" content=\"index, follow, max-snippet:-1, max-image-preview:large, max-video-preview:-1\" \/>\n<link rel=\"canonical\" href=\"https:\/\/clinicdpc.lt\/en\/periodontal-treatment\/\" \/>\n<meta property=\"og:locale\" content=\"en_US\" \/>\n<meta property=\"og:type\" content=\"article\" \/>\n<meta property=\"og:title\" content=\"Periodontal treatment | DPC - Dant\u0173 prie\u017ei\u016bros centras\" \/>\n<meta property=\"og:description\" content=\"When is periodontal treatment necessary? The periodontium is also called surrounding. It consists of the tissues that surround the tooth: the gums, the ligaments that hold the tooth, the cementum of the tooth, and the alveolar bone. Periodontal disease can affect all of these tissues. The following symptoms warn of periodontal disease: \u2013 red, swollen...\" \/>\n<meta property=\"og:url\" content=\"https:\/\/clinicdpc.lt\/en\/periodontal-treatment\/\" \/>\n<meta property=\"og:site_name\" content=\"DPC - Dant\u0173 prie\u017ei\u016bros centras\" \/>\n<meta property=\"article:publisher\" content=\"https:\/\/www.facebook.com\/clinicdpc\" \/>\n<meta property=\"article:modified_time\" content=\"2024-07-29T13:32:23+00:00\" \/>\n<meta property=\"og:image\" content=\"https:\/\/clinicdpc.lt\/wp-content\/uploads\/2024\/07\/fav.webp\" \/>\n\t<meta property=\"og:image:width\" content=\"1920\" \/>\n\t<meta property=\"og:image:height\" content=\"640\" \/>\n\t<meta property=\"og:image:type\" content=\"image\/webp\" \/>\n<meta name=\"twitter:card\" content=\"summary_large_image\" \/>\n<meta name=\"twitter:label1\" content=\"Est. reading time\" \/>\n\t<meta name=\"twitter:data1\" content=\"3 minutes\" \/>\n<script type=\"application\/ld+json\" class=\"yoast-schema-graph\">{\"@context\":\"https:\/\/schema.org\",\"@graph\":[{\"@type\":\"WebPage\",\"@id\":\"https:\/\/clinicdpc.lt\/en\/periodontal-treatment\/\",\"url\":\"https:\/\/clinicdpc.lt\/en\/periodontal-treatment\/\",\"name\":\"Periodontal treatment | DPC - Dant\u0173 prie\u017ei\u016bros centras\",\"isPartOf\":{\"@id\":\"https:\/\/clinicdpc.lt\/en\/#website\"},\"primaryImageOfPage\":{\"@id\":\"https:\/\/clinicdpc.lt\/en\/periodontal-treatment\/#primaryimage\"},\"image\":{\"@id\":\"https:\/\/clinicdpc.lt\/en\/periodontal-treatment\/#primaryimage\"},\"thumbnailUrl\":\"https:\/\/clinicdpc.lt\/wp-content\/uploads\/2024\/07\/fav.webp\",\"datePublished\":\"2024-07-29T12:31:35+00:00\",\"dateModified\":\"2024-07-29T13:32:23+00:00\",\"breadcrumb\":{\"@id\":\"https:\/\/clinicdpc.lt\/en\/periodontal-treatment\/#breadcrumb\"},\"inLanguage\":\"en-US\",\"potentialAction\":[{\"@type\":\"ReadAction\",\"target\":[\"https:\/\/clinicdpc.lt\/en\/periodontal-treatment\/\"]}]},{\"@type\":\"ImageObject\",\"inLanguage\":\"en-US\",\"@id\":\"https:\/\/clinicdpc.lt\/en\/periodontal-treatment\/#primaryimage\",\"url\":\"https:\/\/clinicdpc.lt\/wp-content\/uploads\/2024\/07\/fav.webp\",\"contentUrl\":\"https:\/\/clinicdpc.lt\/wp-content\/uploads\/2024\/07\/fav.webp\",\"width\":1920,\"height\":640},{\"@type\":\"BreadcrumbList\",\"@id\":\"https:\/\/clinicdpc.lt\/en\/periodontal-treatment\/#breadcrumb\",\"itemListElement\":[{\"@type\":\"ListItem\",\"position\":1,\"name\":\"Pagrindinis\",\"item\":\"https:\/\/clinicdpc.lt\/en\/homepage\/\"},{\"@type\":\"ListItem\",\"position\":2,\"name\":\"Periodontal treatment\"}]},{\"@type\":\"WebSite\",\"@id\":\"https:\/\/clinicdpc.lt\/en\/#website\",\"url\":\"https:\/\/clinicdpc.lt\/en\/\",\"name\":\"CLINIC | DPC\",\"description\":\"\",\"publisher\":{\"@id\":\"https:\/\/clinicdpc.lt\/en\/#organization\"},\"potentialAction\":[{\"@type\":\"SearchAction\",\"target\":{\"@type\":\"EntryPoint\",\"urlTemplate\":\"https:\/\/clinicdpc.lt\/en\/?s={search_term_string}\"},\"query-input\":{\"@type\":\"PropertyValueSpecification\",\"valueRequired\":true,\"valueName\":\"search_term_string\"}}],\"inLanguage\":\"en-US\"},{\"@type\":\"Organization\",\"@id\":\"https:\/\/clinicdpc.lt\/en\/#organization\",\"name\":\"Clinic DPC\",\"url\":\"https:\/\/clinicdpc.lt\/en\/\",\"logo\":{\"@type\":\"ImageObject\",\"inLanguage\":\"en-US\",\"@id\":\"https:\/\/clinicdpc.lt\/en\/#\/schema\/logo\/image\/\",\"url\":\"https:\/\/clinicdpc.lt\/wp-content\/uploads\/2024\/07\/dpc-02.svg\",\"contentUrl\":\"https:\/\/clinicdpc.lt\/wp-content\/uploads\/2024\/07\/dpc-02.svg\",\"width\":138,\"height\":25,\"caption\":\"Clinic DPC\"},\"image\":{\"@id\":\"https:\/\/clinicdpc.lt\/en\/#\/schema\/logo\/image\/\"},\"sameAs\":[\"https:\/\/www.facebook.com\/clinicdpc\",\"https:\/\/www.instagram.com\/clinicdpc\/\",\"https:\/\/www.linkedin.com\/company\/clinic-dpc\/\"]}]}<\/script>\n<!-- \/ Yoast SEO plugin. -->","yoast_head_json":{"title":"Periodontal treatment | DPC - Dant\u0173 prie\u017ei\u016bros centras","robots":{"index":"index","follow":"follow","max-snippet":"max-snippet:-1","max-image-preview":"max-image-preview:large","max-video-preview":"max-video-preview:-1"},"canonical":"https:\/\/clinicdpc.lt\/en\/periodontal-treatment\/","og_locale":"en_US","og_type":"article","og_title":"Periodontal treatment | DPC - Dant\u0173 prie\u017ei\u016bros centras","og_description":"When is periodontal treatment necessary? The periodontium is also called surrounding. It consists of the tissues that surround the tooth: the gums, the ligaments that hold the tooth, the cementum of the tooth, and the alveolar bone. Periodontal disease can affect all of these tissues. The following symptoms warn of periodontal disease: \u2013 red, swollen...","og_url":"https:\/\/clinicdpc.lt\/en\/periodontal-treatment\/","og_site_name":"DPC - Dant\u0173 prie\u017ei\u016bros centras","article_publisher":"https:\/\/www.facebook.com\/clinicdpc","article_modified_time":"2024-07-29T13:32:23+00:00","og_image":[{"width":1920,"height":640,"url":"https:\/\/clinicdpc.lt\/wp-content\/uploads\/2024\/07\/fav.webp","type":"image\/webp"}],"twitter_card":"summary_large_image","twitter_misc":{"Est. reading time":"3 minutes"},"schema":{"@context":"https:\/\/schema.org","@graph":[{"@type":"WebPage","@id":"https:\/\/clinicdpc.lt\/en\/periodontal-treatment\/","url":"https:\/\/clinicdpc.lt\/en\/periodontal-treatment\/","name":"Periodontal treatment | DPC - Dant\u0173 prie\u017ei\u016bros centras","isPartOf":{"@id":"https:\/\/clinicdpc.lt\/en\/#website"},"primaryImageOfPage":{"@id":"https:\/\/clinicdpc.lt\/en\/periodontal-treatment\/#primaryimage"},"image":{"@id":"https:\/\/clinicdpc.lt\/en\/periodontal-treatment\/#primaryimage"},"thumbnailUrl":"https:\/\/clinicdpc.lt\/wp-content\/uploads\/2024\/07\/fav.webp","datePublished":"2024-07-29T12:31:35+00:00","dateModified":"2024-07-29T13:32:23+00:00","breadcrumb":{"@id":"https:\/\/clinicdpc.lt\/en\/periodontal-treatment\/#breadcrumb"},"inLanguage":"en-US","potentialAction":[{"@type":"ReadAction","target":["https:\/\/clinicdpc.lt\/en\/periodontal-treatment\/"]}]},{"@type":"ImageObject","inLanguage":"en-US","@id":"https:\/\/clinicdpc.lt\/en\/periodontal-treatment\/#primaryimage","url":"https:\/\/clinicdpc.lt\/wp-content\/uploads\/2024\/07\/fav.webp","contentUrl":"https:\/\/clinicdpc.lt\/wp-content\/uploads\/2024\/07\/fav.webp","width":1920,"height":640},{"@type":"BreadcrumbList","@id":"https:\/\/clinicdpc.lt\/en\/periodontal-treatment\/#breadcrumb","itemListElement":[{"@type":"ListItem","position":1,"name":"Pagrindinis","item":"https:\/\/clinicdpc.lt\/en\/homepage\/"},{"@type":"ListItem","position":2,"name":"Periodontal treatment"}]},{"@type":"WebSite","@id":"https:\/\/clinicdpc.lt\/en\/#website","url":"https:\/\/clinicdpc.lt\/en\/","name":"CLINIC | DPC","description":"","publisher":{"@id":"https:\/\/clinicdpc.lt\/en\/#organization"},"potentialAction":[{"@type":"SearchAction","target":{"@type":"EntryPoint","urlTemplate":"https:\/\/clinicdpc.lt\/en\/?s={search_term_string}"},"query-input":{"@type":"PropertyValueSpecification","valueRequired":true,"valueName":"search_term_string"}}],"inLanguage":"en-US"},{"@type":"Organization","@id":"https:\/\/clinicdpc.lt\/en\/#organization","name":"Clinic DPC","url":"https:\/\/clinicdpc.lt\/en\/","logo":{"@type":"ImageObject","inLanguage":"en-US","@id":"https:\/\/clinicdpc.lt\/en\/#\/schema\/logo\/image\/","url":"https:\/\/clinicdpc.lt\/wp-content\/uploads\/2024\/07\/dpc-02.svg","contentUrl":"https:\/\/clinicdpc.lt\/wp-content\/uploads\/2024\/07\/dpc-02.svg","width":138,"height":25,"caption":"Clinic DPC"},"image":{"@id":"https:\/\/clinicdpc.lt\/en\/#\/schema\/logo\/image\/"},"sameAs":["https:\/\/www.facebook.com\/clinicdpc","https:\/\/www.instagram.com\/clinicdpc\/","https:\/\/www.linkedin.com\/company\/clinic-dpc\/"]}]}},"_links":{"self":[{"href":"https:\/\/clinicdpc.lt\/en\/wp-json\/wp\/v2\/pages\/8846","targetHints":{"allow":["GET"]}}],"collection":[{"href":"https:\/\/clinicdpc.lt\/en\/wp-json\/wp\/v2\/pages"}],"about":[{"href":"https:\/\/clinicdpc.lt\/en\/wp-json\/wp\/v2\/types\/page"}],"author":[{"embeddable":true,"href":"https:\/\/clinicdpc.lt\/en\/wp-json\/wp\/v2\/users\/16"}],"replies":[{"embeddable":true,"href":"https:\/\/clinicdpc.lt\/en\/wp-json\/wp\/v2\/comments?post=8846"}],"version-history":[{"count":1,"href":"https:\/\/clinicdpc.lt\/en\/wp-json\/wp\/v2\/pages\/8846\/revisions"}],"predecessor-version":[{"id":8847,"href":"https:\/\/clinicdpc.lt\/en\/wp-json\/wp\/v2\/pages\/8846\/revisions\/8847"}],"wp:featuredmedia":[{"embeddable":true,"href":"https:\/\/clinicdpc.lt\/en\/wp-json\/wp\/v2\/media\/8797"}],"wp:attachment":[{"href":"https:\/\/clinicdpc.lt\/en\/wp-json\/wp\/v2\/media?parent=8846"}],"curies":[{"name":"wp","href":"https:\/\/api.w.org\/{rel}","templated":true}]}}