{"id":8848,"date":"2024-07-29T13:18:02","date_gmt":"2024-07-29T13:18:02","guid":{"rendered":"https:\/\/clinicdpc.lt\/?page_id=8848"},"modified":"2024-07-29T13:18:02","modified_gmt":"2024-07-29T13:18:02","slug":"oral-and-dental-surgery-2","status":"publish","type":"page","link":"https:\/\/clinicdpc.lt\/en\/oral-and-dental-surgery-2\/","title":{"rendered":"Oral and dental surgery"},"content":{"rendered":"<p>CLINIC | DPC performs a wide variety of oral surgeries.<\/p>\n<div class=\"col-12 col-md-5  d-flex flex-column justify-content-between item\">\n<div>\n<h3>Gingivectomy<\/h3>\n<div class=\"description\">\n<p>Gingivectomy is a procedure during which a doctor or an oral surgeon cuts away a part of the gums for the necessary treatment or aesthetic reasons.<\/p>\n<\/div>\n<\/div>\n<\/div>\n<div class=\"col-12 col-md-5 offset-md-1 d-flex flex-column justify-content-between item\">\n<div>\n<h3>Flap surgery<\/h3>\n<div class=\"description\">\n<p>Flap surgery is a procedure for treating periodontitis. Your periodontist lifts The procedure involves lifting the gums off of the teeth to remove tartar buildup. After the surgeon has cleared the area and removed the tartar, they will stitch the gums into place to fit around the teeth. Sometimes, the bone may require reshaping during this procedure.<\/p>\n<\/div>\n<\/div>\n<\/div>\n<div class=\"col-12 col-md-5  d-flex flex-column justify-content-between item\">\n<div>\n<h3>Surgical crown lengthening<\/h3>\n<div class=\"description\">\n<p>This is a surgical procedure, usually performed due to the need for a higher quality prosthesis when more healthy tooth tissue above the gums needs to be exposed. During surgery, the gum contour is changed, the tooth crown envelops more healthy tooth tissue and gives the gums a natural shape.<\/p>\n<\/div>\n<\/div>\n<\/div>\n<div class=\"col-12 col-md-5 offset-md-1 d-flex flex-column justify-content-between item\">\n<div>\n<h3>Soft tissue plastic surgery<\/h3>\n<div class=\"description\">\n<p>A procedure, during which dental gums are restored.\u00a0 This surgery can be performed due to gum recession, or to create a more aesthetic look around prostheses and implants. Missing tissues can be replaced by using adjacent tissues or the palate. If required, artificial soft tissue substitutes can also be used.<\/p>\n<\/div>\n<\/div>\n<\/div>\n<div class=\"col-12 col-md-5  d-flex flex-column justify-content-between item\">\n<div>\n<h3>Cyst removal surgery<\/h3>\n<div class=\"description\">\n<p>Cyst removal surgery is a surgical procedure that removes the cyst from the bone or soft tissue. It accumulates fluids, usually pus. As the cyst grows, it destroys the tissues around it. Cysts usually do not feel like anything. Only later can bone deformities or swelling be felt, and the holes in the gums through which pus can start leaking. That is why cysts are usually diagnosed accidentally when X-rays taken for other reasons.<\/p>\n<\/div>\n<\/div>\n<\/div>\n<div class=\"col-12 col-md-5 offset-md-1 d-flex flex-column justify-content-between item\">\n<div>\n<h3>Retained teeth removal<\/h3>\n<div class=\"description\">\n<p>Retained teeth are fully developed teeth that do not sprout for various reasons. This usually occurs due to lack of space in the dental arch, irregularly sprouting teeth, or premature removal of the milk teeth (that is why you have to treat milk teeth, not remove them!). Fully retained teeth (completely invisible in the oral cavity) which do not require removal.\u00a0 On the other hand, leaving retained teeth can lead to complications: formation of cysts, tumors, and other teeth. During the consultation, the physician assesses whether the patient requires the removal of retained teeth.<\/p>\n<\/div>\n<\/div>\n<\/div>\n<div class=\"col-12 col-md-5  d-flex flex-column justify-content-between item\">\n<div>\n<h3>Teeth removal<\/h3>\n<div class=\"description\">\n<p>Atraumatic tooth extraction is a procedure during which the teeth are removed in such a way that the tissue and bone around the tooth do not get damaged. We recommend you to immediately replace your removed tooth with a dental implant. Fast implantation will reduce the risk of future dental and oral damage, and help maintain normal chewing functions.<\/p>\n<\/div>\n<\/div>\n<\/div>\n","protected":false},"excerpt":{"rendered":"<p>CLINIC | DPC performs a wide variety of oral surgeries. Gingivectomy Gingivectomy is a procedure during which a doctor or an oral surgeon cuts away a part of the gums for the necessary treatment or aesthetic reasons. Flap surgery Flap surgery is a procedure for treating periodontitis. Your periodontist lifts The procedure involves lifting the&#8230;<\/p>\n","protected":false},"author":16,"featured_media":8849,"parent":0,"menu_order":0,"comment_status":"closed","ping_status":"closed","template":"tp-services.php","meta":{"_acf_changed":false,"footnotes":""},"class_list":["post-8848","page","type-page","status-publish","has-post-thumbnail","hentry"],"acf":[],"yoast_head":"<!-- This site is optimized with the Yoast SEO plugin v27.2 - https:\/\/yoast.com\/product\/yoast-seo-wordpress\/ -->\n<title>Oral and dental surgery | DPC - Dant\u0173 prie\u017ei\u016bros centras<\/title>\n<meta name=\"robots\" content=\"index, follow, max-snippet:-1, max-image-preview:large, max-video-preview:-1\" \/>\n<link rel=\"canonical\" href=\"https:\/\/clinicdpc.lt\/en\/oral-and-dental-surgery-2\/\" \/>\n<meta property=\"og:locale\" content=\"en_US\" \/>\n<meta property=\"og:type\" content=\"article\" \/>\n<meta property=\"og:title\" content=\"Oral and dental surgery | DPC - Dant\u0173 prie\u017ei\u016bros centras\" \/>\n<meta property=\"og:description\" content=\"CLINIC | DPC performs a wide variety of oral surgeries. Gingivectomy Gingivectomy is a procedure during which a doctor or an oral surgeon cuts away a part of the gums for the necessary treatment or aesthetic reasons. Flap surgery Flap surgery is a procedure for treating periodontitis. Your periodontist lifts The procedure involves lifting the...\" \/>\n<meta property=\"og:url\" content=\"https:\/\/clinicdpc.lt\/en\/oral-and-dental-surgery-2\/\" \/>\n<meta property=\"og:site_name\" content=\"DPC - Dant\u0173 prie\u017ei\u016bros centras\" \/>\n<meta property=\"article:publisher\" content=\"https:\/\/www.facebook.com\/clinicdpc\" \/>\n<meta property=\"og:image\" content=\"https:\/\/clinicdpc.lt\/wp-content\/uploads\/2024\/07\/Untitled-design-14.webp\" \/>\n\t<meta property=\"og:image:width\" content=\"1920\" \/>\n\t<meta property=\"og:image:height\" content=\"640\" \/>\n\t<meta property=\"og:image:type\" content=\"image\/webp\" \/>\n<meta name=\"twitter:card\" content=\"summary_large_image\" \/>\n<meta name=\"twitter:label1\" content=\"Est. reading time\" \/>\n\t<meta name=\"twitter:data1\" content=\"3 minutes\" \/>\n<script type=\"application\/ld+json\" class=\"yoast-schema-graph\">{\"@context\":\"https:\/\/schema.org\",\"@graph\":[{\"@type\":\"WebPage\",\"@id\":\"https:\/\/clinicdpc.lt\/en\/oral-and-dental-surgery-2\/\",\"url\":\"https:\/\/clinicdpc.lt\/en\/oral-and-dental-surgery-2\/\",\"name\":\"Oral and dental surgery | DPC - Dant\u0173 prie\u017ei\u016bros centras\",\"isPartOf\":{\"@id\":\"https:\/\/clinicdpc.lt\/en\/#website\"},\"primaryImageOfPage\":{\"@id\":\"https:\/\/clinicdpc.lt\/en\/oral-and-dental-surgery-2\/#primaryimage\"},\"image\":{\"@id\":\"https:\/\/clinicdpc.lt\/en\/oral-and-dental-surgery-2\/#primaryimage\"},\"thumbnailUrl\":\"https:\/\/clinicdpc.lt\/wp-content\/uploads\/2024\/07\/Untitled-design-14.webp\",\"datePublished\":\"2024-07-29T13:18:02+00:00\",\"breadcrumb\":{\"@id\":\"https:\/\/clinicdpc.lt\/en\/oral-and-dental-surgery-2\/#breadcrumb\"},\"inLanguage\":\"en-US\",\"potentialAction\":[{\"@type\":\"ReadAction\",\"target\":[\"https:\/\/clinicdpc.lt\/en\/oral-and-dental-surgery-2\/\"]}]},{\"@type\":\"ImageObject\",\"inLanguage\":\"en-US\",\"@id\":\"https:\/\/clinicdpc.lt\/en\/oral-and-dental-surgery-2\/#primaryimage\",\"url\":\"https:\/\/clinicdpc.lt\/wp-content\/uploads\/2024\/07\/Untitled-design-14.webp\",\"contentUrl\":\"https:\/\/clinicdpc.lt\/wp-content\/uploads\/2024\/07\/Untitled-design-14.webp\",\"width\":1920,\"height\":640},{\"@type\":\"BreadcrumbList\",\"@id\":\"https:\/\/clinicdpc.lt\/en\/oral-and-dental-surgery-2\/#breadcrumb\",\"itemListElement\":[{\"@type\":\"ListItem\",\"position\":1,\"name\":\"Pagrindinis\",\"item\":\"https:\/\/clinicdpc.lt\/en\/homepage\/\"},{\"@type\":\"ListItem\",\"position\":2,\"name\":\"Oral and dental surgery\"}]},{\"@type\":\"WebSite\",\"@id\":\"https:\/\/clinicdpc.lt\/en\/#website\",\"url\":\"https:\/\/clinicdpc.lt\/en\/\",\"name\":\"CLINIC | DPC\",\"description\":\"\",\"publisher\":{\"@id\":\"https:\/\/clinicdpc.lt\/en\/#organization\"},\"potentialAction\":[{\"@type\":\"SearchAction\",\"target\":{\"@type\":\"EntryPoint\",\"urlTemplate\":\"https:\/\/clinicdpc.lt\/en\/?s={search_term_string}\"},\"query-input\":{\"@type\":\"PropertyValueSpecification\",\"valueRequired\":true,\"valueName\":\"search_term_string\"}}],\"inLanguage\":\"en-US\"},{\"@type\":\"Organization\",\"@id\":\"https:\/\/clinicdpc.lt\/en\/#organization\",\"name\":\"Clinic DPC\",\"url\":\"https:\/\/clinicdpc.lt\/en\/\",\"logo\":{\"@type\":\"ImageObject\",\"inLanguage\":\"en-US\",\"@id\":\"https:\/\/clinicdpc.lt\/en\/#\/schema\/logo\/image\/\",\"url\":\"https:\/\/clinicdpc.lt\/wp-content\/uploads\/2024\/07\/dpc-02.svg\",\"contentUrl\":\"https:\/\/clinicdpc.lt\/wp-content\/uploads\/2024\/07\/dpc-02.svg\",\"width\":138,\"height\":25,\"caption\":\"Clinic DPC\"},\"image\":{\"@id\":\"https:\/\/clinicdpc.lt\/en\/#\/schema\/logo\/image\/\"},\"sameAs\":[\"https:\/\/www.facebook.com\/clinicdpc\",\"https:\/\/www.instagram.com\/clinicdpc\/\",\"https:\/\/www.linkedin.com\/company\/clinic-dpc\/\"]}]}<\/script>\n<!-- \/ Yoast SEO plugin. -->","yoast_head_json":{"title":"Oral and dental surgery | DPC - Dant\u0173 prie\u017ei\u016bros centras","robots":{"index":"index","follow":"follow","max-snippet":"max-snippet:-1","max-image-preview":"max-image-preview:large","max-video-preview":"max-video-preview:-1"},"canonical":"https:\/\/clinicdpc.lt\/en\/oral-and-dental-surgery-2\/","og_locale":"en_US","og_type":"article","og_title":"Oral and dental surgery | DPC - Dant\u0173 prie\u017ei\u016bros centras","og_description":"CLINIC | DPC performs a wide variety of oral surgeries. Gingivectomy Gingivectomy is a procedure during which a doctor or an oral surgeon cuts away a part of the gums for the necessary treatment or aesthetic reasons. Flap surgery Flap surgery is a procedure for treating periodontitis. Your periodontist lifts The procedure involves lifting the...","og_url":"https:\/\/clinicdpc.lt\/en\/oral-and-dental-surgery-2\/","og_site_name":"DPC - Dant\u0173 prie\u017ei\u016bros centras","article_publisher":"https:\/\/www.facebook.com\/clinicdpc","og_image":[{"width":1920,"height":640,"url":"https:\/\/clinicdpc.lt\/wp-content\/uploads\/2024\/07\/Untitled-design-14.webp","type":"image\/webp"}],"twitter_card":"summary_large_image","twitter_misc":{"Est. reading time":"3 minutes"},"schema":{"@context":"https:\/\/schema.org","@graph":[{"@type":"WebPage","@id":"https:\/\/clinicdpc.lt\/en\/oral-and-dental-surgery-2\/","url":"https:\/\/clinicdpc.lt\/en\/oral-and-dental-surgery-2\/","name":"Oral and dental surgery | DPC - Dant\u0173 prie\u017ei\u016bros centras","isPartOf":{"@id":"https:\/\/clinicdpc.lt\/en\/#website"},"primaryImageOfPage":{"@id":"https:\/\/clinicdpc.lt\/en\/oral-and-dental-surgery-2\/#primaryimage"},"image":{"@id":"https:\/\/clinicdpc.lt\/en\/oral-and-dental-surgery-2\/#primaryimage"},"thumbnailUrl":"https:\/\/clinicdpc.lt\/wp-content\/uploads\/2024\/07\/Untitled-design-14.webp","datePublished":"2024-07-29T13:18:02+00:00","breadcrumb":{"@id":"https:\/\/clinicdpc.lt\/en\/oral-and-dental-surgery-2\/#breadcrumb"},"inLanguage":"en-US","potentialAction":[{"@type":"ReadAction","target":["https:\/\/clinicdpc.lt\/en\/oral-and-dental-surgery-2\/"]}]},{"@type":"ImageObject","inLanguage":"en-US","@id":"https:\/\/clinicdpc.lt\/en\/oral-and-dental-surgery-2\/#primaryimage","url":"https:\/\/clinicdpc.lt\/wp-content\/uploads\/2024\/07\/Untitled-design-14.webp","contentUrl":"https:\/\/clinicdpc.lt\/wp-content\/uploads\/2024\/07\/Untitled-design-14.webp","width":1920,"height":640},{"@type":"BreadcrumbList","@id":"https:\/\/clinicdpc.lt\/en\/oral-and-dental-surgery-2\/#breadcrumb","itemListElement":[{"@type":"ListItem","position":1,"name":"Pagrindinis","item":"https:\/\/clinicdpc.lt\/en\/homepage\/"},{"@type":"ListItem","position":2,"name":"Oral and dental surgery"}]},{"@type":"WebSite","@id":"https:\/\/clinicdpc.lt\/en\/#website","url":"https:\/\/clinicdpc.lt\/en\/","name":"CLINIC | DPC","description":"","publisher":{"@id":"https:\/\/clinicdpc.lt\/en\/#organization"},"potentialAction":[{"@type":"SearchAction","target":{"@type":"EntryPoint","urlTemplate":"https:\/\/clinicdpc.lt\/en\/?s={search_term_string}"},"query-input":{"@type":"PropertyValueSpecification","valueRequired":true,"valueName":"search_term_string"}}],"inLanguage":"en-US"},{"@type":"Organization","@id":"https:\/\/clinicdpc.lt\/en\/#organization","name":"Clinic DPC","url":"https:\/\/clinicdpc.lt\/en\/","logo":{"@type":"ImageObject","inLanguage":"en-US","@id":"https:\/\/clinicdpc.lt\/en\/#\/schema\/logo\/image\/","url":"https:\/\/clinicdpc.lt\/wp-content\/uploads\/2024\/07\/dpc-02.svg","contentUrl":"https:\/\/clinicdpc.lt\/wp-content\/uploads\/2024\/07\/dpc-02.svg","width":138,"height":25,"caption":"Clinic DPC"},"image":{"@id":"https:\/\/clinicdpc.lt\/en\/#\/schema\/logo\/image\/"},"sameAs":["https:\/\/www.facebook.com\/clinicdpc","https:\/\/www.instagram.com\/clinicdpc\/","https:\/\/www.linkedin.com\/company\/clinic-dpc\/"]}]}},"_links":{"self":[{"href":"https:\/\/clinicdpc.lt\/en\/wp-json\/wp\/v2\/pages\/8848","targetHints":{"allow":["GET"]}}],"collection":[{"href":"https:\/\/clinicdpc.lt\/en\/wp-json\/wp\/v2\/pages"}],"about":[{"href":"https:\/\/clinicdpc.lt\/en\/wp-json\/wp\/v2\/types\/page"}],"author":[{"embeddable":true,"href":"https:\/\/clinicdpc.lt\/en\/wp-json\/wp\/v2\/users\/16"}],"replies":[{"embeddable":true,"href":"https:\/\/clinicdpc.lt\/en\/wp-json\/wp\/v2\/comments?post=8848"}],"version-history":[{"count":1,"href":"https:\/\/clinicdpc.lt\/en\/wp-json\/wp\/v2\/pages\/8848\/revisions"}],"predecessor-version":[{"id":8851,"href":"https:\/\/clinicdpc.lt\/en\/wp-json\/wp\/v2\/pages\/8848\/revisions\/8851"}],"wp:featuredmedia":[{"embeddable":true,"href":"https:\/\/clinicdpc.lt\/en\/wp-json\/wp\/v2\/media\/8849"}],"wp:attachment":[{"href":"https:\/\/clinicdpc.lt\/en\/wp-json\/wp\/v2\/media?parent=8848"}],"curies":[{"name":"wp","href":"https:\/\/api.w.org\/{rel}","templated":true}]}}