{"id":940,"date":"2023-05-25T09:14:13","date_gmt":"2023-05-25T09:14:13","guid":{"rendered":"https:\/\/medicadent.mancanweb.com\/?page_id=940"},"modified":"2024-01-25T13:43:57","modified_gmt":"2024-01-25T13:43:57","slug":"general-dentistry","status":"publish","type":"page","link":"https:\/\/clinicdpc.lt\/en\/general-dentistry\/","title":{"rendered":"General dentistry"},"content":{"rendered":"<p>Conservative dentistry, also known as general dentistry, primarily focuses on treating dental caries (cavities). It encompasses a wide range of procedures and treatments aimed at preserving the patient&#8217;s natural teeth. Basic treatments in this field of dentistry include the treatment of tooth decay, restoration of damaged teeth using fillings and dental crowns, and treatment of pulp inflammations (nerve). The goal of conservative dentistry is to restore the function, appearance, and health of the patient&#8217;s natural teeth.<\/p>\n<p>&nbsp;<\/p>\n<p><img fetchpriority=\"high\" decoding=\"async\" class=\"alignnone wp-image-943 size-full\" src=\"https:\/\/clinicdpc.lt\/wp-content\/uploads\/2023\/05\/General-dentistry2-.png\" alt=\"\" width=\"1800\" height=\"800\" srcset=\"https:\/\/clinicdpc.lt\/wp-content\/uploads\/2023\/05\/General-dentistry2-.png 1800w, https:\/\/clinicdpc.lt\/wp-content\/uploads\/2023\/05\/General-dentistry2--600x267.png 600w, https:\/\/clinicdpc.lt\/wp-content\/uploads\/2023\/05\/General-dentistry2--300x133.png 300w, https:\/\/clinicdpc.lt\/wp-content\/uploads\/2023\/05\/General-dentistry2--1024x455.png 1024w, https:\/\/clinicdpc.lt\/wp-content\/uploads\/2023\/05\/General-dentistry2--768x341.png 768w, https:\/\/clinicdpc.lt\/wp-content\/uploads\/2023\/05\/General-dentistry2--1536x683.png 1536w, https:\/\/clinicdpc.lt\/wp-content\/uploads\/2023\/05\/General-dentistry2--960x427.png 960w\" sizes=\"(max-width: 1800px) 100vw, 1800px\" \/><\/p>\n<p>Treating tooth decay is crucial for maintaining oral health. It involves removing infected tissue and restoring the tooth. In our clinic, we use high-quality light-cured composite resin material in a full range of shades for fillings and tooth restorations. The color of the material is matched to the patient&#8217;s natural tooth color. The fillings are aesthetically pleasing, non-allergenic, and closely mimic the lost tooth tissue. A modern alternative to traditional fillings is inlays and onlays.<\/p>\n","protected":false},"excerpt":{"rendered":"<p>Conservative dentistry, also known as general dentistry, primarily focuses on treating dental caries (cavities). It encompasses a wide range of procedures and treatments aimed at preserving the patient&#8217;s natural teeth. Basic treatments in this field of dentistry include the treatment of tooth decay, restoration of damaged teeth using fillings and dental crowns, and treatment of&#8230;<\/p>\n","protected":false},"author":16,"featured_media":941,"parent":0,"menu_order":0,"comment_status":"closed","ping_status":"closed","template":"tp-services.php","meta":{"_acf_changed":false,"footnotes":""},"class_list":["post-940","page","type-page","status-publish","has-post-thumbnail","hentry"],"acf":[],"yoast_head":"<!-- This site is optimized with the Yoast SEO plugin v27.2 - https:\/\/yoast.com\/product\/yoast-seo-wordpress\/ -->\n<title>General dentistry | DPC - Dant\u0173 prie\u017ei\u016bros centras<\/title>\n<meta name=\"robots\" content=\"index, follow, max-snippet:-1, max-image-preview:large, max-video-preview:-1\" \/>\n<link rel=\"canonical\" href=\"https:\/\/clinicdpc.lt\/en\/general-dentistry\/\" \/>\n<meta property=\"og:locale\" content=\"en_US\" \/>\n<meta property=\"og:type\" content=\"article\" \/>\n<meta property=\"og:title\" content=\"General dentistry | DPC - Dant\u0173 prie\u017ei\u016bros centras\" \/>\n<meta property=\"og:description\" content=\"Conservative dentistry, also known as general dentistry, primarily focuses on treating dental caries (cavities). It encompasses a wide range of procedures and treatments aimed at preserving the patient&#8217;s natural teeth. Basic treatments in this field of dentistry include the treatment of tooth decay, restoration of damaged teeth using fillings and dental crowns, and treatment of...\" \/>\n<meta property=\"og:url\" content=\"https:\/\/clinicdpc.lt\/en\/general-dentistry\/\" \/>\n<meta property=\"og:site_name\" content=\"DPC - Dant\u0173 prie\u017ei\u016bros centras\" \/>\n<meta property=\"article:publisher\" content=\"https:\/\/www.facebook.com\/clinicdpc\" \/>\n<meta property=\"article:modified_time\" content=\"2024-01-25T13:43:57+00:00\" \/>\n<meta property=\"og:image\" content=\"https:\/\/clinicdpc.lt\/wp-content\/uploads\/2023\/05\/General-dentistry1-.png\" \/>\n\t<meta property=\"og:image:width\" content=\"1800\" \/>\n\t<meta property=\"og:image:height\" content=\"800\" \/>\n\t<meta property=\"og:image:type\" content=\"image\/png\" \/>\n<meta name=\"twitter:card\" content=\"summary_large_image\" \/>\n<meta name=\"twitter:label1\" content=\"Est. reading time\" \/>\n\t<meta name=\"twitter:data1\" content=\"1 minute\" \/>\n<script type=\"application\/ld+json\" class=\"yoast-schema-graph\">{\"@context\":\"https:\/\/schema.org\",\"@graph\":[{\"@type\":\"WebPage\",\"@id\":\"https:\/\/clinicdpc.lt\/en\/general-dentistry\/\",\"url\":\"https:\/\/clinicdpc.lt\/en\/general-dentistry\/\",\"name\":\"General dentistry | DPC - Dant\u0173 prie\u017ei\u016bros centras\",\"isPartOf\":{\"@id\":\"https:\/\/clinicdpc.lt\/en\/#website\"},\"primaryImageOfPage\":{\"@id\":\"https:\/\/clinicdpc.lt\/en\/general-dentistry\/#primaryimage\"},\"image\":{\"@id\":\"https:\/\/clinicdpc.lt\/en\/general-dentistry\/#primaryimage\"},\"thumbnailUrl\":\"https:\/\/clinicdpc.lt\/wp-content\/uploads\/2023\/05\/General-dentistry1-.png\",\"datePublished\":\"2023-05-25T09:14:13+00:00\",\"dateModified\":\"2024-01-25T13:43:57+00:00\",\"breadcrumb\":{\"@id\":\"https:\/\/clinicdpc.lt\/en\/general-dentistry\/#breadcrumb\"},\"inLanguage\":\"en-US\",\"potentialAction\":[{\"@type\":\"ReadAction\",\"target\":[\"https:\/\/clinicdpc.lt\/en\/general-dentistry\/\"]}]},{\"@type\":\"ImageObject\",\"inLanguage\":\"en-US\",\"@id\":\"https:\/\/clinicdpc.lt\/en\/general-dentistry\/#primaryimage\",\"url\":\"https:\/\/clinicdpc.lt\/wp-content\/uploads\/2023\/05\/General-dentistry1-.png\",\"contentUrl\":\"https:\/\/clinicdpc.lt\/wp-content\/uploads\/2023\/05\/General-dentistry1-.png\",\"width\":1800,\"height\":800},{\"@type\":\"BreadcrumbList\",\"@id\":\"https:\/\/clinicdpc.lt\/en\/general-dentistry\/#breadcrumb\",\"itemListElement\":[{\"@type\":\"ListItem\",\"position\":1,\"name\":\"Pagrindinis\",\"item\":\"https:\/\/clinicdpc.lt\/en\/homepage\/\"},{\"@type\":\"ListItem\",\"position\":2,\"name\":\"General dentistry\"}]},{\"@type\":\"WebSite\",\"@id\":\"https:\/\/clinicdpc.lt\/en\/#website\",\"url\":\"https:\/\/clinicdpc.lt\/en\/\",\"name\":\"CLINIC | DPC\",\"description\":\"\",\"publisher\":{\"@id\":\"https:\/\/clinicdpc.lt\/en\/#organization\"},\"potentialAction\":[{\"@type\":\"SearchAction\",\"target\":{\"@type\":\"EntryPoint\",\"urlTemplate\":\"https:\/\/clinicdpc.lt\/en\/?s={search_term_string}\"},\"query-input\":{\"@type\":\"PropertyValueSpecification\",\"valueRequired\":true,\"valueName\":\"search_term_string\"}}],\"inLanguage\":\"en-US\"},{\"@type\":\"Organization\",\"@id\":\"https:\/\/clinicdpc.lt\/en\/#organization\",\"name\":\"Clinic DPC\",\"url\":\"https:\/\/clinicdpc.lt\/en\/\",\"logo\":{\"@type\":\"ImageObject\",\"inLanguage\":\"en-US\",\"@id\":\"https:\/\/clinicdpc.lt\/en\/#\/schema\/logo\/image\/\",\"url\":\"https:\/\/clinicdpc.lt\/wp-content\/uploads\/2024\/07\/dpc-02.svg\",\"contentUrl\":\"https:\/\/clinicdpc.lt\/wp-content\/uploads\/2024\/07\/dpc-02.svg\",\"width\":138,\"height\":25,\"caption\":\"Clinic DPC\"},\"image\":{\"@id\":\"https:\/\/clinicdpc.lt\/en\/#\/schema\/logo\/image\/\"},\"sameAs\":[\"https:\/\/www.facebook.com\/clinicdpc\",\"https:\/\/www.instagram.com\/clinicdpc\/\",\"https:\/\/www.linkedin.com\/company\/clinic-dpc\/\"]}]}<\/script>\n<!-- \/ Yoast SEO plugin. -->","yoast_head_json":{"title":"General dentistry | DPC - Dant\u0173 prie\u017ei\u016bros centras","robots":{"index":"index","follow":"follow","max-snippet":"max-snippet:-1","max-image-preview":"max-image-preview:large","max-video-preview":"max-video-preview:-1"},"canonical":"https:\/\/clinicdpc.lt\/en\/general-dentistry\/","og_locale":"en_US","og_type":"article","og_title":"General dentistry | DPC - Dant\u0173 prie\u017ei\u016bros centras","og_description":"Conservative dentistry, also known as general dentistry, primarily focuses on treating dental caries (cavities). It encompasses a wide range of procedures and treatments aimed at preserving the patient&#8217;s natural teeth. Basic treatments in this field of dentistry include the treatment of tooth decay, restoration of damaged teeth using fillings and dental crowns, and treatment of...","og_url":"https:\/\/clinicdpc.lt\/en\/general-dentistry\/","og_site_name":"DPC - Dant\u0173 prie\u017ei\u016bros centras","article_publisher":"https:\/\/www.facebook.com\/clinicdpc","article_modified_time":"2024-01-25T13:43:57+00:00","og_image":[{"width":1800,"height":800,"url":"https:\/\/clinicdpc.lt\/wp-content\/uploads\/2023\/05\/General-dentistry1-.png","type":"image\/png"}],"twitter_card":"summary_large_image","twitter_misc":{"Est. reading time":"1 minute"},"schema":{"@context":"https:\/\/schema.org","@graph":[{"@type":"WebPage","@id":"https:\/\/clinicdpc.lt\/en\/general-dentistry\/","url":"https:\/\/clinicdpc.lt\/en\/general-dentistry\/","name":"General dentistry | DPC - Dant\u0173 prie\u017ei\u016bros centras","isPartOf":{"@id":"https:\/\/clinicdpc.lt\/en\/#website"},"primaryImageOfPage":{"@id":"https:\/\/clinicdpc.lt\/en\/general-dentistry\/#primaryimage"},"image":{"@id":"https:\/\/clinicdpc.lt\/en\/general-dentistry\/#primaryimage"},"thumbnailUrl":"https:\/\/clinicdpc.lt\/wp-content\/uploads\/2023\/05\/General-dentistry1-.png","datePublished":"2023-05-25T09:14:13+00:00","dateModified":"2024-01-25T13:43:57+00:00","breadcrumb":{"@id":"https:\/\/clinicdpc.lt\/en\/general-dentistry\/#breadcrumb"},"inLanguage":"en-US","potentialAction":[{"@type":"ReadAction","target":["https:\/\/clinicdpc.lt\/en\/general-dentistry\/"]}]},{"@type":"ImageObject","inLanguage":"en-US","@id":"https:\/\/clinicdpc.lt\/en\/general-dentistry\/#primaryimage","url":"https:\/\/clinicdpc.lt\/wp-content\/uploads\/2023\/05\/General-dentistry1-.png","contentUrl":"https:\/\/clinicdpc.lt\/wp-content\/uploads\/2023\/05\/General-dentistry1-.png","width":1800,"height":800},{"@type":"BreadcrumbList","@id":"https:\/\/clinicdpc.lt\/en\/general-dentistry\/#breadcrumb","itemListElement":[{"@type":"ListItem","position":1,"name":"Pagrindinis","item":"https:\/\/clinicdpc.lt\/en\/homepage\/"},{"@type":"ListItem","position":2,"name":"General dentistry"}]},{"@type":"WebSite","@id":"https:\/\/clinicdpc.lt\/en\/#website","url":"https:\/\/clinicdpc.lt\/en\/","name":"CLINIC | DPC","description":"","publisher":{"@id":"https:\/\/clinicdpc.lt\/en\/#organization"},"potentialAction":[{"@type":"SearchAction","target":{"@type":"EntryPoint","urlTemplate":"https:\/\/clinicdpc.lt\/en\/?s={search_term_string}"},"query-input":{"@type":"PropertyValueSpecification","valueRequired":true,"valueName":"search_term_string"}}],"inLanguage":"en-US"},{"@type":"Organization","@id":"https:\/\/clinicdpc.lt\/en\/#organization","name":"Clinic DPC","url":"https:\/\/clinicdpc.lt\/en\/","logo":{"@type":"ImageObject","inLanguage":"en-US","@id":"https:\/\/clinicdpc.lt\/en\/#\/schema\/logo\/image\/","url":"https:\/\/clinicdpc.lt\/wp-content\/uploads\/2024\/07\/dpc-02.svg","contentUrl":"https:\/\/clinicdpc.lt\/wp-content\/uploads\/2024\/07\/dpc-02.svg","width":138,"height":25,"caption":"Clinic DPC"},"image":{"@id":"https:\/\/clinicdpc.lt\/en\/#\/schema\/logo\/image\/"},"sameAs":["https:\/\/www.facebook.com\/clinicdpc","https:\/\/www.instagram.com\/clinicdpc\/","https:\/\/www.linkedin.com\/company\/clinic-dpc\/"]}]}},"_links":{"self":[{"href":"https:\/\/clinicdpc.lt\/en\/wp-json\/wp\/v2\/pages\/940","targetHints":{"allow":["GET"]}}],"collection":[{"href":"https:\/\/clinicdpc.lt\/en\/wp-json\/wp\/v2\/pages"}],"about":[{"href":"https:\/\/clinicdpc.lt\/en\/wp-json\/wp\/v2\/types\/page"}],"author":[{"embeddable":true,"href":"https:\/\/clinicdpc.lt\/en\/wp-json\/wp\/v2\/users\/16"}],"replies":[{"embeddable":true,"href":"https:\/\/clinicdpc.lt\/en\/wp-json\/wp\/v2\/comments?post=940"}],"version-history":[{"count":5,"href":"https:\/\/clinicdpc.lt\/en\/wp-json\/wp\/v2\/pages\/940\/revisions"}],"predecessor-version":[{"id":2101,"href":"https:\/\/clinicdpc.lt\/en\/wp-json\/wp\/v2\/pages\/940\/revisions\/2101"}],"wp:featuredmedia":[{"embeddable":true,"href":"https:\/\/clinicdpc.lt\/en\/wp-json\/wp\/v2\/media\/941"}],"wp:attachment":[{"href":"https:\/\/clinicdpc.lt\/en\/wp-json\/wp\/v2\/media?parent=940"}],"curies":[{"name":"wp","href":"https:\/\/api.w.org\/{rel}","templated":true}]}}